{"id":61661,"date":"2020-03-15T12:54:58","date_gmt":"2020-03-15T12:54:58","guid":{"rendered":"https:\/\/jardinexotiqueroscoff.com\/produit\/protea-scolymocephala\/"},"modified":"2025-11-24T13:32:20","modified_gmt":"2025-11-24T13:32:20","slug":"protea-scolymocephala","status":"publish","type":"product","link":"https:\/\/jardinexotiqueroscoff.com\/en\/produit\/protea-scolymocephala\/","title":{"rendered":"Protea scolymocephala"},"content":{"rendered":"<div id=\"dslc-theme-content\"><div id=\"dslc-theme-content-inner\"><div class=\"wpb-content-wrapper\"><p>[vc_row][vc_column][vc_column_text]Summary: Protea scolymocephala is a shrub in the Proteaceae family.<br \/>\n<!--more--><\/p>\n<p>Botanical name: Protea scolymocephala (L.) Reichard<\/p>\n<p>Family: Proteaceae<\/p>\n<p>Origin: South Africa<\/p>\n<p>Common name: prot\u00e9e, thistle prot\u00e9e, little green prot\u00e9e<\/p>\n<p>Hardiness: -6\u00b0C ? (We're not sure about this hardiness. One of our plants withstood short frosts of -4\u00b0C without difficulty).<\/p>\n<p>CCVS Collection<\/p>\n<p>IUCN Red List: VU (vulnerable plant)<\/p>\n<p><strong>Description<\/strong><\/p>\n<p>Protea scolymocephala forms a small bush 0.50 to 1.50 meters high. The inflorescences are smaller (35-45 mm in diameter) than those of other protae. In its native country, it grows on the sandy plains of the west coast between the seashore and 400 meters above sea level. Here, it blooms in spring. It is almost extinct in its habitat due to urbanization and the introduction of acacias.[\/vc_column_text][\/vc_column][\/vc_row]<\/p>\n<\/div><\/div><\/div>","protected":false},"excerpt":{"rendered":"<p>[vc_row][vc_column][vc_column_text]Summary: Protea scolymocephala is a shrub in the Proteaceae family.<\/p>\n","protected":false},"featured_media":60605,"template":"","meta":[],"product_brand":[],"product_cat":[526,523,522,482],"product_tag":[488,528,511],"class_list":{"0":"post-61661","1":"product","2":"type-product","3":"status-publish","4":"has-post-thumbnail","6":"product_cat-protea-en","7":"product_cat-proteaceae-en","8":"product_cat-proteus-en","9":"product_cat-south-africa","10":"product_tag-ccvs-collection","11":"product_tag-proteinaceous","12":"product_tag-shrub-en","14":"first","15":"instock","16":"featured","17":"shipping-taxable","18":"product-type-simple"},"_links":{"self":[{"href":"https:\/\/jardinexotiqueroscoff.com\/en\/wp-json\/wp\/v2\/product\/61661","targetHints":{"allow":["GET"]}}],"collection":[{"href":"https:\/\/jardinexotiqueroscoff.com\/en\/wp-json\/wp\/v2\/product"}],"about":[{"href":"https:\/\/jardinexotiqueroscoff.com\/en\/wp-json\/wp\/v2\/types\/product"}],"wp:featuredmedia":[{"embeddable":true,"href":"https:\/\/jardinexotiqueroscoff.com\/en\/wp-json\/wp\/v2\/media\/60605"}],"wp:attachment":[{"href":"https:\/\/jardinexotiqueroscoff.com\/en\/wp-json\/wp\/v2\/media?parent=61661"}],"wp:term":[{"taxonomy":"product_brand","embeddable":true,"href":"https:\/\/jardinexotiqueroscoff.com\/en\/wp-json\/wp\/v2\/product_brand?post=61661"},{"taxonomy":"product_cat","embeddable":true,"href":"https:\/\/jardinexotiqueroscoff.com\/en\/wp-json\/wp\/v2\/product_cat?post=61661"},{"taxonomy":"product_tag","embeddable":true,"href":"https:\/\/jardinexotiqueroscoff.com\/en\/wp-json\/wp\/v2\/product_tag?post=61661"}],"curies":[{"name":"wp","href":"https:\/\/api.w.org\/{rel}","templated":true}]}}