{"id":61648,"date":"2020-03-15T15:00:22","date_gmt":"2020-03-15T15:00:22","guid":{"rendered":"https:\/\/jardinexotiqueroscoff.com\/produit\/protea-grandiceps\/"},"modified":"2025-11-24T13:32:19","modified_gmt":"2025-11-24T13:32:19","slug":"protea-grandiceps","status":"publish","type":"product","link":"https:\/\/jardinexotiqueroscoff.com\/en\/produit\/protea-grandiceps\/","title":{"rendered":"Protea grandiceps"},"content":{"rendered":"<div id=\"dslc-theme-content\"><div id=\"dslc-theme-content-inner\"><div class=\"wpb-content-wrapper\"><p>[vc_row][vc_column][vc_column_text]Summary: Protea grandiceps is a plant in the Proteaceae family.<br \/>\n<!--more--><\/p>\n<p>Botanical name: Protea grandiceps Tratt.<\/p>\n<p>Family: Proteaceae<\/p>\n<p>Origin: South Africa<\/p>\n<p>Common name: prot\u00e9e, prot\u00e9e barbue, prot\u00e9e barbue rouge<\/p>\n<p>Hardiness: -7\u00b0C<\/p>\n<p>CCVS Collection<\/p>\n<p>IUCN Red List: NT (Near Threatened)<\/p>\n<p><strong>Description<\/strong><\/p>\n<p>Protea grandiceps is a slow-growing shrub that can reach 2 meters in height and 3 meters in width. Its habitat is generally dry, occasionally wet, on slopes at altitudes of between 1200 and 1700 meters. It needs extremely well-drained soil. We grow it on the rock. It flowers in spring.[\/vc_column_text][\/vc_column][\/vc_row]<\/p>\n<\/div><\/div><\/div>","protected":false},"excerpt":{"rendered":"<p>[vc_row][vc_column][vc_column_text]Summary: Protea grandiceps is a plant in the Proteaceae family.<\/p>\n","protected":false},"featured_media":60627,"template":"","meta":[],"product_brand":[],"product_cat":[482,526,523,522],"product_tag":[488,528,511],"class_list":{"0":"post-61648","1":"product","2":"type-product","3":"status-publish","4":"has-post-thumbnail","6":"product_cat-south-africa","7":"product_cat-protea-en","8":"product_cat-proteaceae-en","9":"product_cat-proteus-en","10":"product_tag-ccvs-collection","11":"product_tag-proteinaceous","12":"product_tag-shrub-en","14":"first","15":"instock","16":"featured","17":"shipping-taxable","18":"product-type-simple"},"_links":{"self":[{"href":"https:\/\/jardinexotiqueroscoff.com\/en\/wp-json\/wp\/v2\/product\/61648","targetHints":{"allow":["GET"]}}],"collection":[{"href":"https:\/\/jardinexotiqueroscoff.com\/en\/wp-json\/wp\/v2\/product"}],"about":[{"href":"https:\/\/jardinexotiqueroscoff.com\/en\/wp-json\/wp\/v2\/types\/product"}],"wp:featuredmedia":[{"embeddable":true,"href":"https:\/\/jardinexotiqueroscoff.com\/en\/wp-json\/wp\/v2\/media\/60627"}],"wp:attachment":[{"href":"https:\/\/jardinexotiqueroscoff.com\/en\/wp-json\/wp\/v2\/media?parent=61648"}],"wp:term":[{"taxonomy":"product_brand","embeddable":true,"href":"https:\/\/jardinexotiqueroscoff.com\/en\/wp-json\/wp\/v2\/product_brand?post=61648"},{"taxonomy":"product_cat","embeddable":true,"href":"https:\/\/jardinexotiqueroscoff.com\/en\/wp-json\/wp\/v2\/product_cat?post=61648"},{"taxonomy":"product_tag","embeddable":true,"href":"https:\/\/jardinexotiqueroscoff.com\/en\/wp-json\/wp\/v2\/product_tag?post=61648"}],"curies":[{"name":"wp","href":"https:\/\/api.w.org\/{rel}","templated":true}]}}