{"id":61642,"date":"2020-03-15T15:50:14","date_gmt":"2020-03-15T15:50:14","guid":{"rendered":"https:\/\/jardinexotiqueroscoff.com\/produit\/protea-coronata\/"},"modified":"2025-11-24T13:32:10","modified_gmt":"2025-11-24T13:32:10","slug":"protea-coronata","status":"publish","type":"product","link":"https:\/\/jardinexotiqueroscoff.com\/en\/produit\/protea-coronata\/","title":{"rendered":"Protea coronata"},"content":{"rendered":"<div id=\"dslc-theme-content\"><div id=\"dslc-theme-content-inner\"><div class=\"wpb-content-wrapper\"><p>[vc_row][vc_column][vc_column_text]Summary: Protea coronata is a shrub in the Proteaceae family.<br \/>\n<!--more--><\/p>\n<p>Botanical name: Protea coronata Lam.<\/p>\n<p>Family: Proteaceae<\/p>\n<p>Origin: South Africa<\/p>\n<p>Common name: prot\u00e9e, prot\u00e9e barbue, prot\u00e9e barbue verte<\/p>\n<p>Hardiness: -5\u00b0C<\/p>\n<p>CCVS Collection<\/p>\n<p>IUCN Red List: NT (Near Threatened)<\/p>\n<p><strong>Description<\/strong><\/p>\n<p>Protea coronata is a shrub 2 to 3 meters high. It grows in the Western Cape and Eastern Cape at altitudes of between 200 and 750 meters. It flowers in spring.[\/vc_column_text][\/vc_column][\/vc_row]<\/p>\n<\/div><\/div><\/div>","protected":false},"excerpt":{"rendered":"<p>[vc_row][vc_column][vc_column_text]Summary: Protea coronata is a shrub in the Proteaceae family.<\/p>\n","protected":false},"featured_media":60643,"template":"","meta":[],"product_brand":[],"product_cat":[526,523,522,482],"product_tag":[488,528,511],"class_list":{"0":"post-61642","1":"product","2":"type-product","3":"status-publish","4":"has-post-thumbnail","6":"product_cat-protea-en","7":"product_cat-proteaceae-en","8":"product_cat-proteus-en","9":"product_cat-south-africa","10":"product_tag-ccvs-collection","11":"product_tag-proteinaceous","12":"product_tag-shrub-en","14":"first","15":"instock","16":"featured","17":"shipping-taxable","18":"product-type-simple"},"_links":{"self":[{"href":"https:\/\/jardinexotiqueroscoff.com\/en\/wp-json\/wp\/v2\/product\/61642","targetHints":{"allow":["GET"]}}],"collection":[{"href":"https:\/\/jardinexotiqueroscoff.com\/en\/wp-json\/wp\/v2\/product"}],"about":[{"href":"https:\/\/jardinexotiqueroscoff.com\/en\/wp-json\/wp\/v2\/types\/product"}],"wp:featuredmedia":[{"embeddable":true,"href":"https:\/\/jardinexotiqueroscoff.com\/en\/wp-json\/wp\/v2\/media\/60643"}],"wp:attachment":[{"href":"https:\/\/jardinexotiqueroscoff.com\/en\/wp-json\/wp\/v2\/media?parent=61642"}],"wp:term":[{"taxonomy":"product_brand","embeddable":true,"href":"https:\/\/jardinexotiqueroscoff.com\/en\/wp-json\/wp\/v2\/product_brand?post=61642"},{"taxonomy":"product_cat","embeddable":true,"href":"https:\/\/jardinexotiqueroscoff.com\/en\/wp-json\/wp\/v2\/product_cat?post=61642"},{"taxonomy":"product_tag","embeddable":true,"href":"https:\/\/jardinexotiqueroscoff.com\/en\/wp-json\/wp\/v2\/product_tag?post=61642"}],"curies":[{"name":"wp","href":"https:\/\/api.w.org\/{rel}","templated":true}]}}