{"id":61458,"date":"2019-11-09T14:37:49","date_gmt":"2019-11-09T14:37:49","guid":{"rendered":"https:\/\/jardinexotiqueroscoff.com\/produit\/colletia-cruciata\/"},"modified":"2025-11-24T13:34:43","modified_gmt":"2025-11-24T13:34:43","slug":"colletia-cruciata","status":"publish","type":"product","link":"https:\/\/jardinexotiqueroscoff.com\/en\/produit\/colletia-cruciata\/","title":{"rendered":"Colletia cruciata"},"content":{"rendered":"<div id=\"dslc-theme-content\"><div id=\"dslc-theme-content-inner\"><div class=\"wpb-content-wrapper\"><p>[vc_row][vc_column][vc_column_text]Summary: Colletia cruciata is a thorny shrub of the Rhamnaceae family native to South America.<!--more--><\/p>\n<p>Botanical name: Colletia cruciata Gill. &amp; Hook.<\/p>\n<p>Synonyms: Colletia paradoxa (Spreng.) Escalante, Colletia bictanensis Lindl, Colletia bictoensis Lindl, Colletia exserta Klotzsch ex Reissek<\/p>\n<p>Family: Rhamnaceae<\/p>\n<p>Origin: South America (Argentina, Brazil, Chile, Uruguay)<\/p>\n<p>IUCN Red List: VU<\/p>\n<p>Common name: Coll\u00e9tie, coll\u00e9tie en forme de croix, coll\u00e9tie croisette<\/p>\n<p>Hardiness: zones 7-10 (-15\u00b0C for short periods)<\/p>\n<p>Colletia cruciata is a thorny shrub from southern South America (Argentina, Brazil, Chile, Uruguay) with triangular leaves ending in thorns. It slowly reaches 2 to 3 metres in height. It likes stony soil or rocks. The fragrant bloom attracts insects and takes place from late summer to late autumn.[\/vc_column_text][\/vc_column][\/vc_row]<\/p>\n<\/div><\/div><\/div>","protected":false},"excerpt":{"rendered":"<p>[vc_row][vc_column][vc_column_text]Summary: Colletia cruciata is a thorny shrub of the Rhamnaceae family native to South America.<\/p>\n","protected":false},"featured_media":60143,"template":"","meta":[],"product_brand":[],"product_cat":[648,471,632,542,649,647,470,624],"product_tag":[],"class_list":{"0":"post-61458","1":"product","2":"type-product","3":"status-publish","4":"has-post-thumbnail","6":"product_cat-colletia-en","7":"product_cat-argentina","8":"product_cat-brazil","9":"product_cat-chile","10":"product_cat-colletie-en","11":"product_cat-rhamnaceae-en","12":"product_cat-south-america","13":"product_cat-uruguay-en","15":"first","16":"instock","17":"featured","18":"shipping-taxable","19":"product-type-simple"},"_links":{"self":[{"href":"https:\/\/jardinexotiqueroscoff.com\/en\/wp-json\/wp\/v2\/product\/61458","targetHints":{"allow":["GET"]}}],"collection":[{"href":"https:\/\/jardinexotiqueroscoff.com\/en\/wp-json\/wp\/v2\/product"}],"about":[{"href":"https:\/\/jardinexotiqueroscoff.com\/en\/wp-json\/wp\/v2\/types\/product"}],"wp:featuredmedia":[{"embeddable":true,"href":"https:\/\/jardinexotiqueroscoff.com\/en\/wp-json\/wp\/v2\/media\/60143"}],"wp:attachment":[{"href":"https:\/\/jardinexotiqueroscoff.com\/en\/wp-json\/wp\/v2\/media?parent=61458"}],"wp:term":[{"taxonomy":"product_brand","embeddable":true,"href":"https:\/\/jardinexotiqueroscoff.com\/en\/wp-json\/wp\/v2\/product_brand?post=61458"},{"taxonomy":"product_cat","embeddable":true,"href":"https:\/\/jardinexotiqueroscoff.com\/en\/wp-json\/wp\/v2\/product_cat?post=61458"},{"taxonomy":"product_tag","embeddable":true,"href":"https:\/\/jardinexotiqueroscoff.com\/en\/wp-json\/wp\/v2\/product_tag?post=61458"}],"curies":[{"name":"wp","href":"https:\/\/api.w.org\/{rel}","templated":true}]}}