{"id":61784,"date":"2020-03-15T10:45:25","date_gmt":"2020-03-15T10:45:25","guid":{"rendered":"https:\/\/jardinexotiqueroscoff.com\/produit\/elegia-elephantina\/"},"modified":"2025-11-24T13:32:31","modified_gmt":"2025-11-24T13:32:31","slug":"elegia-elephantina","status":"publish","type":"product","link":"https:\/\/jardinexotiqueroscoff.com\/de\/produit\/elegia-elephantina\/","title":{"rendered":"Elegia elephantina"},"content":{"rendered":"<div id=\"dslc-theme-content\"><div id=\"dslc-theme-content-inner\"><div class=\"wpb-content-wrapper\"><p>[vc_row][vc_column][vc_column_text]Zusammenfassung: Elegia elephantina ist eine krautige Pflanze aus der Familie der Restionaceae.<br \/>\n<!--more--><\/p>\n<p>Botanischer Name: Elegia elephantina H.P. Linder<\/p>\n<p>Synonym: Chondropetalum elephantinum<\/p>\n<p>Familie: Restionaceae<\/p>\n<p>Herkunft: S\u00fcdafrika<\/p>\n<p>Allgemeine Bezeichnung: restio<\/p>\n<p>Winterh\u00e4rte: -8\u00b0C<\/p>\n<p>Sammlung CCVS<\/p>\n<p><strong>Beschreibung<\/strong><\/p>\n<p>Elegia elephantina ist eine krautige Pflanze aus der Familie der Restionaceae. Sie kann bis zu 1,50 m hoch und 1 m breit werden. Es gibt m\u00e4nnliche und weibliche Pflanzen. Die abgebildete Pflanze ist eine m\u00e4nnliche Pflanze. Die Restios ben\u00f6tigen Feuer, um zu keimen. Wir haben daher die Samen ger\u00e4uchert, um sie zum Keimen zu bringen.[\/vc_column_text][\/vc_column][\/vc_row]<\/p>\n<\/div><\/div><\/div>","protected":false},"excerpt":{"rendered":"<p>[vc_row][vc_column][vc_column_text]Zusammenfassung: Elegia elephantina ist eine krautige Pflanze aus der Familie der Restionaceae.<\/p>\n","protected":false},"featured_media":60568,"template":"","meta":[],"product_brand":[],"product_cat":[689,688,687,437],"product_tag":[799,690,439],"class_list":{"0":"post-61784","1":"product","2":"type-product","3":"status-publish","4":"has-post-thumbnail","6":"product_cat-elegia-de","7":"product_cat-restio-de","8":"product_cat-restionaceae-de","9":"product_cat-sudafrika","10":"product_tag-krautig","11":"product_tag-restio-de","12":"product_tag-sammlung-ccvs","14":"first","15":"instock","16":"featured","17":"shipping-taxable","18":"product-type-simple"},"_links":{"self":[{"href":"https:\/\/jardinexotiqueroscoff.com\/de\/wp-json\/wp\/v2\/product\/61784","targetHints":{"allow":["GET"]}}],"collection":[{"href":"https:\/\/jardinexotiqueroscoff.com\/de\/wp-json\/wp\/v2\/product"}],"about":[{"href":"https:\/\/jardinexotiqueroscoff.com\/de\/wp-json\/wp\/v2\/types\/product"}],"wp:featuredmedia":[{"embeddable":true,"href":"https:\/\/jardinexotiqueroscoff.com\/de\/wp-json\/wp\/v2\/media\/60568"}],"wp:attachment":[{"href":"https:\/\/jardinexotiqueroscoff.com\/de\/wp-json\/wp\/v2\/media?parent=61784"}],"wp:term":[{"taxonomy":"product_brand","embeddable":true,"href":"https:\/\/jardinexotiqueroscoff.com\/de\/wp-json\/wp\/v2\/product_brand?post=61784"},{"taxonomy":"product_cat","embeddable":true,"href":"https:\/\/jardinexotiqueroscoff.com\/de\/wp-json\/wp\/v2\/product_cat?post=61784"},{"taxonomy":"product_tag","embeddable":true,"href":"https:\/\/jardinexotiqueroscoff.com\/de\/wp-json\/wp\/v2\/product_tag?post=61784"}],"curies":[{"name":"wp","href":"https:\/\/api.w.org\/{rel}","templated":true}]}}