{"id":61773,"date":"2020-07-04T12:33:26","date_gmt":"2020-07-04T12:33:26","guid":{"rendered":"https:\/\/jardinexotiqueroscoff.com\/produit\/hakea-corymbosa\/"},"modified":"2025-11-24T13:32:01","modified_gmt":"2025-11-24T13:32:01","slug":"hakea-corymbosa","status":"publish","type":"product","link":"https:\/\/jardinexotiqueroscoff.com\/de\/produit\/hakea-corymbosa\/","title":{"rendered":"Hakea corymbosa"},"content":{"rendered":"<div id=\"dslc-theme-content\"><div id=\"dslc-theme-content-inner\"><div class=\"wpb-content-wrapper\"><p>[vc_row][vc_column][vc_column_text]Zusammenfassung: Hakea corymbosa ist ein Strauch aus der Familie der Proteaceae, der in Australien beheimatet ist.<br \/>\n<!--more--><\/p>\n<p>Botanischer Name: Hakea corymbosa R.Br.<\/p>\n<p>Familie: Proteaceae<\/p>\n<p>Herkunft: Australien<\/p>\n<p>Gew\u00f6hnlicher Name: Hak\u00e9a-Blumenkohl<\/p>\n<p>Winterh\u00e4rte: -6\u00b0C ?<\/p>\n<p><strong>Beschreibung<\/strong><\/p>\n<p>Hakea corymbosa ist ein Strauch aus der Familie der Proteaceae, der im S\u00fcdwesten Australiens beheimatet ist. In der Natur kann er bis zu 2 m hoch werden, bei uns wird er etwa 1 m hoch und 1,5 m breit. Die Bl\u00e4tter haben einen Enddorn. Die Bl\u00fctezeit ist im Fr\u00fchjahr. Wir kauften ihn 1999 in der Baumschule Railhet in Toulouse und pflanzten ihn im Jahr 2000.[\/vc_column_text][\/vc_column][\/vc_row]<\/p>\n<\/div><\/div><\/div>","protected":false},"excerpt":{"rendered":"<p>[vc_row][vc_column][vc_column_text]Zusammenfassung: Hakea corymbosa ist ein Strauch aus der Familie der Proteaceae, der in Australien beheimatet ist.<\/p>\n","protected":false},"featured_media":60724,"template":"","meta":[],"product_brand":[],"product_cat":[783,608,435],"product_tag":[517,438],"class_list":{"0":"post-61773","1":"product","2":"type-product","3":"status-publish","4":"has-post-thumbnail","6":"product_cat-hakea-de","7":"product_cat-australien","8":"product_cat-proteaceae-de","9":"product_tag-proteacea","10":"product_tag-strauch","12":"first","13":"instock","14":"featured","15":"shipping-taxable","16":"product-type-simple"},"_links":{"self":[{"href":"https:\/\/jardinexotiqueroscoff.com\/de\/wp-json\/wp\/v2\/product\/61773","targetHints":{"allow":["GET"]}}],"collection":[{"href":"https:\/\/jardinexotiqueroscoff.com\/de\/wp-json\/wp\/v2\/product"}],"about":[{"href":"https:\/\/jardinexotiqueroscoff.com\/de\/wp-json\/wp\/v2\/types\/product"}],"wp:featuredmedia":[{"embeddable":true,"href":"https:\/\/jardinexotiqueroscoff.com\/de\/wp-json\/wp\/v2\/media\/60724"}],"wp:attachment":[{"href":"https:\/\/jardinexotiqueroscoff.com\/de\/wp-json\/wp\/v2\/media?parent=61773"}],"wp:term":[{"taxonomy":"product_brand","embeddable":true,"href":"https:\/\/jardinexotiqueroscoff.com\/de\/wp-json\/wp\/v2\/product_brand?post=61773"},{"taxonomy":"product_cat","embeddable":true,"href":"https:\/\/jardinexotiqueroscoff.com\/de\/wp-json\/wp\/v2\/product_cat?post=61773"},{"taxonomy":"product_tag","embeddable":true,"href":"https:\/\/jardinexotiqueroscoff.com\/de\/wp-json\/wp\/v2\/product_tag?post=61773"}],"curies":[{"name":"wp","href":"https:\/\/api.w.org\/{rel}","templated":true}]}}