{"id":61770,"date":"2020-07-05T09:38:53","date_gmt":"2020-07-05T09:38:53","guid":{"rendered":"https:\/\/jardinexotiqueroscoff.com\/produit\/kniphofia-thomsonii\/"},"modified":"2025-11-24T13:32:01","modified_gmt":"2025-11-24T13:32:01","slug":"kniphofia-thomsonii","status":"publish","type":"product","link":"https:\/\/jardinexotiqueroscoff.com\/de\/produit\/kniphofia-thomsonii\/","title":{"rendered":"Kniphofia thomsonii"},"content":{"rendered":"<div id=\"dslc-theme-content\"><div id=\"dslc-theme-content-inner\"><div class=\"wpb-content-wrapper\"><p>[vc_row][vc_column][vc_column_text]Zusammenfassung: Kniphofia thomsonii ist eine Pflanze aus der Familie der Asphodelaceae.<br \/>\n<!--more--><\/p>\n<p>Botanischer Name: Kniphofia thomsonii Baker<\/p>\n<p>Synonym: Kniphofia rogersii<\/p>\n<p>Familie: Asphodelaceae<\/p>\n<p>Herkunft: \u00c4thiopien, Nord-Tansania<\/p>\n<p>Gebr\u00e4uchlicher Name: Tison de Satan<\/p>\n<p>Winterh\u00e4rte: Zone 7 (-17\u00b0C bis -12\u00b0C)<\/p>\n<p>Sammlung CCVS<\/p>\n<p><strong>Beschreibung<\/strong><\/p>\n<p>Kniphofia thomsonii ist eine mehrj\u00e4hrige Pflanze, die aus Ostafrika stammt, wo sie in gro\u00dfen H\u00f6hen wachsen kann. Das Laub ist immergr\u00fcn. Sie ist sehr trockenheitsresistent. Die Bl\u00fctezeit ist im Fr\u00fchjahr und Fr\u00fchsommer und wird bis zu 1 m hoch.[\/vc_column_text][\/vc_column][\/vc_row]<\/p>\n<\/div><\/div><\/div>","protected":false},"excerpt":{"rendered":"<p>[vc_row][vc_column][vc_column_text]Zusammenfassung: Kniphofia thomsonii ist eine Pflanze aus der Familie der Asphodelaceae.<\/p>\n","protected":false},"featured_media":60754,"template":"","meta":[],"product_brand":[],"product_cat":[494,492,787,788],"product_tag":[439,495],"class_list":{"0":"post-61770","1":"product","2":"type-product","3":"status-publish","4":"has-post-thumbnail","6":"product_cat-kniphofia-de","7":"product_cat-asphodelaceae-de","8":"product_cat-athiopien","9":"product_cat-tansania","10":"product_tag-sammlung-ccvs","11":"product_tag-zwiebel","13":"first","14":"instock","15":"featured","16":"shipping-taxable","17":"product-type-simple"},"_links":{"self":[{"href":"https:\/\/jardinexotiqueroscoff.com\/de\/wp-json\/wp\/v2\/product\/61770","targetHints":{"allow":["GET"]}}],"collection":[{"href":"https:\/\/jardinexotiqueroscoff.com\/de\/wp-json\/wp\/v2\/product"}],"about":[{"href":"https:\/\/jardinexotiqueroscoff.com\/de\/wp-json\/wp\/v2\/types\/product"}],"wp:featuredmedia":[{"embeddable":true,"href":"https:\/\/jardinexotiqueroscoff.com\/de\/wp-json\/wp\/v2\/media\/60754"}],"wp:attachment":[{"href":"https:\/\/jardinexotiqueroscoff.com\/de\/wp-json\/wp\/v2\/media?parent=61770"}],"wp:term":[{"taxonomy":"product_brand","embeddable":true,"href":"https:\/\/jardinexotiqueroscoff.com\/de\/wp-json\/wp\/v2\/product_brand?post=61770"},{"taxonomy":"product_cat","embeddable":true,"href":"https:\/\/jardinexotiqueroscoff.com\/de\/wp-json\/wp\/v2\/product_cat?post=61770"},{"taxonomy":"product_tag","embeddable":true,"href":"https:\/\/jardinexotiqueroscoff.com\/de\/wp-json\/wp\/v2\/product_tag?post=61770"}],"curies":[{"name":"wp","href":"https:\/\/api.w.org\/{rel}","templated":true}]}}