{"id":61767,"date":"2020-07-04T13:56:14","date_gmt":"2020-07-04T13:56:14","guid":{"rendered":"https:\/\/jardinexotiqueroscoff.com\/produit\/hakea-rostrata\/"},"modified":"2025-11-24T13:32:01","modified_gmt":"2025-11-24T13:32:01","slug":"hakea-rostrata","status":"publish","type":"product","link":"https:\/\/jardinexotiqueroscoff.com\/de\/produit\/hakea-rostrata\/","title":{"rendered":"Hakea rostrata"},"content":{"rendered":"<div id=\"dslc-theme-content\"><div id=\"dslc-theme-content-inner\"><div class=\"wpb-content-wrapper\"><p>[vc_row][vc_column][vc_column_text]Zusammenfassung: Hakea rostrata ist eine australische Pflanze aus der Familie der Proteaceae.<br \/>\n<!--more--><\/p>\n<p>Botanischer Name: Hakea rostrata F.Muell. ex Meisn.<\/p>\n<p>Familie: Proteaceae<\/p>\n<p>Herkunft: Australien<\/p>\n<p>Gew\u00f6hnlicher Name: Schnabelhak\u00e9a<\/p>\n<p>Winterh\u00e4rte: -5\u00b0C ?<\/p>\n<p><strong>Beschreibung<\/strong><\/p>\n<p>Hakea rostrata ist ein ausladender Strauch, der in Kultur 1 bis 3 m hoch wird und aus S\u00fcdaustralien, Victoria, stammt. Die Bl\u00e4tter sind zylindrisch und d\u00fcnn (2-15 cm lang und 0,8-1,7 mm breit). Die Bl\u00fcte ist cremefarben und findet im Winter statt.[\/vc_column_text][\/vc_column][\/vc_row]<\/p>\n<\/div><\/div><\/div>","protected":false},"excerpt":{"rendered":"<p>[vc_row][vc_column][vc_column_text]Zusammenfassung: Hakea rostrata ist eine australische Pflanze aus der Familie der Proteaceae.<\/p>\n","protected":false},"featured_media":60738,"template":"","meta":[],"product_brand":[],"product_cat":[783,608,435],"product_tag":[517,438],"class_list":{"0":"post-61767","1":"product","2":"type-product","3":"status-publish","4":"has-post-thumbnail","6":"product_cat-hakea-de","7":"product_cat-australien","8":"product_cat-proteaceae-de","9":"product_tag-proteacea","10":"product_tag-strauch","12":"first","13":"instock","14":"featured","15":"shipping-taxable","16":"product-type-simple"},"_links":{"self":[{"href":"https:\/\/jardinexotiqueroscoff.com\/de\/wp-json\/wp\/v2\/product\/61767","targetHints":{"allow":["GET"]}}],"collection":[{"href":"https:\/\/jardinexotiqueroscoff.com\/de\/wp-json\/wp\/v2\/product"}],"about":[{"href":"https:\/\/jardinexotiqueroscoff.com\/de\/wp-json\/wp\/v2\/types\/product"}],"wp:featuredmedia":[{"embeddable":true,"href":"https:\/\/jardinexotiqueroscoff.com\/de\/wp-json\/wp\/v2\/media\/60738"}],"wp:attachment":[{"href":"https:\/\/jardinexotiqueroscoff.com\/de\/wp-json\/wp\/v2\/media?parent=61767"}],"wp:term":[{"taxonomy":"product_brand","embeddable":true,"href":"https:\/\/jardinexotiqueroscoff.com\/de\/wp-json\/wp\/v2\/product_brand?post=61767"},{"taxonomy":"product_cat","embeddable":true,"href":"https:\/\/jardinexotiqueroscoff.com\/de\/wp-json\/wp\/v2\/product_cat?post=61767"},{"taxonomy":"product_tag","embeddable":true,"href":"https:\/\/jardinexotiqueroscoff.com\/de\/wp-json\/wp\/v2\/product_tag?post=61767"}],"curies":[{"name":"wp","href":"https:\/\/api.w.org\/{rel}","templated":true}]}}