{"id":61763,"date":"2020-07-07T13:59:29","date_gmt":"2020-07-07T13:59:29","guid":{"rendered":"https:\/\/jardinexotiqueroscoff.com\/produit\/pelargonium-sidioides\/"},"modified":"2025-11-24T13:31:36","modified_gmt":"2025-11-24T13:31:36","slug":"pelargonium-sidioides","status":"publish","type":"product","link":"https:\/\/jardinexotiqueroscoff.com\/de\/produit\/pelargonium-sidioides\/","title":{"rendered":"Pelargonium sidioides"},"content":{"rendered":"<div id=\"dslc-theme-content\"><div id=\"dslc-theme-content-inner\"><div class=\"wpb-content-wrapper\"><p>[vc_row][vc_column][vc_column_text]Zusammenfassung: Pelargonium sidioides ist eine mehrj\u00e4hrige Pflanze aus der Familie der Geraniaceae.<br \/>\n<!--more--><\/p>\n<p>Botanischer Name: Pelargonium sidioides DC.<\/p>\n<p>Familie: Geraniaceae<\/p>\n<p>Herkunft: S\u00fcdafrika (Eastern Cape, Free State, KwaZulu-Natal, Mpumalanga, North West)<\/p>\n<p>Gew\u00f6hnlicher Name: Schwarze Pelargonium, Afrikanische Geranie<\/p>\n<p>Winterh\u00e4rte: Zone 9 bis 12 (-7\u00b0C am tiefsten)<\/p>\n<p>IUCN Red List: LC (weniger betroffen)<\/p>\n<p><strong>Beschreibung<\/strong><\/p>\n<p>Pelargonium sidioides ist eine kleine mehrj\u00e4hrige Pflanze, die 25-30 cm hoch und ebenso breit ist. Die samtigen, leicht duftenden Bl\u00e4tter sind herzf\u00f6rmig und die Bl\u00fcten sind fast schwarz. Die Bl\u00fctezeit ist vom sp\u00e4ten Fr\u00fchjahr bis zum Sommer. Die Wurzeln sind dick. Der Extrakt aus den Wurzeln wird zur Behandlung von akuter Bronchitis, Erk\u00e4ltung und akuter Rhinosinusitis verwendet, obwohl seine Wirksamkeit nicht vollst\u00e4ndig wissenschaftlich belegt ist.[\/vc_column_text][\/vc_column][\/vc_row]<\/p>\n<\/div><\/div><\/div>","protected":false},"excerpt":{"rendered":"<p>[vc_row][vc_column][vc_column_text]Zusammenfassung: Pelargonium sidioides ist eine mehrj\u00e4hrige Pflanze aus der Familie der Geraniaceae.<\/p>\n","protected":false},"featured_media":60782,"template":"","meta":[],"product_brand":[],"product_cat":[738,737,437],"product_tag":[537],"class_list":{"0":"post-61763","1":"product","2":"type-product","3":"status-publish","4":"has-post-thumbnail","6":"product_cat-pelargonium-de","7":"product_cat-geraniaceae-de","8":"product_cat-sudafrika","9":"product_tag-mehrjahrig","11":"first","12":"instock","13":"featured","14":"shipping-taxable","15":"product-type-simple"},"_links":{"self":[{"href":"https:\/\/jardinexotiqueroscoff.com\/de\/wp-json\/wp\/v2\/product\/61763","targetHints":{"allow":["GET"]}}],"collection":[{"href":"https:\/\/jardinexotiqueroscoff.com\/de\/wp-json\/wp\/v2\/product"}],"about":[{"href":"https:\/\/jardinexotiqueroscoff.com\/de\/wp-json\/wp\/v2\/types\/product"}],"wp:featuredmedia":[{"embeddable":true,"href":"https:\/\/jardinexotiqueroscoff.com\/de\/wp-json\/wp\/v2\/media\/60782"}],"wp:attachment":[{"href":"https:\/\/jardinexotiqueroscoff.com\/de\/wp-json\/wp\/v2\/media?parent=61763"}],"wp:term":[{"taxonomy":"product_brand","embeddable":true,"href":"https:\/\/jardinexotiqueroscoff.com\/de\/wp-json\/wp\/v2\/product_brand?post=61763"},{"taxonomy":"product_cat","embeddable":true,"href":"https:\/\/jardinexotiqueroscoff.com\/de\/wp-json\/wp\/v2\/product_cat?post=61763"},{"taxonomy":"product_tag","embeddable":true,"href":"https:\/\/jardinexotiqueroscoff.com\/de\/wp-json\/wp\/v2\/product_tag?post=61763"}],"curies":[{"name":"wp","href":"https:\/\/api.w.org\/{rel}","templated":true}]}}