{"id":61760,"date":"2020-07-07T14:47:13","date_gmt":"2020-07-07T14:47:13","guid":{"rendered":"https:\/\/jardinexotiqueroscoff.com\/produit\/puya-hromadnikii\/"},"modified":"2025-11-24T13:31:36","modified_gmt":"2025-11-24T13:31:36","slug":"puya-hromadnikii","status":"publish","type":"product","link":"https:\/\/jardinexotiqueroscoff.com\/de\/produit\/puya-hromadnikii\/","title":{"rendered":"Puya hromadnikii"},"content":{"rendered":"<div id=\"dslc-theme-content\"><div id=\"dslc-theme-content-inner\"><div class=\"wpb-content-wrapper\"><p>[vc_row][vc_column][vc_column_text]Zusammenfassung: Puya hromadnikii ist eine kleine Pflanze aus der Familie der Bromeliengew\u00e4chse (Brom\u00e9liaceae).<br \/>\n<!--more--><\/p>\n<p>Botanischer Name: Puya hromadnikii Rauh<\/p>\n<p>Familie: Bromeliaceae<\/p>\n<p>Herkunft: Bolowien<\/p>\n<p>Gebr\u00e4uchlicher Name: aucun<\/p>\n<p>Winterh\u00e4rte: unbekannt<\/p>\n<p><strong>Beschreibung<\/strong><\/p>\n<p>Puya hromadnikii ist ein kleiner Puya, der im sp\u00e4ten Fr\u00fchjahr oder fr\u00fchen Sommer bl\u00fcht. Wir haben sie aus Samen ges\u00e4t, die von R. Hillman auf 2500 m, Bolivien, Cochabamba, Carrasco, Chimboata, Nr. RH3245b, unter dem Namen Puya sp. gesammelt wurden. Es handelt sich also um eine vorl\u00e4ufige Identifizierung.[\/vc_column_text][\/vc_column][\/vc_row]<\/p>\n<\/div><\/div><\/div>","protected":false},"excerpt":{"rendered":"<p>[vc_row][vc_column][vc_column_text]Zusammenfassung: Puya hromadnikii ist eine kleine Pflanze aus der Familie der Bromeliengew\u00e4chse (Brom\u00e9liaceae).<\/p>\n","protected":false},"featured_media":60794,"template":"","meta":[],"product_brand":[],"product_cat":[536,508,535,478],"product_tag":[776,538],"class_list":{"0":"post-61760","1":"product","2":"type-product","3":"status-publish","4":"has-post-thumbnail","6":"product_cat-puya-de","7":"product_cat-bolivien","8":"product_cat-bromeliaceae-de","9":"product_cat-sudamerika","10":"product_tag-busch","11":"product_tag-terrestrischer-epiphyt","13":"first","14":"instock","15":"featured","16":"shipping-taxable","17":"product-type-simple"},"_links":{"self":[{"href":"https:\/\/jardinexotiqueroscoff.com\/de\/wp-json\/wp\/v2\/product\/61760","targetHints":{"allow":["GET"]}}],"collection":[{"href":"https:\/\/jardinexotiqueroscoff.com\/de\/wp-json\/wp\/v2\/product"}],"about":[{"href":"https:\/\/jardinexotiqueroscoff.com\/de\/wp-json\/wp\/v2\/types\/product"}],"wp:featuredmedia":[{"embeddable":true,"href":"https:\/\/jardinexotiqueroscoff.com\/de\/wp-json\/wp\/v2\/media\/60794"}],"wp:attachment":[{"href":"https:\/\/jardinexotiqueroscoff.com\/de\/wp-json\/wp\/v2\/media?parent=61760"}],"wp:term":[{"taxonomy":"product_brand","embeddable":true,"href":"https:\/\/jardinexotiqueroscoff.com\/de\/wp-json\/wp\/v2\/product_brand?post=61760"},{"taxonomy":"product_cat","embeddable":true,"href":"https:\/\/jardinexotiqueroscoff.com\/de\/wp-json\/wp\/v2\/product_cat?post=61760"},{"taxonomy":"product_tag","embeddable":true,"href":"https:\/\/jardinexotiqueroscoff.com\/de\/wp-json\/wp\/v2\/product_tag?post=61760"}],"curies":[{"name":"wp","href":"https:\/\/api.w.org\/{rel}","templated":true}]}}