{"id":61756,"date":"2020-07-07T15:06:14","date_gmt":"2020-07-07T15:06:14","guid":{"rendered":"https:\/\/jardinexotiqueroscoff.com\/produit\/puya-spathacea\/"},"modified":"2025-11-24T13:31:20","modified_gmt":"2025-11-24T13:31:20","slug":"puya-spathacea","status":"publish","type":"product","link":"https:\/\/jardinexotiqueroscoff.com\/de\/produit\/puya-spathacea\/","title":{"rendered":"Puya spathacea"},"content":{"rendered":"<div id=\"dslc-theme-content\"><div id=\"dslc-theme-content-inner\"><div class=\"wpb-content-wrapper\"><p>[vc_row][vc_column][vc_column_text]Zusammenfassung: Puya spathacea ist eine Pflanze aus der Familie der Bromeliaceae.<br \/>\n<!--more--><\/p>\n<p>Botanischer Name: Puya spathacea (Gris.) Mez<\/p>\n<p>Familie: Bromeliaceae<\/p>\n<p>Herkunft: Argentinien, Bolivien<\/p>\n<p>Gew\u00f6hnlicher Name: puya<\/p>\n<p>Winterh\u00e4rte: -6\u00b0C oder -7\u00b0C<\/p>\n<p><strong>Beschreibung<\/strong><\/p>\n<p>Puya spathacea ist eine epiphytische, terrestrische Pflanze, die etwa 45 cm hoch und bis zu 1 m breit wird. Sie ist eine stachelige Pflanze, die auf steinigem Boden oder auf einem Felsen in voller Sonne gepflanzt werden sollte. Die Bl\u00fctezeit ist im sp\u00e4ten Fr\u00fchjahr. Wir s\u00e4ten die Pflanze 2008 aus Samen, die von R. Hillman in Argentinien auf 1150 m, Cordoba, Punilla, La Falda, Nr. 1 RH2910a, gesammelt wurden. Wir pflanzten zwei Exemplare in den Jahren 2011 und 2014.[\/vc_column_text][\/vc_column][\/vc_row]<\/p>\n<\/div><\/div><\/div>","protected":false},"excerpt":{"rendered":"<p>[vc_row][vc_column][vc_column_text]Zusammenfassung: Puya spathacea ist eine Pflanze aus der Familie der Bromeliaceae.<\/p>\n","protected":false},"featured_media":60800,"template":"","meta":[],"product_brand":[],"product_cat":[536,479,535,478],"product_tag":[776,538],"class_list":{"0":"post-61756","1":"product","2":"type-product","3":"status-publish","4":"has-post-thumbnail","6":"product_cat-puya-de","7":"product_cat-argentinien","8":"product_cat-bromeliaceae-de","9":"product_cat-sudamerika","10":"product_tag-busch","11":"product_tag-terrestrischer-epiphyt","13":"first","14":"instock","15":"featured","16":"shipping-taxable","17":"product-type-simple"},"_links":{"self":[{"href":"https:\/\/jardinexotiqueroscoff.com\/de\/wp-json\/wp\/v2\/product\/61756","targetHints":{"allow":["GET"]}}],"collection":[{"href":"https:\/\/jardinexotiqueroscoff.com\/de\/wp-json\/wp\/v2\/product"}],"about":[{"href":"https:\/\/jardinexotiqueroscoff.com\/de\/wp-json\/wp\/v2\/types\/product"}],"wp:featuredmedia":[{"embeddable":true,"href":"https:\/\/jardinexotiqueroscoff.com\/de\/wp-json\/wp\/v2\/media\/60800"}],"wp:attachment":[{"href":"https:\/\/jardinexotiqueroscoff.com\/de\/wp-json\/wp\/v2\/media?parent=61756"}],"wp:term":[{"taxonomy":"product_brand","embeddable":true,"href":"https:\/\/jardinexotiqueroscoff.com\/de\/wp-json\/wp\/v2\/product_brand?post=61756"},{"taxonomy":"product_cat","embeddable":true,"href":"https:\/\/jardinexotiqueroscoff.com\/de\/wp-json\/wp\/v2\/product_cat?post=61756"},{"taxonomy":"product_tag","embeddable":true,"href":"https:\/\/jardinexotiqueroscoff.com\/de\/wp-json\/wp\/v2\/product_tag?post=61756"}],"curies":[{"name":"wp","href":"https:\/\/api.w.org\/{rel}","templated":true}]}}