{"id":61753,"date":"2020-07-07T15:57:31","date_gmt":"2020-07-07T15:57:31","guid":{"rendered":"https:\/\/jardinexotiqueroscoff.com\/produit\/ferocactus-histrix\/"},"modified":"2025-11-24T13:31:20","modified_gmt":"2025-11-24T13:31:20","slug":"ferocactus-histrix","status":"publish","type":"product","link":"https:\/\/jardinexotiqueroscoff.com\/de\/produit\/ferocactus-histrix\/","title":{"rendered":"Ferocactus histrix"},"content":{"rendered":"<div id=\"dslc-theme-content\"><div id=\"dslc-theme-content-inner\"><div class=\"wpb-content-wrapper\"><p>[vc_row][vc_column][vc_column_text]Zusammenfassung: Ferocactus histrix ist eine Pflanze aus der Familie der Cactaceae.<br \/>\n<!--more--><\/p>\n<p>Botanischer Name: Ferocactus histrix (DC.) G.E. Lindsay<\/p>\n<p>Familie: Cactaceae<\/p>\n<p>Herkunft: Mexiko<\/p>\n<p>Gew\u00f6hnliche Benennung: Kaktus, Kaktus f\u00e9roce<\/p>\n<p>Winterh\u00e4rte: -8\u00b0C bei vollst\u00e4ndiger Trockenheit<\/p>\n<p>IUCN Red List: NT (near threatened, fast gef\u00e4hrdet)<\/p>\n<p><strong>Beschreibung<\/strong><\/p>\n<p>Ferocactus histrix ist ein kugelf\u00f6rmiger Kaktus mit einem Durchmesser von 20 bis 40 cm und einer H\u00f6he von 40 bis 70 cm, der eine blassgr\u00fcne Farbe hat. Er ist in Nord- und Zentralmexiko beheimatet, wo die Trockenzeit im Winter liegt. Daher sollte er im Winter nicht gegossen werden. Die Bew\u00e4sserung erfolgt von M\u00e4rz bis Anfang November, wobei im Sommer am meisten gegossen wird. Zwischen den Bew\u00e4sserungen muss die Erde trocknen.[\/vc_column_text][\/vc_column][\/vc_row]<\/p>\n<\/div><\/div><\/div>","protected":false},"excerpt":{"rendered":"<p>[vc_row][vc_column][vc_column_text]Zusammenfassung: Ferocactus histrix ist eine Pflanze aus der Familie der Cactaceae.<\/p>\n","protected":false},"featured_media":60822,"template":"","meta":[],"product_brand":[],"product_cat":[461,500,462,458],"product_tag":[465,518,451],"class_list":{"0":"post-61753","1":"product","2":"type-product","3":"status-publish","4":"has-post-thumbnail","6":"product_cat-cactaceae-de","7":"product_cat-ferocactus-de","8":"product_cat-kaktus","9":"product_cat-mexiko","10":"product_tag-kaktus","11":"product_tag-rote-liste","12":"product_tag-sukkulente","14":"first","15":"instock","16":"featured","17":"shipping-taxable","18":"product-type-simple"},"_links":{"self":[{"href":"https:\/\/jardinexotiqueroscoff.com\/de\/wp-json\/wp\/v2\/product\/61753","targetHints":{"allow":["GET"]}}],"collection":[{"href":"https:\/\/jardinexotiqueroscoff.com\/de\/wp-json\/wp\/v2\/product"}],"about":[{"href":"https:\/\/jardinexotiqueroscoff.com\/de\/wp-json\/wp\/v2\/types\/product"}],"wp:featuredmedia":[{"embeddable":true,"href":"https:\/\/jardinexotiqueroscoff.com\/de\/wp-json\/wp\/v2\/media\/60822"}],"wp:attachment":[{"href":"https:\/\/jardinexotiqueroscoff.com\/de\/wp-json\/wp\/v2\/media?parent=61753"}],"wp:term":[{"taxonomy":"product_brand","embeddable":true,"href":"https:\/\/jardinexotiqueroscoff.com\/de\/wp-json\/wp\/v2\/product_brand?post=61753"},{"taxonomy":"product_cat","embeddable":true,"href":"https:\/\/jardinexotiqueroscoff.com\/de\/wp-json\/wp\/v2\/product_cat?post=61753"},{"taxonomy":"product_tag","embeddable":true,"href":"https:\/\/jardinexotiqueroscoff.com\/de\/wp-json\/wp\/v2\/product_tag?post=61753"}],"curies":[{"name":"wp","href":"https:\/\/api.w.org\/{rel}","templated":true}]}}