{"id":61752,"date":"2020-07-07T15:22:08","date_gmt":"2020-07-07T15:22:08","guid":{"rendered":"https:\/\/jardinexotiqueroscoff.com\/produit\/puya-tuberosa\/"},"modified":"2025-11-24T13:31:20","modified_gmt":"2025-11-24T13:31:20","slug":"puya-tuberosa","status":"publish","type":"product","link":"https:\/\/jardinexotiqueroscoff.com\/de\/produit\/puya-tuberosa\/","title":{"rendered":"Puya tuberosa"},"content":{"rendered":"<div id=\"dslc-theme-content\"><div id=\"dslc-theme-content-inner\"><div class=\"wpb-content-wrapper\"><p>[vc_row][vc_column][vc_column_text]Zusammenfassung: Puya tuberosa ist eine kleine Pflanze aus der Familie der Bromeliaceae.<br \/>\n<!--more--><\/p>\n<p>Botanischer Name: Puya tuberosa Mez<\/p>\n<p>Familie: Bromeliaceae<\/p>\n<p>Herkunft: Bolivien<\/p>\n<p>Gew\u00f6hnlicher Name: puya<\/p>\n<p>Winterh\u00e4rte: -6\u00b0C oder -7\u00b0C?<\/p>\n<p><strong>Beschreibung<\/strong><\/p>\n<p>Puya tuberosa ist ein kleiner, terrestrischer Epiphyt, der etwa 20-30 cm hoch und ebenso breit ist. Die stacheligen Bl\u00e4tter sind silbergrau. Die Bl\u00fcten erscheinen im sp\u00e4ten Fr\u00fchjahr.[\/vc_column_text][\/vc_column][\/vc_row]<\/p>\n<\/div><\/div><\/div>","protected":false},"excerpt":{"rendered":"<p>[vc_row][vc_column][vc_column_text]Zusammenfassung: Puya tuberosa ist eine kleine Pflanze aus der Familie der Bromeliaceae.<\/p>\n","protected":false},"featured_media":60810,"template":"","meta":[],"product_brand":[],"product_cat":[536,508,535,478],"product_tag":[776,538],"class_list":{"0":"post-61752","1":"product","2":"type-product","3":"status-publish","4":"has-post-thumbnail","6":"product_cat-puya-de","7":"product_cat-bolivien","8":"product_cat-bromeliaceae-de","9":"product_cat-sudamerika","10":"product_tag-busch","11":"product_tag-terrestrischer-epiphyt","13":"first","14":"instock","15":"featured","16":"shipping-taxable","17":"product-type-simple"},"_links":{"self":[{"href":"https:\/\/jardinexotiqueroscoff.com\/de\/wp-json\/wp\/v2\/product\/61752","targetHints":{"allow":["GET"]}}],"collection":[{"href":"https:\/\/jardinexotiqueroscoff.com\/de\/wp-json\/wp\/v2\/product"}],"about":[{"href":"https:\/\/jardinexotiqueroscoff.com\/de\/wp-json\/wp\/v2\/types\/product"}],"wp:featuredmedia":[{"embeddable":true,"href":"https:\/\/jardinexotiqueroscoff.com\/de\/wp-json\/wp\/v2\/media\/60810"}],"wp:attachment":[{"href":"https:\/\/jardinexotiqueroscoff.com\/de\/wp-json\/wp\/v2\/media?parent=61752"}],"wp:term":[{"taxonomy":"product_brand","embeddable":true,"href":"https:\/\/jardinexotiqueroscoff.com\/de\/wp-json\/wp\/v2\/product_brand?post=61752"},{"taxonomy":"product_cat","embeddable":true,"href":"https:\/\/jardinexotiqueroscoff.com\/de\/wp-json\/wp\/v2\/product_cat?post=61752"},{"taxonomy":"product_tag","embeddable":true,"href":"https:\/\/jardinexotiqueroscoff.com\/de\/wp-json\/wp\/v2\/product_tag?post=61752"}],"curies":[{"name":"wp","href":"https:\/\/api.w.org\/{rel}","templated":true}]}}