{"id":61749,"date":"2020-07-07T16:21:40","date_gmt":"2020-07-07T16:21:40","guid":{"rendered":"https:\/\/jardinexotiqueroscoff.com\/produit\/melianthus-major\/"},"modified":"2025-11-24T13:31:20","modified_gmt":"2025-11-24T13:31:20","slug":"melianthus-major","status":"publish","type":"product","link":"https:\/\/jardinexotiqueroscoff.com\/de\/produit\/melianthus-major\/","title":{"rendered":"Melianthus major"},"content":{"rendered":"<div id=\"dslc-theme-content\"><div id=\"dslc-theme-content-inner\"><div class=\"wpb-content-wrapper\"><p>[vc_row][vc_column][vc_column_text]Zusammenfassung: Melianthus major ist eine Pflanze aus der Familie der Melianthaceae.<br \/>\n<!--more--><\/p>\n<p>Botanischer Name: Melianthus major L.<\/p>\n<p>Familie: Melianthaceae<\/p>\n<p>Herkunft: S\u00fcdafrika<\/p>\n<p>Gebr\u00e4uchlicher Name: Gro\u00dfe Melianthus, Zuckerbusch<\/p>\n<p>Winterh\u00e4rte: -8\u00b0C<\/p>\n<p>IUCN Red List: LC (weniger betroffen)<\/p>\n<p>Sammlung CCVS<\/p>\n<p><strong>Beschreibung<\/strong><\/p>\n<p>Melianthus major ist ein Strauch, der bis zu 2 m hoch werden kann. Die gut geschnittenen Bl\u00e4tter sind grau-bl\u00e4ulich und riechen nach Erdnuss, wenn man sie zerknittert. Die Bl\u00fcten, die im sp\u00e4ten Fr\u00fchjahr erscheinen, sind r\u00f6tlich und werden von pergamentartigen Fr\u00fcchten gefolgt. Die Bl\u00fcten sind Honigbienen und ihr Nektar wurde von den europ\u00e4ischen Siedlern, die nach S\u00fcdafrika kamen, als Ersatz f\u00fcr Honig verwendet. Der Rest der Pflanze sollte jedoch nicht verzehrt werden, da er giftig ist. Die Pflanze ben\u00f6tigt einen durchl\u00e4ssigen Boden.[\/vc_column_text][\/vc_column][\/vc_row]<\/p>\n<\/div><\/div><\/div>","protected":false},"excerpt":{"rendered":"<p>[vc_row][vc_column][vc_column_text]Zusammenfassung: Melianthus major ist eine Pflanze aus der Familie der Melianthaceae.<\/p>\n","protected":false},"featured_media":60830,"template":"","meta":[],"product_brand":[],"product_cat":[437,759,774],"product_tag":[518,439,438],"class_list":{"0":"post-61749","1":"product","2":"type-product","3":"status-publish","4":"has-post-thumbnail","6":"product_cat-sudafrika","7":"product_cat-melianthaceae-de","8":"product_cat-melianthus-de","9":"product_tag-rote-liste","10":"product_tag-sammlung-ccvs","11":"product_tag-strauch","13":"first","14":"instock","15":"featured","16":"shipping-taxable","17":"product-type-simple"},"_links":{"self":[{"href":"https:\/\/jardinexotiqueroscoff.com\/de\/wp-json\/wp\/v2\/product\/61749","targetHints":{"allow":["GET"]}}],"collection":[{"href":"https:\/\/jardinexotiqueroscoff.com\/de\/wp-json\/wp\/v2\/product"}],"about":[{"href":"https:\/\/jardinexotiqueroscoff.com\/de\/wp-json\/wp\/v2\/types\/product"}],"wp:featuredmedia":[{"embeddable":true,"href":"https:\/\/jardinexotiqueroscoff.com\/de\/wp-json\/wp\/v2\/media\/60830"}],"wp:attachment":[{"href":"https:\/\/jardinexotiqueroscoff.com\/de\/wp-json\/wp\/v2\/media?parent=61749"}],"wp:term":[{"taxonomy":"product_brand","embeddable":true,"href":"https:\/\/jardinexotiqueroscoff.com\/de\/wp-json\/wp\/v2\/product_brand?post=61749"},{"taxonomy":"product_cat","embeddable":true,"href":"https:\/\/jardinexotiqueroscoff.com\/de\/wp-json\/wp\/v2\/product_cat?post=61749"},{"taxonomy":"product_tag","embeddable":true,"href":"https:\/\/jardinexotiqueroscoff.com\/de\/wp-json\/wp\/v2\/product_tag?post=61749"}],"curies":[{"name":"wp","href":"https:\/\/api.w.org\/{rel}","templated":true}]}}