{"id":61748,"date":"2020-07-07T15:40:20","date_gmt":"2020-07-07T15:40:20","guid":{"rendered":"https:\/\/jardinexotiqueroscoff.com\/produit\/trichocereus-schickendantzii\/"},"modified":"2025-11-24T13:31:20","modified_gmt":"2025-11-24T13:31:20","slug":"trichocereus-schickendantzii","status":"publish","type":"product","link":"https:\/\/jardinexotiqueroscoff.com\/de\/produit\/trichocereus-schickendantzii\/","title":{"rendered":"Trichocereus schickendantzii"},"content":{"rendered":"<div id=\"dslc-theme-content\"><div id=\"dslc-theme-content-inner\"><div class=\"wpb-content-wrapper\"><p>[vc_row][vc_column][vc_column_text]Zusammenfassung: Trichocereus schickendantzii ist eine Pflanze aus der Familie der Cactaceae.<br \/>\n<!--more--><\/p>\n<p>Botanischer Name: Trichocereus schickendantzii (F.A.C. Weber) Britton &amp; Rose<\/p>\n<p>Synonym: Echinopsis schickendantzii<\/p>\n<p>Familie: Cactaceae<\/p>\n<p>Herkunft: Argentinien<\/p>\n<p>Gew\u00f6hnliche Benennung: Kaktus<\/p>\n<p>Winterh\u00e4rte: -9\u00b0C (nicht vor Regen gesch\u00fctzt) bis -15\u00b0C (vor Regen gesch\u00fctzt)<\/p>\n<p><strong>Beschreibung<\/strong><\/p>\n<p>Trichocereus schickendantzii ist ein s\u00e4ulenf\u00f6rmiger Kaktus, der mehrere St\u00e4ngel aus dem Boden bildet und bis zu 80 cm hoch wachsen kann, aber die St\u00e4ngel fallen oft um und kriechen. Die Bl\u00fctezeit beginnt im sp\u00e4ten Fr\u00fchjahr.[\/vc_column_text][\/vc_column][\/vc_row]<\/p>\n<\/div><\/div><\/div>","protected":false},"excerpt":{"rendered":"<p>[vc_row][vc_column][vc_column_text]Zusammenfassung: Trichocereus schickendantzii ist eine Pflanze aus der Familie der Cactaceae.<\/p>\n","protected":false},"featured_media":60816,"template":"","meta":[],"product_brand":[],"product_cat":[481,479,461,483,478],"product_tag":[465,438,451],"class_list":{"0":"post-61748","1":"product","2":"type-product","3":"status-publish","4":"has-post-thumbnail","6":"product_cat-trichocereus-de","7":"product_cat-argentinien","8":"product_cat-cactaceae-de","9":"product_cat-echinopsis-de","10":"product_cat-sudamerika","11":"product_tag-kaktus","12":"product_tag-strauch","13":"product_tag-sukkulente","15":"first","16":"instock","17":"featured","18":"shipping-taxable","19":"product-type-simple"},"_links":{"self":[{"href":"https:\/\/jardinexotiqueroscoff.com\/de\/wp-json\/wp\/v2\/product\/61748","targetHints":{"allow":["GET"]}}],"collection":[{"href":"https:\/\/jardinexotiqueroscoff.com\/de\/wp-json\/wp\/v2\/product"}],"about":[{"href":"https:\/\/jardinexotiqueroscoff.com\/de\/wp-json\/wp\/v2\/types\/product"}],"wp:featuredmedia":[{"embeddable":true,"href":"https:\/\/jardinexotiqueroscoff.com\/de\/wp-json\/wp\/v2\/media\/60816"}],"wp:attachment":[{"href":"https:\/\/jardinexotiqueroscoff.com\/de\/wp-json\/wp\/v2\/media?parent=61748"}],"wp:term":[{"taxonomy":"product_brand","embeddable":true,"href":"https:\/\/jardinexotiqueroscoff.com\/de\/wp-json\/wp\/v2\/product_brand?post=61748"},{"taxonomy":"product_cat","embeddable":true,"href":"https:\/\/jardinexotiqueroscoff.com\/de\/wp-json\/wp\/v2\/product_cat?post=61748"},{"taxonomy":"product_tag","embeddable":true,"href":"https:\/\/jardinexotiqueroscoff.com\/de\/wp-json\/wp\/v2\/product_tag?post=61748"}],"curies":[{"name":"wp","href":"https:\/\/api.w.org\/{rel}","templated":true}]}}