{"id":61746,"date":"2021-01-26T17:04:33","date_gmt":"2021-01-26T17:04:33","guid":{"rendered":"https:\/\/jardinexotiqueroscoff.com\/produit\/anigozanthos-flavidus\/"},"modified":"2025-11-24T13:30:57","modified_gmt":"2025-11-24T13:30:57","slug":"anigozanthos-flavidus","status":"publish","type":"product","link":"https:\/\/jardinexotiqueroscoff.com\/de\/produit\/anigozanthos-flavidus\/","title":{"rendered":"Anigozanthos flavidus"},"content":{"rendered":"<div id=\"dslc-theme-content\"><div id=\"dslc-theme-content-inner\"><p>Botanischer Name: Anigozanthos flavidus DC<\/p>\n<p>Synonyme: Anigosia flavida, Anigozanthos coccineus, A. flavescens, A. flavidus var. bicolor, A. grandiflorus, A. manglesii, Schwaegrichenis flavida.<\/p>\n<p>Familie: Haemodoraceae<\/p>\n<p>Herkunft: Australien, S\u00fcdwesten<\/p>\n<p>Gebr\u00e4uchlicher Name: K\u00e4ngurupfote, Australian sword lily<\/p>\n<p>Winterh\u00e4rte: -5\u00b0C<\/p>\n<p>IUCN Red List: nein<\/p>\n<p>Anigozanthos flavidus ist eine immergr\u00fcne Staude aus der Familie der Haemodoraceae, die im S\u00fcdwesten Australiens beheimatet ist. Die Bl\u00e4tter sind immergr\u00fcn und zur Bl\u00fctezeit erreicht sie eine H\u00f6he von ca. 1 m oder mehr. Die Au\u00dfenseite der Bl\u00fcten ist mit gr\u00fcnen oder r\u00f6tlichen Haaren bedeckt. Der Bl\u00fctenstand soll wie ein K\u00e4nguru-Bein aussehen, daher der Name. Sie ben\u00f6tigt einen sehr gut drainierten, sauren Boden, da sie es nicht mag, wenn ihre F\u00fc\u00dfe in der Feuchtigkeit stehen, vor allem im Winter. Vorsicht: Schnecken und Nacktschnecken fressen gerne das Laub.<\/p>\n<p>Weitere Informationen: http:\/\/gardenbreizh.org\/modules\/gbdb\/plante-686-anigozanthos-flavidus.html<\/p>\n<\/div><\/div>","protected":false},"excerpt":{"rendered":"<p>Anigozanthos flavidus ist eine Pflanze aus der Familie der Haemodoraceae, die in Australien beheimatet ist.<\/p>\n","protected":false},"featured_media":60850,"template":"","meta":[],"product_brand":[],"product_cat":[772,608,771],"product_tag":[],"class_list":{"0":"post-61746","1":"product","2":"type-product","3":"status-publish","4":"has-post-thumbnail","6":"product_cat-anigozanthos-de","7":"product_cat-australien","8":"product_cat-haemodoraceae-de","10":"first","11":"instock","12":"featured","13":"shipping-taxable","14":"product-type-simple"},"_links":{"self":[{"href":"https:\/\/jardinexotiqueroscoff.com\/de\/wp-json\/wp\/v2\/product\/61746","targetHints":{"allow":["GET"]}}],"collection":[{"href":"https:\/\/jardinexotiqueroscoff.com\/de\/wp-json\/wp\/v2\/product"}],"about":[{"href":"https:\/\/jardinexotiqueroscoff.com\/de\/wp-json\/wp\/v2\/types\/product"}],"wp:featuredmedia":[{"embeddable":true,"href":"https:\/\/jardinexotiqueroscoff.com\/de\/wp-json\/wp\/v2\/media\/60850"}],"wp:attachment":[{"href":"https:\/\/jardinexotiqueroscoff.com\/de\/wp-json\/wp\/v2\/media?parent=61746"}],"wp:term":[{"taxonomy":"product_brand","embeddable":true,"href":"https:\/\/jardinexotiqueroscoff.com\/de\/wp-json\/wp\/v2\/product_brand?post=61746"},{"taxonomy":"product_cat","embeddable":true,"href":"https:\/\/jardinexotiqueroscoff.com\/de\/wp-json\/wp\/v2\/product_cat?post=61746"},{"taxonomy":"product_tag","embeddable":true,"href":"https:\/\/jardinexotiqueroscoff.com\/de\/wp-json\/wp\/v2\/product_tag?post=61746"}],"curies":[{"name":"wp","href":"https:\/\/api.w.org\/{rel}","templated":true}]}}