{"id":61743,"date":"2021-01-28T12:46:11","date_gmt":"2021-01-28T12:46:11","guid":{"rendered":"https:\/\/jardinexotiqueroscoff.com\/produit\/cotyledon-velutina\/"},"modified":"2025-11-24T13:36:08","modified_gmt":"2025-11-24T13:36:08","slug":"cotyledon-velutina","status":"publish","type":"product","link":"https:\/\/jardinexotiqueroscoff.com\/de\/produit\/cotyledon-velutina\/","title":{"rendered":"Cotyledon velutina"},"content":{"rendered":"<div id=\"dslc-theme-content\"><div id=\"dslc-theme-content-inner\"><p>Botanischer Name: Cotyledon velutina Hook.f.<\/p>\n<p>Synonyme: Cotyledon beckeri, Cotyledon mollis, Cotyledon velutina var. beckeri<\/p>\n<p>Familie: Crassulaceae<\/p>\n<p>Herkunft: S\u00fcdafrika, Ostkap, KwaZulu-Natal<\/p>\n<p>Gebr\u00e4uchlicher Name: Kotyledon<\/p>\n<p>Winterh\u00e4rte: -4\u00b0C ohne Gewissheit<\/p>\n<p>IUCN Red List: LC<\/p>\n<p>Cotyledon velutina ist ein Strauch mit sukkulenten Bl\u00e4ttern, der in subtropischen Dickichten w\u00e4chst und 2-3 m hoch werden kann. Die Bl\u00fcte ist orange und h\u00e4ngt im Sommer. Dies ist der gr\u00f6\u00dfte Vertreter der Gattung Cotyledon.<\/p>\n<p>Weitere Informationen: https:\/\/www.crassulaceae.ch\/de\/artikel?akID=29&amp;aaID=2&amp;aiID=V&amp;aID=2941<\/p>\n<\/div><\/div>","protected":false},"excerpt":{"rendered":"<p>Cotyledon velutina ist eine sukkulente Pflanze aus der Familie der Crassulaceae, die gr\u00f6\u00dfte der Gattung Cotyledon.<\/p>\n","protected":false},"featured_media":60870,"template":"","meta":[],"product_brand":[],"product_cat":[626,548,437],"product_tag":[],"class_list":{"0":"post-61743","1":"product","2":"type-product","3":"status-publish","4":"has-post-thumbnail","6":"product_cat-cotyledon-de","7":"product_cat-crassulaceae-de","8":"product_cat-sudafrika","10":"first","11":"instock","12":"shipping-taxable","13":"product-type-simple"},"_links":{"self":[{"href":"https:\/\/jardinexotiqueroscoff.com\/de\/wp-json\/wp\/v2\/product\/61743","targetHints":{"allow":["GET"]}}],"collection":[{"href":"https:\/\/jardinexotiqueroscoff.com\/de\/wp-json\/wp\/v2\/product"}],"about":[{"href":"https:\/\/jardinexotiqueroscoff.com\/de\/wp-json\/wp\/v2\/types\/product"}],"wp:featuredmedia":[{"embeddable":true,"href":"https:\/\/jardinexotiqueroscoff.com\/de\/wp-json\/wp\/v2\/media\/60870"}],"wp:attachment":[{"href":"https:\/\/jardinexotiqueroscoff.com\/de\/wp-json\/wp\/v2\/media?parent=61743"}],"wp:term":[{"taxonomy":"product_brand","embeddable":true,"href":"https:\/\/jardinexotiqueroscoff.com\/de\/wp-json\/wp\/v2\/product_brand?post=61743"},{"taxonomy":"product_cat","embeddable":true,"href":"https:\/\/jardinexotiqueroscoff.com\/de\/wp-json\/wp\/v2\/product_cat?post=61743"},{"taxonomy":"product_tag","embeddable":true,"href":"https:\/\/jardinexotiqueroscoff.com\/de\/wp-json\/wp\/v2\/product_tag?post=61743"}],"curies":[{"name":"wp","href":"https:\/\/api.w.org\/{rel}","templated":true}]}}