{"id":61741,"date":"2021-01-28T10:04:14","date_gmt":"2021-01-28T10:04:14","guid":{"rendered":"https:\/\/jardinexotiqueroscoff.com\/produit\/blechnum-tabulare\/"},"modified":"2025-11-24T13:30:56","modified_gmt":"2025-11-24T13:30:56","slug":"blechnum-tabulare","status":"publish","type":"product","link":"https:\/\/jardinexotiqueroscoff.com\/de\/produit\/blechnum-tabulare\/","title":{"rendered":"Blechnum tabulare"},"content":{"rendered":"<div id=\"dslc-theme-content\"><div id=\"dslc-theme-content-inner\"><p>Botanischer Name: Blechnum tabulare tThunb.) Kuhn<\/p>\n<p>Synonyme: Pteris tabularis (Basionyme), Lomariocycas tabularis<\/p>\n<p>Familie: Blechnaceae<\/p>\n<p>Herkunft: S\u00fcdafrika, Ostafrika, S\u00fcdliches Afrika, Madagaskar, La R\u00e9union, Maskarenen, Tristan da Cunha.<\/p>\n<p>Gebr\u00e4uchlicher Name: Falscher Osmonde<\/p>\n<p>Winterh\u00e4rte: -5\u00b0C -6\u00b0C<\/p>\n<p>IUCN Red List: LC<\/p>\n<p>Die Art wurde von Thunberg anhand eines Exemplars beschrieben, das auf dem Tafelberg in Kapstadt, S\u00fcdafrika, wuchs, daher der Name. Die fertilen Wedel sind differenziert und erscheinen in der Mitte des B\u00fcschels. Mit der Zeit bildet die Pflanze einen kleinen Stiel. Sie k\u00f6nnte durch die Entnahme von \u00e4lteren Pflanzen mit Stiel bedroht sein.<\/p>\n<\/div><\/div>","protected":false},"excerpt":{"rendered":"<p>Blechnum tabulare ist ein exotischer Farn aus der s\u00fcdlichen Hemisph\u00e4re, der im Laufe der Zeit einen kleinen Stiel bildet.<\/p>\n","protected":false},"featured_media":60860,"template":"","meta":[],"product_brand":[],"product_cat":[571,570,437],"product_tag":[],"class_list":{"0":"post-61741","1":"product","2":"type-product","3":"status-publish","4":"has-post-thumbnail","6":"product_cat-blechnum-de","7":"product_cat-blechnaceae-de","8":"product_cat-sudafrika","10":"first","11":"instock","12":"shipping-taxable","13":"product-type-simple"},"_links":{"self":[{"href":"https:\/\/jardinexotiqueroscoff.com\/de\/wp-json\/wp\/v2\/product\/61741","targetHints":{"allow":["GET"]}}],"collection":[{"href":"https:\/\/jardinexotiqueroscoff.com\/de\/wp-json\/wp\/v2\/product"}],"about":[{"href":"https:\/\/jardinexotiqueroscoff.com\/de\/wp-json\/wp\/v2\/types\/product"}],"wp:featuredmedia":[{"embeddable":true,"href":"https:\/\/jardinexotiqueroscoff.com\/de\/wp-json\/wp\/v2\/media\/60860"}],"wp:attachment":[{"href":"https:\/\/jardinexotiqueroscoff.com\/de\/wp-json\/wp\/v2\/media?parent=61741"}],"wp:term":[{"taxonomy":"product_brand","embeddable":true,"href":"https:\/\/jardinexotiqueroscoff.com\/de\/wp-json\/wp\/v2\/product_brand?post=61741"},{"taxonomy":"product_cat","embeddable":true,"href":"https:\/\/jardinexotiqueroscoff.com\/de\/wp-json\/wp\/v2\/product_cat?post=61741"},{"taxonomy":"product_tag","embeddable":true,"href":"https:\/\/jardinexotiqueroscoff.com\/de\/wp-json\/wp\/v2\/product_tag?post=61741"}],"curies":[{"name":"wp","href":"https:\/\/api.w.org\/{rel}","templated":true}]}}