{"id":61737,"date":"2021-01-28T11:09:20","date_gmt":"2021-01-28T11:09:20","guid":{"rendered":"https:\/\/jardinexotiqueroscoff.com\/produit\/cannomois-robusta\/"},"modified":"2025-11-24T13:30:55","modified_gmt":"2025-11-24T13:30:55","slug":"cannomois-robusta","status":"publish","type":"product","link":"https:\/\/jardinexotiqueroscoff.com\/de\/produit\/cannomois-robusta\/","title":{"rendered":"Cannomois robusta"},"content":{"rendered":"<div id=\"dslc-theme-content\"><div id=\"dslc-theme-content-inner\"><p>Botanischer Name: Cannomois robusta (Kunth) H.P.Linder<\/p>\n<p>Synonyme: Thamnochortus robustus Kunth<\/p>\n<p>Familie: Restionaceae<\/p>\n<p>Herkunft: S\u00fcdafrika<\/p>\n<p>Gebr\u00e4uchlicher Name: restio, cannomois<\/p>\n<p>Winterh\u00e4rte: -8\u00b0C (zu \u00fcberpr\u00fcfen und zu testen)<\/p>\n<p>IUCN Red List: LC<\/p>\n<p>Sammlung CCVS<\/p>\n<p>Cannomois robusta ist eine bambus\u00e4hnliche Pflanze aus der Familie der Restionaceae, die in S\u00fcdafrika beheimatet ist. Es gibt m\u00e4nnliches und weibliches Pflanzgut. Urspr\u00fcnglich war diese Art Teil von Cannomois virgata. Jetzt ist sie getrennt. Sie wird 1,5 m bis 2 m hoch. Wir haben nur zwei m\u00e4nnliche Pflanzen im Garten. Die Samen wurden in Bainskloof von Silverhill geerntet und 2010 als Cannomois virgata ausges\u00e4t. Da die 2011 gepflanzte Pflanze \u00fcber 1,70 m, aber nicht \u00fcber 2 m gro\u00df ist, haben wir sie als Cannomois robusta neu klassifiziert.<\/p>\n<p>Weitere Informationen: http:\/\/pza.sanbi.org\/cannomois-virgata<\/p>\n<\/div><\/div>","protected":false},"excerpt":{"rendered":"<p>Cannomois robusta ist eine bambus\u00e4hnliche Pflanze aus der Familie der Restionaceae, die eine H\u00f6he von 1,5 m bis 2 m erreichen kann.<\/p>\n","protected":false},"featured_media":60868,"template":"","meta":[],"product_brand":[],"product_cat":[768,688,687,437],"product_tag":[],"class_list":{"0":"post-61737","1":"product","2":"type-product","3":"status-publish","4":"has-post-thumbnail","6":"product_cat-cannomois-de","7":"product_cat-restio-de","8":"product_cat-restionaceae-de","9":"product_cat-sudafrika","11":"first","12":"instock","13":"shipping-taxable","14":"product-type-simple"},"_links":{"self":[{"href":"https:\/\/jardinexotiqueroscoff.com\/de\/wp-json\/wp\/v2\/product\/61737","targetHints":{"allow":["GET"]}}],"collection":[{"href":"https:\/\/jardinexotiqueroscoff.com\/de\/wp-json\/wp\/v2\/product"}],"about":[{"href":"https:\/\/jardinexotiqueroscoff.com\/de\/wp-json\/wp\/v2\/types\/product"}],"wp:featuredmedia":[{"embeddable":true,"href":"https:\/\/jardinexotiqueroscoff.com\/de\/wp-json\/wp\/v2\/media\/60868"}],"wp:attachment":[{"href":"https:\/\/jardinexotiqueroscoff.com\/de\/wp-json\/wp\/v2\/media?parent=61737"}],"wp:term":[{"taxonomy":"product_brand","embeddable":true,"href":"https:\/\/jardinexotiqueroscoff.com\/de\/wp-json\/wp\/v2\/product_brand?post=61737"},{"taxonomy":"product_cat","embeddable":true,"href":"https:\/\/jardinexotiqueroscoff.com\/de\/wp-json\/wp\/v2\/product_cat?post=61737"},{"taxonomy":"product_tag","embeddable":true,"href":"https:\/\/jardinexotiqueroscoff.com\/de\/wp-json\/wp\/v2\/product_tag?post=61737"}],"curies":[{"name":"wp","href":"https:\/\/api.w.org\/{rel}","templated":true}]}}