{"id":61736,"date":"2021-01-28T14:26:17","date_gmt":"2021-01-28T14:26:17","guid":{"rendered":"https:\/\/jardinexotiqueroscoff.com\/produit\/crocosmia-masoniorum\/"},"modified":"2025-11-24T13:36:08","modified_gmt":"2025-11-24T13:36:08","slug":"crocosmia-masoniorum","status":"publish","type":"product","link":"https:\/\/jardinexotiqueroscoff.com\/de\/produit\/crocosmia-masoniorum\/","title":{"rendered":"Crocosmia masoniorum"},"content":{"rendered":"<div id=\"dslc-theme-content\"><div id=\"dslc-theme-content-inner\"><p>Botanischer Name: Crocosmia masoniorum (L.Bolus) N.E.Brown<\/p>\n<p>Synonyme: Tritonia masoniorum<\/p>\n<p>Familie: Iridaceae<\/p>\n<p>Herkunft: S\u00fcdafrika<\/p>\n<p>Gebr\u00e4uchlicher Name: Montbretia, Crocosmia, Tritonia<\/p>\n<p>Winterh\u00e4rte: -25\u00b0C f\u00fcr den Teil im Untergeschoss<\/p>\n<p>IUCN Red List: nein<\/p>\n<p>Crocosmia masoniorum ist eine Kormi-Pflanze, deren Laub im Winter sommergr\u00fcn ist. Die Bl\u00e4tter sind breiter als bei den anderen Arten und h\u00e4ngen herab. Sie erreicht eine H\u00f6he von 80-90 cm. Die Bl\u00fcten sind auch gr\u00f6\u00dfer und im Sommer orangefarben. Sie ben\u00f6tigt einen durchl\u00e4ssigen Boden, Halbschatten oder Sonne.<\/p>\n<p>Weitere Informationen: http:\/\/gardenbreizh.org\/modules\/gbdb\/plante-445-crocosmia-masoniorum.html<\/p>\n<\/div><\/div>","protected":false},"excerpt":{"rendered":"<p>Crocosmia masoniorum ist eine sommergr\u00fcne Zwiebelpflanze, die im Sommer orange bl\u00fcht.<\/p>\n","protected":false},"featured_media":60894,"template":"","meta":[],"product_brand":[],"product_cat":[654,501,767,437],"product_tag":[],"class_list":{"0":"post-61736","1":"product","2":"type-product","3":"status-publish","4":"has-post-thumbnail","6":"product_cat-crocosmia-de","7":"product_cat-iridaceae-de","8":"product_cat-montbretia-de","9":"product_cat-sudafrika","11":"first","12":"instock","13":"shipping-taxable","14":"product-type-simple"},"_links":{"self":[{"href":"https:\/\/jardinexotiqueroscoff.com\/de\/wp-json\/wp\/v2\/product\/61736","targetHints":{"allow":["GET"]}}],"collection":[{"href":"https:\/\/jardinexotiqueroscoff.com\/de\/wp-json\/wp\/v2\/product"}],"about":[{"href":"https:\/\/jardinexotiqueroscoff.com\/de\/wp-json\/wp\/v2\/types\/product"}],"wp:featuredmedia":[{"embeddable":true,"href":"https:\/\/jardinexotiqueroscoff.com\/de\/wp-json\/wp\/v2\/media\/60894"}],"wp:attachment":[{"href":"https:\/\/jardinexotiqueroscoff.com\/de\/wp-json\/wp\/v2\/media?parent=61736"}],"wp:term":[{"taxonomy":"product_brand","embeddable":true,"href":"https:\/\/jardinexotiqueroscoff.com\/de\/wp-json\/wp\/v2\/product_brand?post=61736"},{"taxonomy":"product_cat","embeddable":true,"href":"https:\/\/jardinexotiqueroscoff.com\/de\/wp-json\/wp\/v2\/product_cat?post=61736"},{"taxonomy":"product_tag","embeddable":true,"href":"https:\/\/jardinexotiqueroscoff.com\/de\/wp-json\/wp\/v2\/product_tag?post=61736"}],"curies":[{"name":"wp","href":"https:\/\/api.w.org\/{rel}","templated":true}]}}