{"id":61733,"date":"2021-01-30T10:34:39","date_gmt":"2021-01-30T10:34:39","guid":{"rendered":"https:\/\/jardinexotiqueroscoff.com\/produit\/greyia-sutherlandii\/"},"modified":"2025-11-24T13:35:54","modified_gmt":"2025-11-24T13:35:54","slug":"greyia-sutherlandii","status":"publish","type":"product","link":"https:\/\/jardinexotiqueroscoff.com\/de\/produit\/greyia-sutherlandii\/","title":{"rendered":"Greyia sutherlandii"},"content":{"rendered":"<div id=\"dslc-theme-content\"><div id=\"dslc-theme-content-inner\"><p>Botanischer Name: Greyia sutherlandii Hook. &amp; Harv.<\/p>\n<p>Synonyme: keine<\/p>\n<p>Familie: Melianthaceae<\/p>\n<p>Herkunft: S\u00fcdafrika, Eastern Cape, Free State, KwaZulu-Natal, Limpopo, Mpumalanga<\/p>\n<p>Gebr\u00e4uchlicher Name: greyia, mountain bottlebrush<\/p>\n<p>Winterh\u00e4rte: -4\u00b0C bis -1\u00b0C.<\/p>\n<p>IUCN Red List: LC<\/p>\n<p>Greyia sutherlandii ist ein sommergr\u00fcner Strauch, der in seinem Habitat 3 bis 7 Meter hoch werden kann. Bei uns wurde er 1994 von Dino Pellizaro gekauft und 1995 gepflanzt. Wir haben zwei Exemplare, von denen das gr\u00f6\u00dfere wahrscheinlich 3 m hoch ist und sich gut ausbreitet. Diese Art ist an den H\u00e4ngen und K\u00e4mmen der Drakensberge bis zu einer H\u00f6he von 1800 m beheimatet. Die Bl\u00fcten sind orangerot und erscheinen im Juni.<\/p>\n<p>Weitere Informationen: http:\/\/pza.sanbi.org\/greyia-sutherlandii<\/p>\n<p>&nbsp;<\/p>\n<\/div><\/div>","protected":false},"excerpt":{"rendered":"<p>Greyia sutherlandii ist ein s\u00fcdafrikanischer Strauch mit sommergr\u00fcnen Bl\u00e4ttern und orangeroten Bl\u00fcten aus der Familie der Melianthaceae.<\/p>\n","protected":false},"featured_media":60914,"template":"","meta":[],"product_brand":[],"product_cat":[437,760,759],"product_tag":[],"class_list":{"0":"post-61733","1":"product","2":"type-product","3":"status-publish","4":"has-post-thumbnail","6":"product_cat-sudafrika","7":"product_cat-greyia-de","8":"product_cat-melianthaceae-de","10":"first","11":"instock","12":"shipping-taxable","13":"product-type-simple"},"_links":{"self":[{"href":"https:\/\/jardinexotiqueroscoff.com\/de\/wp-json\/wp\/v2\/product\/61733","targetHints":{"allow":["GET"]}}],"collection":[{"href":"https:\/\/jardinexotiqueroscoff.com\/de\/wp-json\/wp\/v2\/product"}],"about":[{"href":"https:\/\/jardinexotiqueroscoff.com\/de\/wp-json\/wp\/v2\/types\/product"}],"wp:featuredmedia":[{"embeddable":true,"href":"https:\/\/jardinexotiqueroscoff.com\/de\/wp-json\/wp\/v2\/media\/60914"}],"wp:attachment":[{"href":"https:\/\/jardinexotiqueroscoff.com\/de\/wp-json\/wp\/v2\/media?parent=61733"}],"wp:term":[{"taxonomy":"product_brand","embeddable":true,"href":"https:\/\/jardinexotiqueroscoff.com\/de\/wp-json\/wp\/v2\/product_brand?post=61733"},{"taxonomy":"product_cat","embeddable":true,"href":"https:\/\/jardinexotiqueroscoff.com\/de\/wp-json\/wp\/v2\/product_cat?post=61733"},{"taxonomy":"product_tag","embeddable":true,"href":"https:\/\/jardinexotiqueroscoff.com\/de\/wp-json\/wp\/v2\/product_tag?post=61733"}],"curies":[{"name":"wp","href":"https:\/\/api.w.org\/{rel}","templated":true}]}}