{"id":61732,"date":"2021-01-28T14:55:46","date_gmt":"2021-01-28T14:55:46","guid":{"rendered":"https:\/\/jardinexotiqueroscoff.com\/produit\/dymondia-margaretae\/"},"modified":"2025-11-24T13:36:06","modified_gmt":"2025-11-24T13:36:06","slug":"dymondia-margaretae","status":"publish","type":"product","link":"https:\/\/jardinexotiqueroscoff.com\/de\/produit\/dymondia-margaretae\/","title":{"rendered":"Dymondia margaretae"},"content":{"rendered":"<div id=\"dslc-theme-content\"><div id=\"dslc-theme-content-inner\"><p>Botanischer Name: Dymondia margaretae Compton<\/p>\n<p>Synonyme: keine<\/p>\n<p>Familie: Asteraceae<\/p>\n<p>Herkunft: S\u00fcdafrika<\/p>\n<p>Gew\u00f6hnlicher Name: dymondia<\/p>\n<p>Winterh\u00e4rte: -6\u00b0C bis -8\u00b0C<\/p>\n<p>IUCN Red List: Rare<\/p>\n<p>Dymondia margaretae ist ein Bodendecker f\u00fcr trockene B\u00f6den mit graugr\u00fcnem, unterseits silbrigem, immergr\u00fcnem Laub und kleinen, gelben, margeritenartigen Bl\u00fcten im Fr\u00fchjahr bis zum Fr\u00fchsommer. Die Pflanze ist in der Natur vom Aussterben bedroht und ist aufgrund der Landwirtschaft und der Invasion exotischer Pflanzen selten geworden.<\/p>\n<p>Weitere Informationen: https:\/\/jardin-sec.com\/jardin-sec_web\/fr\/FICHETECHNIQUE.awp?P1=Dymondia%20margaretae%20&amp;P2=FR<\/p>\n<p>http:\/\/redlist.sanbi.org\/species.php?species=3070-1<\/p>\n<\/div><\/div>","protected":false},"excerpt":{"rendered":"<p>Dymondia margaretae ist eine Bodendeckerpflanze f\u00fcr trockene B\u00f6den, die in der Natur vom Aussterben bedroht ist.<\/p>\n","protected":false},"featured_media":60900,"template":"","meta":[],"product_brand":[],"product_cat":[764,761,437],"product_tag":[],"class_list":{"0":"post-61732","1":"product","2":"type-product","3":"status-publish","4":"has-post-thumbnail","6":"product_cat-dymondia-de","7":"product_cat-asteraceae-de","8":"product_cat-sudafrika","10":"first","11":"instock","12":"shipping-taxable","13":"product-type-simple"},"_links":{"self":[{"href":"https:\/\/jardinexotiqueroscoff.com\/de\/wp-json\/wp\/v2\/product\/61732","targetHints":{"allow":["GET"]}}],"collection":[{"href":"https:\/\/jardinexotiqueroscoff.com\/de\/wp-json\/wp\/v2\/product"}],"about":[{"href":"https:\/\/jardinexotiqueroscoff.com\/de\/wp-json\/wp\/v2\/types\/product"}],"wp:featuredmedia":[{"embeddable":true,"href":"https:\/\/jardinexotiqueroscoff.com\/de\/wp-json\/wp\/v2\/media\/60900"}],"wp:attachment":[{"href":"https:\/\/jardinexotiqueroscoff.com\/de\/wp-json\/wp\/v2\/media?parent=61732"}],"wp:term":[{"taxonomy":"product_brand","embeddable":true,"href":"https:\/\/jardinexotiqueroscoff.com\/de\/wp-json\/wp\/v2\/product_brand?post=61732"},{"taxonomy":"product_cat","embeddable":true,"href":"https:\/\/jardinexotiqueroscoff.com\/de\/wp-json\/wp\/v2\/product_cat?post=61732"},{"taxonomy":"product_tag","embeddable":true,"href":"https:\/\/jardinexotiqueroscoff.com\/de\/wp-json\/wp\/v2\/product_tag?post=61732"}],"curies":[{"name":"wp","href":"https:\/\/api.w.org\/{rel}","templated":true}]}}