{"id":61729,"date":"2021-01-30T10:58:16","date_gmt":"2021-01-30T10:58:16","guid":{"rendered":"https:\/\/jardinexotiqueroscoff.com\/produit\/grindelia-robusta\/"},"modified":"2025-11-24T13:35:53","modified_gmt":"2025-11-24T13:35:53","slug":"grindelia-robusta","status":"publish","type":"product","link":"https:\/\/jardinexotiqueroscoff.com\/de\/produit\/grindelia-robusta\/","title":{"rendered":"Grindelia robusta"},"content":{"rendered":"<div id=\"dslc-theme-content\"><div id=\"dslc-theme-content-inner\"><p>Botanischer Name: Grindelia robusta Nutt.<\/p>\n<p>Synonyme: keine<\/p>\n<p>Familie: Asteraceae<\/p>\n<p>Herkunft: USA, Mexiko<\/p>\n<p>Gew\u00f6hnlicher Name: grind\u00e9lia, grind\u00e9lie<\/p>\n<p>Winterh\u00e4rte: -8\u00b0C ?<\/p>\n<p>IUCN Red List: nein<\/p>\n<p>Grindelia robusta ist eine mehrj\u00e4hrige Pflanze, deren St\u00e4ngel zur Bl\u00fctezeit bis zu 1 m hoch werden k\u00f6nnen. Die margeritenartigen Bl\u00fcten sind gelb und erscheinen im Sommer. Der Knopf ist klebrig, da er mit einem wei\u00dfen Harz \u00fcberzogen ist. Sie mag die Meeresk\u00fcste, Sand, Felsen und einen eher trockenen Boden. Er wird als Heilpflanze verwendet (antiasthmatisch, krampfl\u00f6send, schleiml\u00f6send und kardiotonisch).<\/p>\n<p>Weitere Informationen: https:\/\/jardinage.lemonde.fr\/dossier-1883-grindelia-soigner-sphere-orl.html<\/p>\n<\/div><\/div>","protected":false},"excerpt":{"rendered":"<p>Grindelia robusta ist eine mehrj\u00e4hrige Pflanze aus der Familie der Asteraceae, die als Heilpflanze verwendet wird.<\/p>\n","protected":false},"featured_media":60918,"template":"","meta":[],"product_brand":[],"product_cat":[762,761,458,463],"product_tag":[],"class_list":{"0":"post-61729","1":"product","2":"type-product","3":"status-publish","4":"has-post-thumbnail","6":"product_cat-grindelia-de","7":"product_cat-asteraceae-de","8":"product_cat-mexiko","9":"product_cat-vereinigte-staaten","11":"first","12":"instock","13":"shipping-taxable","14":"product-type-simple"},"_links":{"self":[{"href":"https:\/\/jardinexotiqueroscoff.com\/de\/wp-json\/wp\/v2\/product\/61729","targetHints":{"allow":["GET"]}}],"collection":[{"href":"https:\/\/jardinexotiqueroscoff.com\/de\/wp-json\/wp\/v2\/product"}],"about":[{"href":"https:\/\/jardinexotiqueroscoff.com\/de\/wp-json\/wp\/v2\/types\/product"}],"wp:featuredmedia":[{"embeddable":true,"href":"https:\/\/jardinexotiqueroscoff.com\/de\/wp-json\/wp\/v2\/media\/60918"}],"wp:attachment":[{"href":"https:\/\/jardinexotiqueroscoff.com\/de\/wp-json\/wp\/v2\/media?parent=61729"}],"wp:term":[{"taxonomy":"product_brand","embeddable":true,"href":"https:\/\/jardinexotiqueroscoff.com\/de\/wp-json\/wp\/v2\/product_brand?post=61729"},{"taxonomy":"product_cat","embeddable":true,"href":"https:\/\/jardinexotiqueroscoff.com\/de\/wp-json\/wp\/v2\/product_cat?post=61729"},{"taxonomy":"product_tag","embeddable":true,"href":"https:\/\/jardinexotiqueroscoff.com\/de\/wp-json\/wp\/v2\/product_tag?post=61729"}],"curies":[{"name":"wp","href":"https:\/\/api.w.org\/{rel}","templated":true}]}}