{"id":61725,"date":"2021-01-30T12:13:44","date_gmt":"2021-01-30T12:13:44","guid":{"rendered":"https:\/\/jardinexotiqueroscoff.com\/produit\/kniphofia-aurore-morgenroete\/"},"modified":"2025-11-24T13:35:55","modified_gmt":"2025-11-24T13:35:55","slug":"kniphofia-aurore-morgenroete","status":"publish","type":"product","link":"https:\/\/jardinexotiqueroscoff.com\/de\/produit\/kniphofia-aurore-morgenroete\/","title":{"rendered":"Kniphofia 'Aurore' (Morgenr\u00f6te)"},"content":{"rendered":"<div id=\"dslc-theme-content\"><div id=\"dslc-theme-content-inner\"><p>Botanischer Name: Kniphofia 'Aurore' hort.<\/p>\n<p>Synonyme: keine<\/p>\n<p>Familie: Asphodelaceae<\/p>\n<p>Herkunft: Gartenbau<\/p>\n<p>Gebr\u00e4uchlicher Name: Tison de Satan<\/p>\n<p>Winterh\u00e4rte: -8\u00b0C<\/p>\n<p>IUCN Red List: nein<\/p>\n<p>Sammlung CCVS<\/p>\n<p>Kniphofia 'Aurore' ist eine sommergr\u00fcne, etwa 1 Meter hohe Staude mit cremegelben Bl\u00fcten, die sp\u00e4ter lachsfarben werden. Die Bl\u00fctezeit ist vom sp\u00e4ten Fr\u00fchjahr bis zum Herbst. <\/p>\n<\/div><\/div>","protected":false},"excerpt":{"rendered":"<p>Kniphofia 'Aurora' ist eine Sorte mit cremegelben Bl\u00fcten, die sp\u00e4ter lachsfarben werden.<\/p>\n","protected":false},"featured_media":60928,"template":"","meta":[],"product_brand":[],"product_cat":[494,492,562],"product_tag":[],"class_list":{"0":"post-61725","1":"product","2":"type-product","3":"status-publish","4":"has-post-thumbnail","6":"product_cat-kniphofia-de","7":"product_cat-asphodelaceae-de","8":"product_cat-gartenbau","10":"first","11":"instock","12":"shipping-taxable","13":"product-type-simple"},"_links":{"self":[{"href":"https:\/\/jardinexotiqueroscoff.com\/de\/wp-json\/wp\/v2\/product\/61725","targetHints":{"allow":["GET"]}}],"collection":[{"href":"https:\/\/jardinexotiqueroscoff.com\/de\/wp-json\/wp\/v2\/product"}],"about":[{"href":"https:\/\/jardinexotiqueroscoff.com\/de\/wp-json\/wp\/v2\/types\/product"}],"wp:featuredmedia":[{"embeddable":true,"href":"https:\/\/jardinexotiqueroscoff.com\/de\/wp-json\/wp\/v2\/media\/60928"}],"wp:attachment":[{"href":"https:\/\/jardinexotiqueroscoff.com\/de\/wp-json\/wp\/v2\/media?parent=61725"}],"wp:term":[{"taxonomy":"product_brand","embeddable":true,"href":"https:\/\/jardinexotiqueroscoff.com\/de\/wp-json\/wp\/v2\/product_brand?post=61725"},{"taxonomy":"product_cat","embeddable":true,"href":"https:\/\/jardinexotiqueroscoff.com\/de\/wp-json\/wp\/v2\/product_cat?post=61725"},{"taxonomy":"product_tag","embeddable":true,"href":"https:\/\/jardinexotiqueroscoff.com\/de\/wp-json\/wp\/v2\/product_tag?post=61725"}],"curies":[{"name":"wp","href":"https:\/\/api.w.org\/{rel}","templated":true}]}}