{"id":61724,"date":"2021-01-30T13:21:58","date_gmt":"2021-01-30T13:21:58","guid":{"rendered":"https:\/\/jardinexotiqueroscoff.com\/produit\/kniphofia-rooperi\/"},"modified":"2025-11-24T13:35:44","modified_gmt":"2025-11-24T13:35:44","slug":"kniphofia-rooperi","status":"publish","type":"product","link":"https:\/\/jardinexotiqueroscoff.com\/de\/produit\/kniphofia-rooperi\/","title":{"rendered":"Kniphofia rooperi"},"content":{"rendered":"<div id=\"dslc-theme-content\"><div id=\"dslc-theme-content-inner\"><p>Botanischer Name: Kniphofia rooperi (T.Moore) Lem.<\/p>\n<p>Synonyme: Kniphofia longicollis, Tritoma rooperi<\/p>\n<p>Familie: Asphodelaceae<\/p>\n<p>Herkunft: S\u00fcdafrika<\/p>\n<p>Gebr\u00e4uchlicher Name: Tison de Satan<\/p>\n<p>Winterh\u00e4rte: -15\u00b0C<\/p>\n<p>IUCN Red List: LC<\/p>\n<p>Sammlung CCVS<\/p>\n<p>Kniphofia rooperi ist eine gro\u00dfe Staude von ca. 1,2 m H\u00f6he oder etwas mehr mit orangefarbener Bl\u00fcte von Mitte des Sommers bis in den Herbst.<\/p>\n<p>Weitere Informationen: http:\/\/pza.sanbi.org\/kniphofia-rooperi<\/p>\n<\/div><\/div>","protected":false},"excerpt":{"rendered":"<p>Kniphofia rooperi ist eine gro\u00dfe, winterharte Staude mit orangefarbenen Bl\u00fcten.<\/p>\n","protected":false},"featured_media":60950,"template":"","meta":[],"product_brand":[],"product_cat":[437,492,494],"product_tag":[],"class_list":{"0":"post-61724","1":"product","2":"type-product","3":"status-publish","4":"has-post-thumbnail","6":"product_cat-sudafrika","7":"product_cat-asphodelaceae-de","8":"product_cat-kniphofia-de","10":"first","11":"instock","12":"shipping-taxable","13":"product-type-simple"},"_links":{"self":[{"href":"https:\/\/jardinexotiqueroscoff.com\/de\/wp-json\/wp\/v2\/product\/61724","targetHints":{"allow":["GET"]}}],"collection":[{"href":"https:\/\/jardinexotiqueroscoff.com\/de\/wp-json\/wp\/v2\/product"}],"about":[{"href":"https:\/\/jardinexotiqueroscoff.com\/de\/wp-json\/wp\/v2\/types\/product"}],"wp:featuredmedia":[{"embeddable":true,"href":"https:\/\/jardinexotiqueroscoff.com\/de\/wp-json\/wp\/v2\/media\/60950"}],"wp:attachment":[{"href":"https:\/\/jardinexotiqueroscoff.com\/de\/wp-json\/wp\/v2\/media?parent=61724"}],"wp:term":[{"taxonomy":"product_brand","embeddable":true,"href":"https:\/\/jardinexotiqueroscoff.com\/de\/wp-json\/wp\/v2\/product_brand?post=61724"},{"taxonomy":"product_cat","embeddable":true,"href":"https:\/\/jardinexotiqueroscoff.com\/de\/wp-json\/wp\/v2\/product_cat?post=61724"},{"taxonomy":"product_tag","embeddable":true,"href":"https:\/\/jardinexotiqueroscoff.com\/de\/wp-json\/wp\/v2\/product_tag?post=61724"}],"curies":[{"name":"wp","href":"https:\/\/api.w.org\/{rel}","templated":true}]}}