{"id":61721,"date":"2021-01-30T12:32:43","date_gmt":"2021-01-30T12:32:43","guid":{"rendered":"https:\/\/jardinexotiqueroscoff.com\/produit\/kniphofia-drepanophylla\/"},"modified":"2025-11-24T13:35:54","modified_gmt":"2025-11-24T13:35:54","slug":"kniphofia-drepanophylla","status":"publish","type":"product","link":"https:\/\/jardinexotiqueroscoff.com\/de\/produit\/kniphofia-drepanophylla\/","title":{"rendered":"Kniphofia drepanophylla"},"content":{"rendered":"<div id=\"dslc-theme-content\"><div id=\"dslc-theme-content-inner\"><p>Botanischer Name: Kniphofia drepanophylla Baker<\/p>\n<p>Synonyme: keine<\/p>\n<p>Familie: Asphodelaceae<\/p>\n<p>Herkunft: S\u00fcdafrika, Pondoland-Ugu Sandstone Coastal Sourveld<\/p>\n<p>Gebr\u00e4uchlicher Name: Saton's Tison<\/p>\n<p>Winterh\u00e4rte: -4\u00b0C ?<\/p>\n<p>IUCN Red List: Vulnerabel, bekannt aus 6-10 Orten. Verschlechterung des Lebensraums durch \u00dcberweidung, Viehtritt und Br\u00e4nde. Sie \u00fcberlebt gut im Mkambati-Naturschutzgebiet.<\/p>\n<p>Sammlung CCVS<\/p>\n<p>Kniphofia drepanophylla ist eine kleine Staude (ca. 50-70 cm hoch in der Bl\u00fctezeit) mit gelben Bl\u00fcten.<\/p>\n<p>Weitere Informationen: http:\/\/redlist.sanbi.org\/species.php?species=2207-16<\/p>\n<\/div><\/div>","protected":false},"excerpt":{"rendered":"<p>Kniphofia drepanophylla ist eine gelb bl\u00fchende Staude, die nicht winterhart ist.<\/p>\n","protected":false},"featured_media":60936,"template":"","meta":[],"product_brand":[],"product_cat":[437,492,494],"product_tag":[],"class_list":{"0":"post-61721","1":"product","2":"type-product","3":"status-publish","4":"has-post-thumbnail","6":"product_cat-sudafrika","7":"product_cat-asphodelaceae-de","8":"product_cat-kniphofia-de","10":"first","11":"instock","12":"shipping-taxable","13":"product-type-simple"},"_links":{"self":[{"href":"https:\/\/jardinexotiqueroscoff.com\/de\/wp-json\/wp\/v2\/product\/61721","targetHints":{"allow":["GET"]}}],"collection":[{"href":"https:\/\/jardinexotiqueroscoff.com\/de\/wp-json\/wp\/v2\/product"}],"about":[{"href":"https:\/\/jardinexotiqueroscoff.com\/de\/wp-json\/wp\/v2\/types\/product"}],"wp:featuredmedia":[{"embeddable":true,"href":"https:\/\/jardinexotiqueroscoff.com\/de\/wp-json\/wp\/v2\/media\/60936"}],"wp:attachment":[{"href":"https:\/\/jardinexotiqueroscoff.com\/de\/wp-json\/wp\/v2\/media?parent=61721"}],"wp:term":[{"taxonomy":"product_brand","embeddable":true,"href":"https:\/\/jardinexotiqueroscoff.com\/de\/wp-json\/wp\/v2\/product_brand?post=61721"},{"taxonomy":"product_cat","embeddable":true,"href":"https:\/\/jardinexotiqueroscoff.com\/de\/wp-json\/wp\/v2\/product_cat?post=61721"},{"taxonomy":"product_tag","embeddable":true,"href":"https:\/\/jardinexotiqueroscoff.com\/de\/wp-json\/wp\/v2\/product_tag?post=61721"}],"curies":[{"name":"wp","href":"https:\/\/api.w.org\/{rel}","templated":true}]}}