{"id":61719,"date":"2021-01-30T13:37:29","date_gmt":"2021-01-30T13:37:29","guid":{"rendered":"https:\/\/jardinexotiqueroscoff.com\/produit\/kniphofia-uvaria\/"},"modified":"2025-11-24T13:35:43","modified_gmt":"2025-11-24T13:35:43","slug":"kniphofia-uvaria","status":"publish","type":"product","link":"https:\/\/jardinexotiqueroscoff.com\/de\/produit\/kniphofia-uvaria\/","title":{"rendered":"Kniphofia uvaria"},"content":{"rendered":"<div id=\"dslc-theme-content\"><div id=\"dslc-theme-content-inner\"><p>Botanischer Name: Kniphofia uvaria (L.) Oken<\/p>\n<p>Synonyme: Aloe uvaria, Trotoma uvaria, Aletris uvaria, Kniphofia alooides, K. bachmannii, K. burchellii, K. occidentalis, K. odorata, etc.<\/p>\n<p>Familie: Asphodelaceae<\/p>\n<p>Herkunft: S\u00fcdafrika<\/p>\n<p>Gebr\u00e4uchlicher Name: Tison de Satan<\/p>\n<p>Winterh\u00e4rte: -10\u00b0C<\/p>\n<p>IUCN Red List: LC<\/p>\n<p>Sammlung CCVS<\/p>\n<p>Kniphofia uvaria ist eine gro\u00dfe Staude, die eine variable H\u00f6he von 0,80 bis 1,50 m erreicht. Sie ist die erste ihrer Art, die in Europa angebaut wurde. Sie ist sehr h\u00e4ufig in G\u00e4rten anzutreffen. Die Bl\u00fcten sind orange.<\/p>\n<p>Weitere Informationen: https:\/\/fr.wikipedia.org\/wiki\/Kniphofia_uvaria<\/p>\n<\/div><\/div>","protected":false},"excerpt":{"rendered":"<p>Kniphofia uvaria ist eine gro\u00dfe Staude, die in G\u00e4rten sehr h\u00e4ufig vorkommt.<\/p>\n","protected":false},"featured_media":60958,"template":"","meta":[],"product_brand":[],"product_cat":[437,492,494],"product_tag":[],"class_list":{"0":"post-61719","1":"product","2":"type-product","3":"status-publish","4":"has-post-thumbnail","6":"product_cat-sudafrika","7":"product_cat-asphodelaceae-de","8":"product_cat-kniphofia-de","10":"first","11":"instock","12":"shipping-taxable","13":"product-type-simple"},"_links":{"self":[{"href":"https:\/\/jardinexotiqueroscoff.com\/de\/wp-json\/wp\/v2\/product\/61719","targetHints":{"allow":["GET"]}}],"collection":[{"href":"https:\/\/jardinexotiqueroscoff.com\/de\/wp-json\/wp\/v2\/product"}],"about":[{"href":"https:\/\/jardinexotiqueroscoff.com\/de\/wp-json\/wp\/v2\/types\/product"}],"wp:featuredmedia":[{"embeddable":true,"href":"https:\/\/jardinexotiqueroscoff.com\/de\/wp-json\/wp\/v2\/media\/60958"}],"wp:attachment":[{"href":"https:\/\/jardinexotiqueroscoff.com\/de\/wp-json\/wp\/v2\/media?parent=61719"}],"wp:term":[{"taxonomy":"product_brand","embeddable":true,"href":"https:\/\/jardinexotiqueroscoff.com\/de\/wp-json\/wp\/v2\/product_brand?post=61719"},{"taxonomy":"product_cat","embeddable":true,"href":"https:\/\/jardinexotiqueroscoff.com\/de\/wp-json\/wp\/v2\/product_cat?post=61719"},{"taxonomy":"product_tag","embeddable":true,"href":"https:\/\/jardinexotiqueroscoff.com\/de\/wp-json\/wp\/v2\/product_tag?post=61719"}],"curies":[{"name":"wp","href":"https:\/\/api.w.org\/{rel}","templated":true}]}}