{"id":61718,"date":"2021-01-30T12:47:16","date_gmt":"2021-01-30T12:47:16","guid":{"rendered":"https:\/\/jardinexotiqueroscoff.com\/produit\/kniphofia-linearifolia\/"},"modified":"2025-11-24T13:35:52","modified_gmt":"2025-11-24T13:35:52","slug":"kniphofia-linearifolia","status":"publish","type":"product","link":"https:\/\/jardinexotiqueroscoff.com\/de\/produit\/kniphofia-linearifolia\/","title":{"rendered":"Kniphofia linearifolia"},"content":{"rendered":"<div id=\"dslc-theme-content\"><div id=\"dslc-theme-content-inner\"><p>Botanischer Name: Kniphofia linearifolia Baker<\/p>\n<p>Synonyme: Kniphofia longiflora, K. longistyla, K. rhodesiana, K. uvaria var. maxima, K. alooides var. maxima, K. linearifolia var. kuntzei, K. linearifolia var. montana<\/p>\n<p>Familie: Asphodelaceae<\/p>\n<p>Herkunft: S\u00fcdafrika<\/p>\n<p>Gebr\u00e4uchlicher Name: Tison de Satan<\/p>\n<p>Winterh\u00e4rte: -8\u00b0C<\/p>\n<p>IUCN Red List: LC<\/p>\n<p>Sammlung CCVS<\/p>\n<p>Kniphofia linearifolia ist eine gro\u00dfe Staude, die zur Bl\u00fctezeit, die vom Sommer bis zum Herbst stattfindet, eine H\u00f6he von 1,50 m erreicht.<\/p>\n<p>Weitere Informationen: http:\/\/pza.sanbi.org\/kniphofia-linearifolia<\/p>\n<\/div><\/div>","protected":false},"excerpt":{"rendered":"<p>Kniphofia linearifolia ist eine gro\u00dfe, ziemlich winterharte Staude mit orangefarbener Bl\u00fcte vom Sommer bis zum Herbst.<\/p>\n","protected":false},"featured_media":60944,"template":"","meta":[],"product_brand":[],"product_cat":[437,492,494],"product_tag":[],"class_list":{"0":"post-61718","1":"product","2":"type-product","3":"status-publish","4":"has-post-thumbnail","6":"product_cat-sudafrika","7":"product_cat-asphodelaceae-de","8":"product_cat-kniphofia-de","10":"first","11":"instock","12":"shipping-taxable","13":"product-type-simple"},"_links":{"self":[{"href":"https:\/\/jardinexotiqueroscoff.com\/de\/wp-json\/wp\/v2\/product\/61718","targetHints":{"allow":["GET"]}}],"collection":[{"href":"https:\/\/jardinexotiqueroscoff.com\/de\/wp-json\/wp\/v2\/product"}],"about":[{"href":"https:\/\/jardinexotiqueroscoff.com\/de\/wp-json\/wp\/v2\/types\/product"}],"wp:featuredmedia":[{"embeddable":true,"href":"https:\/\/jardinexotiqueroscoff.com\/de\/wp-json\/wp\/v2\/media\/60944"}],"wp:attachment":[{"href":"https:\/\/jardinexotiqueroscoff.com\/de\/wp-json\/wp\/v2\/media?parent=61718"}],"wp:term":[{"taxonomy":"product_brand","embeddable":true,"href":"https:\/\/jardinexotiqueroscoff.com\/de\/wp-json\/wp\/v2\/product_brand?post=61718"},{"taxonomy":"product_cat","embeddable":true,"href":"https:\/\/jardinexotiqueroscoff.com\/de\/wp-json\/wp\/v2\/product_cat?post=61718"},{"taxonomy":"product_tag","embeddable":true,"href":"https:\/\/jardinexotiqueroscoff.com\/de\/wp-json\/wp\/v2\/product_tag?post=61718"}],"curies":[{"name":"wp","href":"https:\/\/api.w.org\/{rel}","templated":true}]}}