{"id":61714,"date":"2021-01-30T15:29:15","date_gmt":"2021-01-30T15:29:15","guid":{"rendered":"https:\/\/jardinexotiqueroscoff.com\/produit\/lophosoria-quadripinnata\/"},"modified":"2025-11-24T13:38:12","modified_gmt":"2025-11-24T13:38:12","slug":"lophosoria-quadripinnata","status":"publish","type":"product","link":"https:\/\/jardinexotiqueroscoff.com\/de\/produit\/lophosoria-quadripinnata\/","title":{"rendered":"Lophosoria quadripinnata"},"content":{"rendered":"<div id=\"dslc-theme-content\"><div id=\"dslc-theme-content-inner\"><p>Botanischer Name: Lophosoria quadripinnata (J.F.Gmel.) C.Chris.<\/p>\n<p>Synonyme: Lophosoria acaulis, L. densa, L. discolor, L. fridida, L. glauca, L. glaucescens, L. polypodioides, L. prostata, L. pruinata, L. schaffneriana, L. warscewiczii, etc.<\/p>\n<p>Familie: Dicksoniaceae<\/p>\n<p>Herkunft: Amerika, darunter Chile<\/p>\n<p>Gew\u00f6hnlicher Name: Farn, lophosoria<\/p>\n<p>Winterh\u00e4rte: -8\u00b0C (?)<\/p>\n<p>IUCN Red List: nein<\/p>\n<p>Lophosoria quadripinnata ist ein nicht-baumf\u00f6rmiger Farn mit einem massiven, stammlosen, behaarten Rhizom. Die R\u00fcckseite der Wedel ist bl\u00e4ulich. Die Wedel k\u00f6nnen bis zu 3 m lang werden. Die Pflanze sollte im Halbschatten in einem frischen Boden angebaut werden.<\/p>\n<p>Weitere Informationen: https:\/\/en.wikipedia.org\/wiki\/Lophosoria_quadripinnata<\/p>\n<\/div><\/div>","protected":false},"excerpt":{"rendered":"<p>Lophosoria quadripinnata ist ein amerikanischer Farn mit langen Wedeln, die eine bl\u00e4uliche R\u00fcckseite haben.<\/p>\n","protected":false},"featured_media":60988,"template":"","meta":[],"product_brand":[],"product_cat":[478,545,753,754,458],"product_tag":[],"class_list":{"0":"post-61714","1":"product","2":"type-product","3":"status-publish","4":"has-post-thumbnail","6":"product_cat-sudamerika","7":"product_cat-chile-de","8":"product_cat-dicksoniaceae-de","9":"product_cat-lophosoria-de","10":"product_cat-mexiko","12":"first","13":"instock","14":"shipping-taxable","15":"product-type-simple"},"_links":{"self":[{"href":"https:\/\/jardinexotiqueroscoff.com\/de\/wp-json\/wp\/v2\/product\/61714","targetHints":{"allow":["GET"]}}],"collection":[{"href":"https:\/\/jardinexotiqueroscoff.com\/de\/wp-json\/wp\/v2\/product"}],"about":[{"href":"https:\/\/jardinexotiqueroscoff.com\/de\/wp-json\/wp\/v2\/types\/product"}],"wp:featuredmedia":[{"embeddable":true,"href":"https:\/\/jardinexotiqueroscoff.com\/de\/wp-json\/wp\/v2\/media\/60988"}],"wp:attachment":[{"href":"https:\/\/jardinexotiqueroscoff.com\/de\/wp-json\/wp\/v2\/media?parent=61714"}],"wp:term":[{"taxonomy":"product_brand","embeddable":true,"href":"https:\/\/jardinexotiqueroscoff.com\/de\/wp-json\/wp\/v2\/product_brand?post=61714"},{"taxonomy":"product_cat","embeddable":true,"href":"https:\/\/jardinexotiqueroscoff.com\/de\/wp-json\/wp\/v2\/product_cat?post=61714"},{"taxonomy":"product_tag","embeddable":true,"href":"https:\/\/jardinexotiqueroscoff.com\/de\/wp-json\/wp\/v2\/product_tag?post=61714"}],"curies":[{"name":"wp","href":"https:\/\/api.w.org\/{rel}","templated":true}]}}