{"id":61711,"date":"2021-01-30T14:35:19","date_gmt":"2021-01-30T14:35:19","guid":{"rendered":"https:\/\/jardinexotiqueroscoff.com\/produit\/leucospermum-cuneiforme\/"},"modified":"2025-11-24T13:35:44","modified_gmt":"2025-11-24T13:35:44","slug":"leucospermum-cuneiforme","status":"publish","type":"product","link":"https:\/\/jardinexotiqueroscoff.com\/de\/produit\/leucospermum-cuneiforme\/","title":{"rendered":"Leucospermum cuneiforme"},"content":{"rendered":"<div id=\"dslc-theme-content\"><div id=\"dslc-theme-content-inner\"><p>Botanischer Name: Leucospermum cuneiforme (Burm.f.) Rourke<\/p>\n<p>Synonyme: Leucospermum attenuatum, L. ellipticum, Leucadendron cuneiforme (Basionym)<\/p>\n<p>Familie: Proteaceae<\/p>\n<p>Herkunft: S\u00fcdafrika, Riviersonderend Mountains, Langeberg, Outeniqua Mountains, Potberg, Central Swartberg, von 0 bis 1200 m H\u00f6he.<\/p>\n<p>Allgemeine Bezeichnung: Nadelkissen<\/p>\n<p>Winterh\u00e4rte: -8\u00b0C<\/p>\n<p>IUCN Red List: LC, gering besorgniserregend<\/p>\n<p>Leucospermum cuneiforme ist ein Strauch, der bis zu 3 m hoch werden kann. Die Art ist sehr variabel. Die Lebensdauer betr\u00e4gt 50 bis 100 Jahre. Die Basis der \u00c4ste ist mit Warzen und Pusteln bedeckt, was eine Bestimmung der Art erm\u00f6glicht.<\/p>\n<p>Weitere Informationen: http:\/\/pza.sanbi.org\/leucospermum-cuneiforme<\/p>\n<\/div><\/div>","protected":false},"excerpt":{"rendered":"<p>Leucospermum cuneiforme ist eine variable Art, die eine H\u00f6he von 3 m erreichen und \u00fcber 50 Jahre alt werden kann.<\/p>\n","protected":false},"featured_media":60972,"template":"","meta":[],"product_brand":[],"product_cat":[437,515,516,435],"product_tag":[],"class_list":{"0":"post-61711","1":"product","2":"type-product","3":"status-publish","4":"has-post-thumbnail","6":"product_cat-sudafrika","7":"product_cat-leucospermum-de","8":"product_cat-nadelkissen","9":"product_cat-proteaceae-de","11":"first","12":"instock","13":"shipping-taxable","14":"product-type-simple"},"_links":{"self":[{"href":"https:\/\/jardinexotiqueroscoff.com\/de\/wp-json\/wp\/v2\/product\/61711","targetHints":{"allow":["GET"]}}],"collection":[{"href":"https:\/\/jardinexotiqueroscoff.com\/de\/wp-json\/wp\/v2\/product"}],"about":[{"href":"https:\/\/jardinexotiqueroscoff.com\/de\/wp-json\/wp\/v2\/types\/product"}],"wp:featuredmedia":[{"embeddable":true,"href":"https:\/\/jardinexotiqueroscoff.com\/de\/wp-json\/wp\/v2\/media\/60972"}],"wp:attachment":[{"href":"https:\/\/jardinexotiqueroscoff.com\/de\/wp-json\/wp\/v2\/media?parent=61711"}],"wp:term":[{"taxonomy":"product_brand","embeddable":true,"href":"https:\/\/jardinexotiqueroscoff.com\/de\/wp-json\/wp\/v2\/product_brand?post=61711"},{"taxonomy":"product_cat","embeddable":true,"href":"https:\/\/jardinexotiqueroscoff.com\/de\/wp-json\/wp\/v2\/product_cat?post=61711"},{"taxonomy":"product_tag","embeddable":true,"href":"https:\/\/jardinexotiqueroscoff.com\/de\/wp-json\/wp\/v2\/product_tag?post=61711"}],"curies":[{"name":"wp","href":"https:\/\/api.w.org\/{rel}","templated":true}]}}