{"id":61707,"date":"2021-01-30T14:50:16","date_gmt":"2021-01-30T14:50:16","guid":{"rendered":"https:\/\/jardinexotiqueroscoff.com\/produit\/lophomyrtus-x-ralphii-red-dragon-roter-drache\/"},"modified":"2025-11-24T13:35:43","modified_gmt":"2025-11-24T13:35:43","slug":"lophomyrtus-x-ralphii-red-dragon-roter-drache","status":"publish","type":"product","link":"https:\/\/jardinexotiqueroscoff.com\/de\/produit\/lophomyrtus-x-ralphii-red-dragon-roter-drache\/","title":{"rendered":"Lophomyrtus x ralphii 'Red Dragon' (Roter Drache)"},"content":{"rendered":"<div id=\"dslc-theme-content\"><div id=\"dslc-theme-content-inner\"><p>Botanischer Name: Lophomyrtus x ralphii 'Red Dragon' hort.<\/p>\n<p>Synonyme: keine<\/p>\n<p>Familie: Myrtaceae<\/p>\n<p>Ursprung: Hybridisierung zwischen Lophomyrtus bullata und L. obcordata<\/p>\n<p>Gebr\u00e4uchlicher Name: unbekannt<\/p>\n<p>Winterh\u00e4rte: -5\u00b0C<\/p>\n<p>IUCN Red List: nein<\/p>\n<p>Lophomyrtus x ralphii 'Red Dragon' ist ein rundlicher, bis zu 2 m hoher Strauch mit dunklem, immergr\u00fcnem Blattwerk und wei\u00dfen Myrtenbl\u00fcten im Sommer. Der Boden sollte frisch sein und die Pflanze sollte im Halbschatten stehen.<\/p>\n<p>Weitere Informationen: https:\/\/www.gerbeaud.com\/jardin\/fiches\/lophomyrtus-ralphii,1694.html<\/p>\n<\/div><\/div>","protected":false},"excerpt":{"rendered":"<p>Lophomyrtus x ralphii 'Red Dragon' ist ein immergr\u00fcner, dunkler Strauch, der nicht winterhart ist.<\/p>\n","protected":false},"featured_media":60982,"template":"","meta":[],"product_brand":[],"product_cat":[562,748,747],"product_tag":[],"class_list":{"0":"post-61707","1":"product","2":"type-product","3":"status-publish","4":"has-post-thumbnail","6":"product_cat-gartenbau","7":"product_cat-lophomyrtus-de","8":"product_cat-myrtaceae-de","10":"first","11":"instock","12":"shipping-taxable","13":"product-type-simple"},"_links":{"self":[{"href":"https:\/\/jardinexotiqueroscoff.com\/de\/wp-json\/wp\/v2\/product\/61707","targetHints":{"allow":["GET"]}}],"collection":[{"href":"https:\/\/jardinexotiqueroscoff.com\/de\/wp-json\/wp\/v2\/product"}],"about":[{"href":"https:\/\/jardinexotiqueroscoff.com\/de\/wp-json\/wp\/v2\/types\/product"}],"wp:featuredmedia":[{"embeddable":true,"href":"https:\/\/jardinexotiqueroscoff.com\/de\/wp-json\/wp\/v2\/media\/60982"}],"wp:attachment":[{"href":"https:\/\/jardinexotiqueroscoff.com\/de\/wp-json\/wp\/v2\/media?parent=61707"}],"wp:term":[{"taxonomy":"product_brand","embeddable":true,"href":"https:\/\/jardinexotiqueroscoff.com\/de\/wp-json\/wp\/v2\/product_brand?post=61707"},{"taxonomy":"product_cat","embeddable":true,"href":"https:\/\/jardinexotiqueroscoff.com\/de\/wp-json\/wp\/v2\/product_cat?post=61707"},{"taxonomy":"product_tag","embeddable":true,"href":"https:\/\/jardinexotiqueroscoff.com\/de\/wp-json\/wp\/v2\/product_tag?post=61707"}],"curies":[{"name":"wp","href":"https:\/\/api.w.org\/{rel}","templated":true}]}}