{"id":61706,"date":"2021-01-31T13:39:08","date_gmt":"2021-01-31T13:39:08","guid":{"rendered":"https:\/\/jardinexotiqueroscoff.com\/produit\/monopsis-lutea\/"},"modified":"2025-11-24T13:38:18","modified_gmt":"2025-11-24T13:38:18","slug":"monopsis-lutea","status":"publish","type":"product","link":"https:\/\/jardinexotiqueroscoff.com\/de\/produit\/monopsis-lutea\/","title":{"rendered":"Monopsis lutea"},"content":{"rendered":"<div id=\"dslc-theme-content\"><div id=\"dslc-theme-content-inner\"><p>Botanischer Name: Monopsis lutea (L.) Urb.<\/p>\n<p>Synonyme: Lobelia lutea (Basionym), Lobelia breynii, L. ericoides, Monopsis arenaria, Dortmanna lutea, Parastranthus luteus, Rapuntium luteum, etc.<\/p>\n<p>Familie: Lobeliaceae oder Campanulaceae<\/p>\n<p>Herkunft: S\u00fcdafrika, von Grootwinterhoek Mountains bis Humansdorp auf sandigen und feuchten B\u00f6den.<\/p>\n<p>Gew\u00f6hnlicher Name: Gelbe Monopsis<\/p>\n<p>Winterh\u00e4rte: -6\u00b0C ?<\/p>\n<p>IUCN Red List: LC, gering besorgniserregend<\/p>\n<p>Monopsis lutea ist ein Bodendecker f\u00fcr feuchten, gut durchl\u00e4ssigen Boden in der Sonne oder im Halbschatten, der zur Bl\u00fctezeit nicht h\u00f6her als 25 cm wird. Der Boden kann sandig, lehmig oder schluffig sein. Die St\u00e4ngel verl\u00e4ngern sich und wurzeln an den Knoten, wenn sie den Boden ber\u00fchren. Die Bl\u00fcten erscheinen im Sommer.<\/p>\n<p>Weitere Informationen: http:\/\/pza.sanbi.org\/monopsis-lutea<\/p>\n<\/div><\/div>","protected":false},"excerpt":{"rendered":"<p>Monopsis lutea ist ein Bodendecker f\u00fcr Feuchtgebiete mit gelben Bl\u00fcten.<\/p>\n","protected":false},"featured_media":61002,"template":"","meta":[],"product_brand":[],"product_cat":[437,699,745,746],"product_tag":[],"class_list":{"0":"post-61706","1":"product","2":"type-product","3":"status-publish","4":"has-post-thumbnail","6":"product_cat-sudafrika","7":"product_cat-campanulaceae-de","8":"product_cat-lobeliaceae-de","9":"product_cat-monopsis-de","11":"first","12":"instock","13":"shipping-taxable","14":"product-type-simple"},"_links":{"self":[{"href":"https:\/\/jardinexotiqueroscoff.com\/de\/wp-json\/wp\/v2\/product\/61706","targetHints":{"allow":["GET"]}}],"collection":[{"href":"https:\/\/jardinexotiqueroscoff.com\/de\/wp-json\/wp\/v2\/product"}],"about":[{"href":"https:\/\/jardinexotiqueroscoff.com\/de\/wp-json\/wp\/v2\/types\/product"}],"wp:featuredmedia":[{"embeddable":true,"href":"https:\/\/jardinexotiqueroscoff.com\/de\/wp-json\/wp\/v2\/media\/61002"}],"wp:attachment":[{"href":"https:\/\/jardinexotiqueroscoff.com\/de\/wp-json\/wp\/v2\/media?parent=61706"}],"wp:term":[{"taxonomy":"product_brand","embeddable":true,"href":"https:\/\/jardinexotiqueroscoff.com\/de\/wp-json\/wp\/v2\/product_brand?post=61706"},{"taxonomy":"product_cat","embeddable":true,"href":"https:\/\/jardinexotiqueroscoff.com\/de\/wp-json\/wp\/v2\/product_cat?post=61706"},{"taxonomy":"product_tag","embeddable":true,"href":"https:\/\/jardinexotiqueroscoff.com\/de\/wp-json\/wp\/v2\/product_tag?post=61706"}],"curies":[{"name":"wp","href":"https:\/\/api.w.org\/{rel}","templated":true}]}}