{"id":61704,"date":"2021-01-31T15:00:48","date_gmt":"2021-01-31T15:00:48","guid":{"rendered":"https:\/\/jardinexotiqueroscoff.com\/produit\/pelargonium-cucullatum-subsp-tabulare\/"},"modified":"2025-11-24T13:37:59","modified_gmt":"2025-11-24T13:37:59","slug":"pelargonium-cucullatum-subsp-tabulare","status":"publish","type":"product","link":"https:\/\/jardinexotiqueroscoff.com\/de\/produit\/pelargonium-cucullatum-subsp-tabulare\/","title":{"rendered":"Pelargonium cucullatum subsp. tabulare"},"content":{"rendered":"<div id=\"dslc-theme-content\"><div id=\"dslc-theme-content-inner\"><p>Botanischer Name: Pelargonium cucullatum subsp. tabulare (L'H\u00e9r.) Volschenk<\/p>\n<p>Synonyme: Pelargonium tabulare, P. saniculaefolium<\/p>\n<p>Familie: Geraniaceae<\/p>\n<p>Ursprung: S\u00fcdafrika, Kap-Halbinsel, Saldanha Bay<\/p>\n<p>Gew\u00f6hnlicher Name: Geranie, Pelargonium<\/p>\n<p>Winterh\u00e4rte: -6\u00b0C<\/p>\n<p>IUCN Red List: LC, gering besorgniserregend<\/p>\n<p>Pelargonium ist ein 1 bis 2 m hoher, behaarter Strauch mit behaarten, nierenf\u00f6rmigen, gez\u00e4hnten Bl\u00e4ttern, die bei Ber\u00fchrung duften. Er w\u00e4chst auf der Kap-Halbinsel zwischen 152 und 915 m H\u00f6he. Die Bl\u00fcten sind rosa mit dunkleren Markierungen.<\/p>\n<p>Weitere Informationen: http:\/\/www.plantzafrica.com\/medmonographs\/pelargcucull.pdf<\/p>\n<\/div><\/div>","protected":false},"excerpt":{"rendered":"<p>Pelargonium cucullatum subsp. tabulare ist ein 1-2 Meter hoher Strauch mit immergr\u00fcnem, duftendem Laub und rosa Bl\u00fcten. <\/p>\n","protected":false},"featured_media":61026,"template":"","meta":[],"product_brand":[],"product_cat":[437,737,738],"product_tag":[],"class_list":{"0":"post-61704","1":"product","2":"type-product","3":"status-publish","4":"has-post-thumbnail","6":"product_cat-sudafrika","7":"product_cat-geraniaceae-de","8":"product_cat-pelargonium-de","10":"first","11":"instock","12":"shipping-taxable","13":"product-type-simple"},"_links":{"self":[{"href":"https:\/\/jardinexotiqueroscoff.com\/de\/wp-json\/wp\/v2\/product\/61704","targetHints":{"allow":["GET"]}}],"collection":[{"href":"https:\/\/jardinexotiqueroscoff.com\/de\/wp-json\/wp\/v2\/product"}],"about":[{"href":"https:\/\/jardinexotiqueroscoff.com\/de\/wp-json\/wp\/v2\/types\/product"}],"wp:featuredmedia":[{"embeddable":true,"href":"https:\/\/jardinexotiqueroscoff.com\/de\/wp-json\/wp\/v2\/media\/61026"}],"wp:attachment":[{"href":"https:\/\/jardinexotiqueroscoff.com\/de\/wp-json\/wp\/v2\/media?parent=61704"}],"wp:term":[{"taxonomy":"product_brand","embeddable":true,"href":"https:\/\/jardinexotiqueroscoff.com\/de\/wp-json\/wp\/v2\/product_brand?post=61704"},{"taxonomy":"product_cat","embeddable":true,"href":"https:\/\/jardinexotiqueroscoff.com\/de\/wp-json\/wp\/v2\/product_cat?post=61704"},{"taxonomy":"product_tag","embeddable":true,"href":"https:\/\/jardinexotiqueroscoff.com\/de\/wp-json\/wp\/v2\/product_tag?post=61704"}],"curies":[{"name":"wp","href":"https:\/\/api.w.org\/{rel}","templated":true}]}}