{"id":61702,"date":"2021-01-31T14:00:44","date_gmt":"2021-01-31T14:00:44","guid":{"rendered":"https:\/\/jardinexotiqueroscoff.com\/produit\/pelargonium-alchemilloides\/"},"modified":"2025-11-24T13:38:02","modified_gmt":"2025-11-24T13:38:02","slug":"pelargonium-alchemilloides","status":"publish","type":"product","link":"https:\/\/jardinexotiqueroscoff.com\/de\/produit\/pelargonium-alchemilloides\/","title":{"rendered":"Pelargonium alchemilloides"},"content":{"rendered":"<div id=\"dslc-theme-content\"><div id=\"dslc-theme-content-inner\"><p>Botanischer Name: Pelargonium alchemilloides (L.) L'Her.<\/p>\n<p>Synonyme: Geranium alchemilloides (Basionym), Pelargonium alchemillifolium, P. malvaefolium, Ciconium lateritium, C. malvifolium<\/p>\n<p>Familie: Geraniaceae<\/p>\n<p>Herkunft: S\u00fcdafrika, Ostafrika<\/p>\n<p>Gew\u00f6hnlicher Name: Geranie, Pelargonium<\/p>\n<p>Winterh\u00e4rte: -6\u00b0C ?<\/p>\n<p>IUCN Red List: LC, gering besorgniserregend<\/p>\n<p>Pelargonium alchemilloides ist eine mehrj\u00e4hrige krautige Pflanze mit immergr\u00fcnem Laub, bis zu 30 cm langen St\u00e4ngeln und einer unterirdischen Knolle. Die wei\u00dfen Bl\u00fcten erscheinen im Sommer, aber nicht nur dann. Die Bl\u00e4tter k\u00f6nnen eine zonale Markierung haben.<\/p>\n<p>Weitere Informationen: http:\/\/pza.sanbi.org\/pelargonium-alchemilloides<\/p>\n<\/div><\/div>","protected":false},"excerpt":{"rendered":"<p>Pelargonium alchemilloides ist eine mehrj\u00e4hrige krautige Pflanze, die einige Zentimeter hoch ist und wei\u00dfe Bl\u00fcten hat.<\/p>\n","protected":false},"featured_media":61014,"template":"","meta":[],"product_brand":[],"product_cat":[437,737,740,738],"product_tag":[],"class_list":{"0":"post-61702","1":"product","2":"type-product","3":"status-publish","4":"has-post-thumbnail","6":"product_cat-sudafrika","7":"product_cat-geraniaceae-de","8":"product_cat-ostafrika","9":"product_cat-pelargonium-de","11":"first","12":"instock","13":"shipping-taxable","14":"product-type-simple"},"_links":{"self":[{"href":"https:\/\/jardinexotiqueroscoff.com\/de\/wp-json\/wp\/v2\/product\/61702","targetHints":{"allow":["GET"]}}],"collection":[{"href":"https:\/\/jardinexotiqueroscoff.com\/de\/wp-json\/wp\/v2\/product"}],"about":[{"href":"https:\/\/jardinexotiqueroscoff.com\/de\/wp-json\/wp\/v2\/types\/product"}],"wp:featuredmedia":[{"embeddable":true,"href":"https:\/\/jardinexotiqueroscoff.com\/de\/wp-json\/wp\/v2\/media\/61014"}],"wp:attachment":[{"href":"https:\/\/jardinexotiqueroscoff.com\/de\/wp-json\/wp\/v2\/media?parent=61702"}],"wp:term":[{"taxonomy":"product_brand","embeddable":true,"href":"https:\/\/jardinexotiqueroscoff.com\/de\/wp-json\/wp\/v2\/product_brand?post=61702"},{"taxonomy":"product_cat","embeddable":true,"href":"https:\/\/jardinexotiqueroscoff.com\/de\/wp-json\/wp\/v2\/product_cat?post=61702"},{"taxonomy":"product_tag","embeddable":true,"href":"https:\/\/jardinexotiqueroscoff.com\/de\/wp-json\/wp\/v2\/product_tag?post=61702"}],"curies":[{"name":"wp","href":"https:\/\/api.w.org\/{rel}","templated":true}]}}