{"id":61700,"date":"2021-01-31T15:15:16","date_gmt":"2021-01-31T15:15:16","guid":{"rendered":"https:\/\/jardinexotiqueroscoff.com\/produit\/pelargonium-iocastum\/"},"modified":"2025-11-24T13:38:01","modified_gmt":"2025-11-24T13:38:01","slug":"pelargonium-iocastum","status":"publish","type":"product","link":"https:\/\/jardinexotiqueroscoff.com\/de\/produit\/pelargonium-iocastum\/","title":{"rendered":"Pelargonium iocastum"},"content":{"rendered":"<div id=\"dslc-theme-content\"><div id=\"dslc-theme-content-inner\"><p>Botanischer Name: Pelargonium iocastum (Eckl. &amp; Zeyh.) Steud.<\/p>\n<p>Synonyme: keine<\/p>\n<p>Familie: Geraniaceae<\/p>\n<p>Herkunft: S\u00fcdafrika, von Piketberg bis Caledon<\/p>\n<p>Gew\u00f6hnlicher Name: Geranie, Pelargonium<\/p>\n<p>Winterh\u00e4rte: -8\u00b0C ?<\/p>\n<p>IUCN Red List: LC, gering besorgniserregend<\/p>\n<p>Pelargonium iocastum ist eine kleine krautige Pflanze, die auf Sandsteinh\u00e4ngen in gro\u00dfen H\u00f6hen w\u00e4chst. Die wei\u00dfen Bl\u00fcten sind rot gefleckt.<\/p>\n<p>Weitere Informationen: http:\/\/redlist.sanbi.org\/species.php?species=1976-169<\/p>\n<\/div><\/div>","protected":false},"excerpt":{"rendered":"<p>Pelargonium iocastum ist eine kleine krautige Pflanze, die in hohen Lagen w\u00e4chst.<\/p>\n","protected":false},"featured_media":61032,"template":"","meta":[],"product_brand":[],"product_cat":[437,737,738],"product_tag":[],"class_list":{"0":"post-61700","1":"product","2":"type-product","3":"status-publish","4":"has-post-thumbnail","6":"product_cat-sudafrika","7":"product_cat-geraniaceae-de","8":"product_cat-pelargonium-de","10":"first","11":"instock","12":"shipping-taxable","13":"product-type-simple"},"_links":{"self":[{"href":"https:\/\/jardinexotiqueroscoff.com\/de\/wp-json\/wp\/v2\/product\/61700","targetHints":{"allow":["GET"]}}],"collection":[{"href":"https:\/\/jardinexotiqueroscoff.com\/de\/wp-json\/wp\/v2\/product"}],"about":[{"href":"https:\/\/jardinexotiqueroscoff.com\/de\/wp-json\/wp\/v2\/types\/product"}],"wp:featuredmedia":[{"embeddable":true,"href":"https:\/\/jardinexotiqueroscoff.com\/de\/wp-json\/wp\/v2\/media\/61032"}],"wp:attachment":[{"href":"https:\/\/jardinexotiqueroscoff.com\/de\/wp-json\/wp\/v2\/media?parent=61700"}],"wp:term":[{"taxonomy":"product_brand","embeddable":true,"href":"https:\/\/jardinexotiqueroscoff.com\/de\/wp-json\/wp\/v2\/product_brand?post=61700"},{"taxonomy":"product_cat","embeddable":true,"href":"https:\/\/jardinexotiqueroscoff.com\/de\/wp-json\/wp\/v2\/product_cat?post=61700"},{"taxonomy":"product_tag","embeddable":true,"href":"https:\/\/jardinexotiqueroscoff.com\/de\/wp-json\/wp\/v2\/product_tag?post=61700"}],"curies":[{"name":"wp","href":"https:\/\/api.w.org\/{rel}","templated":true}]}}