{"id":61697,"date":"2021-01-31T14:36:02","date_gmt":"2021-01-31T14:36:02","guid":{"rendered":"https:\/\/jardinexotiqueroscoff.com\/produit\/pelargonium-australe\/"},"modified":"2025-11-24T13:38:00","modified_gmt":"2025-11-24T13:38:00","slug":"pelargonium-australe","status":"publish","type":"product","link":"https:\/\/jardinexotiqueroscoff.com\/de\/produit\/pelargonium-australe\/","title":{"rendered":"Pelargonium australe"},"content":{"rendered":"<div id=\"dslc-theme-content\"><div id=\"dslc-theme-content-inner\"><p>Botanischer Name: Pelargonium australe J.Jacq.<\/p>\n<p>Synonyme: Geranium australe, Geranium glomeratum, Geraniospermum australe<\/p>\n<p>Familie: Geraniaceae<\/p>\n<p>Herkunft: Australien<\/p>\n<p>Gew\u00f6hnlicher Name: Geranie, Pelargonium<\/p>\n<p>Winterh\u00e4rte: -6\u00b0C ?<\/p>\n<p>IUCN Red List: nein<\/p>\n<p>Pelargonium australe ist eine 30-50 cm hohe, immergr\u00fcne, mehrj\u00e4hrige krautige Pflanze, die in trockenen Gebieten, in den Alpen und an der K\u00fcste w\u00e4chst. Die Bl\u00fcten sind wei\u00df mit roten Streifen.<\/p>\n<\/div><\/div>","protected":false},"excerpt":{"rendered":"<p>Pelargonium australe ist eine kleine krautige Staude mit wei\u00dfen Bl\u00fcten.<\/p>\n","protected":false},"featured_media":61018,"template":"","meta":[],"product_brand":[],"product_cat":[608,737,738],"product_tag":[],"class_list":{"0":"post-61697","1":"product","2":"type-product","3":"status-publish","4":"has-post-thumbnail","6":"product_cat-australien","7":"product_cat-geraniaceae-de","8":"product_cat-pelargonium-de","10":"first","11":"instock","12":"shipping-taxable","13":"product-type-simple"},"_links":{"self":[{"href":"https:\/\/jardinexotiqueroscoff.com\/de\/wp-json\/wp\/v2\/product\/61697","targetHints":{"allow":["GET"]}}],"collection":[{"href":"https:\/\/jardinexotiqueroscoff.com\/de\/wp-json\/wp\/v2\/product"}],"about":[{"href":"https:\/\/jardinexotiqueroscoff.com\/de\/wp-json\/wp\/v2\/types\/product"}],"wp:featuredmedia":[{"embeddable":true,"href":"https:\/\/jardinexotiqueroscoff.com\/de\/wp-json\/wp\/v2\/media\/61018"}],"wp:attachment":[{"href":"https:\/\/jardinexotiqueroscoff.com\/de\/wp-json\/wp\/v2\/media?parent=61697"}],"wp:term":[{"taxonomy":"product_brand","embeddable":true,"href":"https:\/\/jardinexotiqueroscoff.com\/de\/wp-json\/wp\/v2\/product_brand?post=61697"},{"taxonomy":"product_cat","embeddable":true,"href":"https:\/\/jardinexotiqueroscoff.com\/de\/wp-json\/wp\/v2\/product_cat?post=61697"},{"taxonomy":"product_tag","embeddable":true,"href":"https:\/\/jardinexotiqueroscoff.com\/de\/wp-json\/wp\/v2\/product_tag?post=61697"}],"curies":[{"name":"wp","href":"https:\/\/api.w.org\/{rel}","templated":true}]}}