{"id":61696,"date":"2021-02-01T12:21:47","date_gmt":"2021-02-01T12:21:47","guid":{"rendered":"https:\/\/jardinexotiqueroscoff.com\/produit\/pelargonium-odoratissimum\/"},"modified":"2025-11-24T13:38:00","modified_gmt":"2025-11-24T13:38:00","slug":"pelargonium-odoratissimum","status":"publish","type":"product","link":"https:\/\/jardinexotiqueroscoff.com\/de\/produit\/pelargonium-odoratissimum\/","title":{"rendered":"Pelargonium odoratissimum"},"content":{"rendered":"<div id=\"dslc-theme-content\"><div id=\"dslc-theme-content-inner\"><p>Botanischer Name: Pelargonium odoratissimum (L.) L'Herit.<\/p>\n<p>Synonyme: Geranium odoratissimum, Geraniospermum odoratissimum<\/p>\n<p>Familie: Geraniaceae<\/p>\n<p>Herkunft: S\u00fcdafrika<\/p>\n<p>Gew\u00f6hnlicher Name: Geranie, Pelargonium<\/p>\n<p>Winterh\u00e4rte: -6\u00b0C<\/p>\n<p>IUCN Red List: LC, gering besorgniserregend<\/p>\n<p>Pelargonium odoratissimum ist ein kleiner Strauch, der nicht h\u00f6her als 30 cm wird. Die Bl\u00e4tter riechen nach Apfel, wenn man sie ber\u00fchrt. Die Bl\u00fcten sind wei\u00df.<\/p>\n<p>Weitere Informationen: http:\/\/pza.sanbi.org\/pelargonium-odoratissimum<\/p>\n<\/div><\/div>","protected":false},"excerpt":{"rendered":"<p>Pelargonium odoratissimum ist ein kleiner, nicht winterharter Strauch mit wei\u00dfen Bl\u00fcten.<\/p>\n","protected":false},"featured_media":61040,"template":"","meta":[],"product_brand":[],"product_cat":[437,737,738],"product_tag":[],"class_list":{"0":"post-61696","1":"product","2":"type-product","3":"status-publish","4":"has-post-thumbnail","6":"product_cat-sudafrika","7":"product_cat-geraniaceae-de","8":"product_cat-pelargonium-de","10":"first","11":"instock","12":"shipping-taxable","13":"product-type-simple"},"_links":{"self":[{"href":"https:\/\/jardinexotiqueroscoff.com\/de\/wp-json\/wp\/v2\/product\/61696","targetHints":{"allow":["GET"]}}],"collection":[{"href":"https:\/\/jardinexotiqueroscoff.com\/de\/wp-json\/wp\/v2\/product"}],"about":[{"href":"https:\/\/jardinexotiqueroscoff.com\/de\/wp-json\/wp\/v2\/types\/product"}],"wp:featuredmedia":[{"embeddable":true,"href":"https:\/\/jardinexotiqueroscoff.com\/de\/wp-json\/wp\/v2\/media\/61040"}],"wp:attachment":[{"href":"https:\/\/jardinexotiqueroscoff.com\/de\/wp-json\/wp\/v2\/media?parent=61696"}],"wp:term":[{"taxonomy":"product_brand","embeddable":true,"href":"https:\/\/jardinexotiqueroscoff.com\/de\/wp-json\/wp\/v2\/product_brand?post=61696"},{"taxonomy":"product_cat","embeddable":true,"href":"https:\/\/jardinexotiqueroscoff.com\/de\/wp-json\/wp\/v2\/product_cat?post=61696"},{"taxonomy":"product_tag","embeddable":true,"href":"https:\/\/jardinexotiqueroscoff.com\/de\/wp-json\/wp\/v2\/product_tag?post=61696"}],"curies":[{"name":"wp","href":"https:\/\/api.w.org\/{rel}","templated":true}]}}