{"id":61693,"date":"2021-02-01T12:27:36","date_gmt":"2021-02-01T12:27:36","guid":{"rendered":"https:\/\/jardinexotiqueroscoff.com\/produit\/pelargonium-quercifolium\/"},"modified":"2025-11-24T13:35:29","modified_gmt":"2025-11-24T13:35:29","slug":"pelargonium-quercifolium","status":"publish","type":"product","link":"https:\/\/jardinexotiqueroscoff.com\/de\/produit\/pelargonium-quercifolium\/","title":{"rendered":"Pelargonium quercifolium"},"content":{"rendered":"<div id=\"dslc-theme-content\"><div id=\"dslc-theme-content-inner\"><p>Botanischer Name: Pelargonium quercifolium (L.f.) L'Her.<\/p>\n<p>Synonyme: Geranium quercifolium, Geraniospermum quercifolium, Pelargonium karrooense<\/p>\n<p>Familie: Geraniaceae<\/p>\n<p>Herkunft: S\u00fcdafrika, Regionen d'Oudtshoorn und Willowmore<\/p>\n<p>Gew\u00f6hnlicher Name: Geranie, Eichenblattpelargonium<\/p>\n<p>Winterh\u00e4rte: -7\u00b0C<\/p>\n<p>IUCN Red List: LC, gering besorgniserregend<\/p>\n<p>Pelargonium quercifolium ist ein Strauch von ca. 1,50 m und 0,70 m Breite, wenn er unter guten Bedingungen kultiviert wird. Die Bl\u00e4tter sind klebrig und duftend. Die Bl\u00fcten sind rosa mit dunkleren Flecken, die im Fr\u00fchjahr und Sommer erscheinen. In S\u00fcdafrika w\u00e4chst sie in kleinen Gebieten um Oudtshoorn und Willowmore zwischen 400 m und 1000 m H\u00f6he mit geringen Niederschl\u00e4gen \u00fcber das ganze Jahr verteilt in felsigen Gebieten aus Sandstein, Schiefer und auch auf Kalkstein.<\/p>\n<p>Weitere Informationen: http:\/\/pza.sanbi.org\/pelargonium-quercifolium<\/p>\n<\/div><\/div>","protected":false},"excerpt":{"rendered":"<p>Pelargonium quercifolium ist ein nicht winterharter Strauch mit rosa Bl\u00fcten und duftenden Bl\u00e4ttern.<\/p>\n","protected":false},"featured_media":61046,"template":"","meta":[],"product_brand":[],"product_cat":[437,737,738],"product_tag":[],"class_list":{"0":"post-61693","1":"product","2":"type-product","3":"status-publish","4":"has-post-thumbnail","6":"product_cat-sudafrika","7":"product_cat-geraniaceae-de","8":"product_cat-pelargonium-de","10":"first","11":"instock","12":"shipping-taxable","13":"product-type-simple"},"_links":{"self":[{"href":"https:\/\/jardinexotiqueroscoff.com\/de\/wp-json\/wp\/v2\/product\/61693","targetHints":{"allow":["GET"]}}],"collection":[{"href":"https:\/\/jardinexotiqueroscoff.com\/de\/wp-json\/wp\/v2\/product"}],"about":[{"href":"https:\/\/jardinexotiqueroscoff.com\/de\/wp-json\/wp\/v2\/types\/product"}],"wp:featuredmedia":[{"embeddable":true,"href":"https:\/\/jardinexotiqueroscoff.com\/de\/wp-json\/wp\/v2\/media\/61046"}],"wp:attachment":[{"href":"https:\/\/jardinexotiqueroscoff.com\/de\/wp-json\/wp\/v2\/media?parent=61693"}],"wp:term":[{"taxonomy":"product_brand","embeddable":true,"href":"https:\/\/jardinexotiqueroscoff.com\/de\/wp-json\/wp\/v2\/product_brand?post=61693"},{"taxonomy":"product_cat","embeddable":true,"href":"https:\/\/jardinexotiqueroscoff.com\/de\/wp-json\/wp\/v2\/product_cat?post=61693"},{"taxonomy":"product_tag","embeddable":true,"href":"https:\/\/jardinexotiqueroscoff.com\/de\/wp-json\/wp\/v2\/product_tag?post=61693"}],"curies":[{"name":"wp","href":"https:\/\/api.w.org\/{rel}","templated":true}]}}