{"id":61692,"date":"2021-02-01T13:46:32","date_gmt":"2021-02-01T13:46:32","guid":{"rendered":"https:\/\/jardinexotiqueroscoff.com\/produit\/puya-mirabilis\/"},"modified":"2025-11-24T13:35:27","modified_gmt":"2025-11-24T13:35:27","slug":"puya-mirabilis","status":"publish","type":"product","link":"https:\/\/jardinexotiqueroscoff.com\/de\/produit\/puya-mirabilis\/","title":{"rendered":"Puya mirabilis"},"content":{"rendered":"<div id=\"dslc-theme-content\"><div id=\"dslc-theme-content-inner\"><p>Botanischer Name: Puya mirabilis (Mez) L.B.Sm.<\/p>\n<p>Synonyme: Pitcairnia mirabilis (Basionym), Pitcairnia mirabilis var. tucumana, Puya mirabilis var. tucumana<\/p>\n<p>Familie: Bromeliaceae<\/p>\n<p>Herkunft: Argentinien, Bolivien<\/p>\n<p>Gew\u00f6hnlicher Name: puya<\/p>\n<p>Winterh\u00e4rte: -6\u00b0C<\/p>\n<p>IUCN Red List: nein<\/p>\n<p>Puya mirabilis ist eine Pflanze, die Rosetten bildet und auf Felsen w\u00e4chst. Die Bl\u00e4tter sind schmal, ca. 50 cm lang und mit Dornen besetzt. Der Bl\u00fctenstand wird bis zu einem Meter hoch oder sogar noch h\u00f6her mit blassgr\u00fcnen Bl\u00fcten. Die Rosetten, die gebl\u00fcht haben, sterben ab und werden durch neue ersetzt. Dieses Exemplar (in der Abbildung) stammt aus Bolivien, Departement Tarija, Provinz Aniceto Arce, Gemeinde Ca\u00f1as auf 2200 m H\u00f6he. Seine Erntenummer (Samen) ist RH1041e.<\/p>\n<p>Weitere Informationen: http:\/\/www.palmaris.org\/html\/puyamira.htm<\/p>\n<\/div><\/div>","protected":false},"excerpt":{"rendered":"<p>Puya mirabilis ist eine Pflanze mit stacheligen Bl\u00e4ttern, die nicht sehr winterhart ist.<\/p>\n","protected":false},"featured_media":61068,"template":"","meta":[],"product_brand":[],"product_cat":[479,508,535,536],"product_tag":[],"class_list":{"0":"post-61692","1":"product","2":"type-product","3":"status-publish","4":"has-post-thumbnail","6":"product_cat-argentinien","7":"product_cat-bolivien","8":"product_cat-bromeliaceae-de","9":"product_cat-puya-de","11":"first","12":"instock","13":"shipping-taxable","14":"product-type-simple"},"_links":{"self":[{"href":"https:\/\/jardinexotiqueroscoff.com\/de\/wp-json\/wp\/v2\/product\/61692","targetHints":{"allow":["GET"]}}],"collection":[{"href":"https:\/\/jardinexotiqueroscoff.com\/de\/wp-json\/wp\/v2\/product"}],"about":[{"href":"https:\/\/jardinexotiqueroscoff.com\/de\/wp-json\/wp\/v2\/types\/product"}],"wp:featuredmedia":[{"embeddable":true,"href":"https:\/\/jardinexotiqueroscoff.com\/de\/wp-json\/wp\/v2\/media\/61068"}],"wp:attachment":[{"href":"https:\/\/jardinexotiqueroscoff.com\/de\/wp-json\/wp\/v2\/media?parent=61692"}],"wp:term":[{"taxonomy":"product_brand","embeddable":true,"href":"https:\/\/jardinexotiqueroscoff.com\/de\/wp-json\/wp\/v2\/product_brand?post=61692"},{"taxonomy":"product_cat","embeddable":true,"href":"https:\/\/jardinexotiqueroscoff.com\/de\/wp-json\/wp\/v2\/product_cat?post=61692"},{"taxonomy":"product_tag","embeddable":true,"href":"https:\/\/jardinexotiqueroscoff.com\/de\/wp-json\/wp\/v2\/product_tag?post=61692"}],"curies":[{"name":"wp","href":"https:\/\/api.w.org\/{rel}","templated":true}]}}