{"id":61683,"date":"2020-01-15T14:17:11","date_gmt":"2020-01-15T14:17:11","guid":{"rendered":"https:\/\/jardinexotiqueroscoff.com\/produit\/alstroemeria-aurea\/"},"modified":"2025-11-24T13:33:06","modified_gmt":"2025-11-24T13:33:06","slug":"alstroemeria-aurea","status":"publish","type":"product","link":"https:\/\/jardinexotiqueroscoff.com\/de\/produit\/alstroemeria-aurea\/","title":{"rendered":"Alstroemeria aurea"},"content":{"rendered":"<div id=\"dslc-theme-content\"><div id=\"dslc-theme-content-inner\"><div class=\"wpb-content-wrapper\"><p>[vc_row][vc_column][vc_column_text]Zusammenfassung: Alstroemeria aurea ist eine mehrj\u00e4hrige krautige Pflanze aus der Familie der Alstroemeriaceae.<br \/>\n<!--more--><\/p>\n<p>Botanischer Name: Alstroemeria aurea Graham<\/p>\n<p>Familie: Alstroemeriaceae<\/p>\n<p>Herkunft: Chile (Patagonien)<\/p>\n<p>Gebr\u00e4uchlicher Name: Alstroemer, Inka-Lilie, Peruanische Lilie<\/p>\n<p>Winterh\u00e4rte: -15\u00b0C<\/p>\n<p>Alstroemeria aurea ist eine mehrj\u00e4hrige krautige Pflanze aus der Familie der Alstroemeriaceae, die in Chile (Patagonien) beheimatet ist. Es handelt sich um eine sommergr\u00fcne Pflanze, deren Laub im Winter verschwindet. Er kann 60-90 cm hoch werden. Sie ben\u00f6tigt einen durchl\u00e4ssigen, nicht zu trockenen, k\u00fchlen Boden in der Sonne oder im Halbschatten. Die Bl\u00fctezeit ist vom sp\u00e4ten Fr\u00fchjahr bis zum Sommer.[\/vc_column_text][\/vc_column][\/vc_row]<\/p>\n<\/div><\/div><\/div>","protected":false},"excerpt":{"rendered":"<p>[vc_row][vc_column][vc_column_text]Zusammenfassung: Alstroemeria aurea ist eine mehrj\u00e4hrige krautige Pflanze aus der Familie der Alstroemeriaceae.<\/p>\n","protected":false},"featured_media":60472,"template":"","meta":[],"product_brand":[],"product_cat":[728,729,727,545,731,730],"product_tag":[732],"class_list":{"0":"post-61683","1":"product","2":"type-product","3":"status-publish","4":"has-post-thumbnail","6":"product_cat-alstroemeria-de","7":"product_cat-alstroemere-de","8":"product_cat-alstroemeriaceae-de","9":"product_cat-chile-de","10":"product_cat-lilien-aus-peru","11":"product_cat-lilien-der-inkas","12":"product_tag-mehrjahrige-pflanze","14":"first","15":"instock","16":"featured","17":"shipping-taxable","18":"product-type-simple"},"_links":{"self":[{"href":"https:\/\/jardinexotiqueroscoff.com\/de\/wp-json\/wp\/v2\/product\/61683","targetHints":{"allow":["GET"]}}],"collection":[{"href":"https:\/\/jardinexotiqueroscoff.com\/de\/wp-json\/wp\/v2\/product"}],"about":[{"href":"https:\/\/jardinexotiqueroscoff.com\/de\/wp-json\/wp\/v2\/types\/product"}],"wp:featuredmedia":[{"embeddable":true,"href":"https:\/\/jardinexotiqueroscoff.com\/de\/wp-json\/wp\/v2\/media\/60472"}],"wp:attachment":[{"href":"https:\/\/jardinexotiqueroscoff.com\/de\/wp-json\/wp\/v2\/media?parent=61683"}],"wp:term":[{"taxonomy":"product_brand","embeddable":true,"href":"https:\/\/jardinexotiqueroscoff.com\/de\/wp-json\/wp\/v2\/product_brand?post=61683"},{"taxonomy":"product_cat","embeddable":true,"href":"https:\/\/jardinexotiqueroscoff.com\/de\/wp-json\/wp\/v2\/product_cat?post=61683"},{"taxonomy":"product_tag","embeddable":true,"href":"https:\/\/jardinexotiqueroscoff.com\/de\/wp-json\/wp\/v2\/product_tag?post=61683"}],"curies":[{"name":"wp","href":"https:\/\/api.w.org\/{rel}","templated":true}]}}