{"id":61680,"date":"2020-01-15T15:46:25","date_gmt":"2020-01-15T15:46:25","guid":{"rendered":"https:\/\/jardinexotiqueroscoff.com\/produit\/passiflora-caerulea-constance-elliott\/"},"modified":"2025-11-24T13:33:06","modified_gmt":"2025-11-24T13:33:06","slug":"passiflora-caerulea-constance-elliott","status":"publish","type":"product","link":"https:\/\/jardinexotiqueroscoff.com\/de\/produit\/passiflora-caerulea-constance-elliott\/","title":{"rendered":"Passiflora caerulea 'Constance Elliott'."},"content":{"rendered":"<div id=\"dslc-theme-content\"><div id=\"dslc-theme-content-inner\"><div class=\"wpb-content-wrapper\"><p>[vc_row][vc_column][vc_column_text]Zusammenfassung: Passiflora caerulea 'Constance Elliott' ist eine Kletterpflanze aus der Familie der Passifloraceae.<br \/>\n<!--more--><\/p>\n<p>Botanischer Name: Passiflora caerulea 'Constance Elliott' Hort.<\/p>\n<p>Familie: Passifloraceae<\/p>\n<p>Herkunft: Gartenbau<\/p>\n<p>Gew\u00f6hnlicher Name: Passionsblume, Passionsblume<\/p>\n<p>Winterh\u00e4rte: -15\u00b0C<\/p>\n<p>Passiflora caerulea 'Constance Elliott' ist eine Kletterpflanze, die 5 bis 10 m hoch und ebenso breit werden kann, wobei sie, wenn sie sich einmal etabliert hat, wieder austreibt. Die Bl\u00fctezeit ist von Mai bis Oktober. Die wei\u00dfen Bl\u00fcten sollen auf eine Mutation zur\u00fcckzuf\u00fchren sein, die durch Stecklinge entstanden ist. [\/vc_column_text][\/vc_column][\/vc_row]<\/p>\n<\/div><\/div><\/div>","protected":false},"excerpt":{"rendered":"<p>[vc_row][vc_column][vc_column_text]Zusammenfassung: Passiflora caerulea 'Constance Elliott' ist eine Kletterpflanze aus der Familie der Passifloraceae.<\/p>\n","protected":false},"featured_media":60476,"template":"","meta":[],"product_brand":[],"product_cat":[591,720,562,718,717,719],"product_tag":[597],"class_list":{"0":"post-61680","1":"product","2":"type-product","3":"status-publish","4":"has-post-thumbnail","6":"product_cat-kletterpflanze","7":"product_cat-blume-der-leidenschaft","8":"product_cat-gartenbau","9":"product_cat-passiflora-de","10":"product_cat-passifloraceae-de","11":"product_cat-passionsblume","12":"product_tag-kletterpflanze","14":"first","15":"instock","16":"featured","17":"shipping-taxable","18":"product-type-simple"},"_links":{"self":[{"href":"https:\/\/jardinexotiqueroscoff.com\/de\/wp-json\/wp\/v2\/product\/61680","targetHints":{"allow":["GET"]}}],"collection":[{"href":"https:\/\/jardinexotiqueroscoff.com\/de\/wp-json\/wp\/v2\/product"}],"about":[{"href":"https:\/\/jardinexotiqueroscoff.com\/de\/wp-json\/wp\/v2\/types\/product"}],"wp:featuredmedia":[{"embeddable":true,"href":"https:\/\/jardinexotiqueroscoff.com\/de\/wp-json\/wp\/v2\/media\/60476"}],"wp:attachment":[{"href":"https:\/\/jardinexotiqueroscoff.com\/de\/wp-json\/wp\/v2\/media?parent=61680"}],"wp:term":[{"taxonomy":"product_brand","embeddable":true,"href":"https:\/\/jardinexotiqueroscoff.com\/de\/wp-json\/wp\/v2\/product_brand?post=61680"},{"taxonomy":"product_cat","embeddable":true,"href":"https:\/\/jardinexotiqueroscoff.com\/de\/wp-json\/wp\/v2\/product_cat?post=61680"},{"taxonomy":"product_tag","embeddable":true,"href":"https:\/\/jardinexotiqueroscoff.com\/de\/wp-json\/wp\/v2\/product_tag?post=61680"}],"curies":[{"name":"wp","href":"https:\/\/api.w.org\/{rel}","templated":true}]}}