{"id":61679,"date":"2020-02-24T14:03:32","date_gmt":"2020-02-24T14:03:32","guid":{"rendered":"https:\/\/jardinexotiqueroscoff.com\/produit\/massonia-hirsuta\/"},"modified":"2025-11-24T13:32:56","modified_gmt":"2025-11-24T13:32:56","slug":"massonia-hirsuta","status":"publish","type":"product","link":"https:\/\/jardinexotiqueroscoff.com\/de\/produit\/massonia-hirsuta\/","title":{"rendered":"Massonia hirsuta"},"content":{"rendered":"<div id=\"dslc-theme-content\"><div id=\"dslc-theme-content-inner\"><div class=\"wpb-content-wrapper\"><p>[vc_row][vc_column][vc_column_text]Zusammenfassung: Massonia hirsuta ist eine Zwiebel aus der Familie der Hyacinthaceae.<br \/>\n<!--more--><\/p>\n<p>Botanischer Name: Massonia echinata Link &amp; Otto<\/p>\n<p>Familie: Hyacinthaceae<\/p>\n<p>Herkunft: S\u00fcdafrika<\/p>\n<p>Gew\u00f6hnlicher Name: Massonia<\/p>\n<p>Winterh\u00e4rte: -6\u00b0C (?) (Zone 9)<\/p>\n<p>Massonia hirsuta ist eine Zwiebel, die zwei Bl\u00e4tter bildet, die sich auf dem Boden ausbreiten. Sie stammt aus dem Ostkap in S\u00fcdafrika, wo sie in trockenen Gebieten w\u00e4chst. Unser Exemplar stammt aus der Gegend von Port Elizabeth. Seine Ruhezeit ist im Sommer. Seine Lebenszeit liegt im Herbst, Winter und Fr\u00fchjahr. Die Bl\u00e4tter trocknen auf nat\u00fcrliche Weise und erscheinen im Fr\u00fchherbst wieder. Die Bl\u00fctezeit ist im Sp\u00e4therbst oder Fr\u00fchwinter. Wenn Sie die Pflanze in einem Topf kultivieren, sollten Sie sie nicht gie\u00dfen, solange sie noch keine Bl\u00e4tter hat.[\/vc_column_text][\/vc_column][\/vc_row]<\/p>\n<\/div><\/div><\/div>","protected":false},"excerpt":{"rendered":"<p>[vc_row][vc_column][vc_column_text]Zusammenfassung: Massonia hirsuta ist eine Zwiebel aus der Familie der Hyacinthaceae.<\/p>\n","protected":false},"featured_media":60500,"template":"","meta":[],"product_brand":[],"product_cat":[437,714,715,716,491],"product_tag":[495],"class_list":{"0":"post-61679","1":"product","2":"type-product","3":"status-publish","4":"has-post-thumbnail","6":"product_cat-sudafrika","7":"product_cat-hyacinthaceae-de","8":"product_cat-massonia-de","9":"product_cat-massonia-de-2","10":"product_cat-zwiebel","11":"product_tag-zwiebel","13":"first","14":"instock","15":"featured","16":"shipping-taxable","17":"product-type-simple"},"_links":{"self":[{"href":"https:\/\/jardinexotiqueroscoff.com\/de\/wp-json\/wp\/v2\/product\/61679","targetHints":{"allow":["GET"]}}],"collection":[{"href":"https:\/\/jardinexotiqueroscoff.com\/de\/wp-json\/wp\/v2\/product"}],"about":[{"href":"https:\/\/jardinexotiqueroscoff.com\/de\/wp-json\/wp\/v2\/types\/product"}],"wp:featuredmedia":[{"embeddable":true,"href":"https:\/\/jardinexotiqueroscoff.com\/de\/wp-json\/wp\/v2\/media\/60500"}],"wp:attachment":[{"href":"https:\/\/jardinexotiqueroscoff.com\/de\/wp-json\/wp\/v2\/media?parent=61679"}],"wp:term":[{"taxonomy":"product_brand","embeddable":true,"href":"https:\/\/jardinexotiqueroscoff.com\/de\/wp-json\/wp\/v2\/product_brand?post=61679"},{"taxonomy":"product_cat","embeddable":true,"href":"https:\/\/jardinexotiqueroscoff.com\/de\/wp-json\/wp\/v2\/product_cat?post=61679"},{"taxonomy":"product_tag","embeddable":true,"href":"https:\/\/jardinexotiqueroscoff.com\/de\/wp-json\/wp\/v2\/product_tag?post=61679"}],"curies":[{"name":"wp","href":"https:\/\/api.w.org\/{rel}","templated":true}]}}