{"id":61676,"date":"2020-01-15T15:50:52","date_gmt":"2020-01-15T15:50:52","guid":{"rendered":"https:\/\/jardinexotiqueroscoff.com\/produit\/dierama-igneum\/"},"modified":"2025-11-24T13:32:56","modified_gmt":"2025-11-24T13:32:56","slug":"dierama-igneum","status":"publish","type":"product","link":"https:\/\/jardinexotiqueroscoff.com\/de\/produit\/dierama-igneum\/","title":{"rendered":"Dierama igneum"},"content":{"rendered":"<div id=\"dslc-theme-content\"><div id=\"dslc-theme-content-inner\"><div class=\"wpb-content-wrapper\"><p>[vc_row][vc_column][vc_column_text]Zusammenfassung: Dierama igneum ist eine Zwiebelpflanze aus der Familie der Iridaceae.<br \/>\n<!--more--><\/p>\n<p>Botanischer Name: Dierama igneum Klatt<\/p>\n<p>Familie: Iridaceae<\/p>\n<p>Herkunft: S\u00fcdafrika<\/p>\n<p>Gebr\u00e4uchlicher Name: Angelrute der Engel, Deirama<\/p>\n<p>Winterh\u00e4rte: -10\u00b0C<\/p>\n<p>Dierama igneum ist eine s\u00fcdafrikanische Zwiebelpflanze aus der Familie der Iridaceae. Die Vegetation reicht vom Fr\u00fchjahr bis zum Herbst. Die Ruhezeit ist der Winter. Die Bl\u00fctezeit ist vom sp\u00e4ten Fr\u00fchjahr bis zum Sommer. Die Bl\u00e4tter sind 35 cm hoch und der Bl\u00fctenstand ist 60 cm lang und f\u00e4llt unter dem Gewicht der Bl\u00fcten, die sich mit dem Wind bewegen, zur\u00fcck. Die Blumen sind rosa.[\/vc_column_text][\/vc_column][\/vc_row]<\/p>\n<\/div><\/div><\/div>","protected":false},"excerpt":{"rendered":"<p>[vc_row][vc_column][vc_column_text]Zusammenfassung: Dierama igneum ist eine Zwiebelpflanze aus der Familie der Iridaceae.<\/p>\n","protected":false},"featured_media":60488,"template":"","meta":[],"product_brand":[],"product_cat":[693,695,697,501,437,491],"product_tag":[495],"class_list":{"0":"post-61676","1":"product","2":"type-product","3":"status-publish","4":"has-post-thumbnail","6":"product_cat-dierama-de","7":"product_cat-angelrute-der-engel","8":"product_cat-dierama-de-2","9":"product_cat-iridaceae-de","10":"product_cat-sudafrika","11":"product_cat-zwiebel","12":"product_tag-zwiebel","14":"first","15":"instock","16":"featured","17":"shipping-taxable","18":"product-type-simple"},"_links":{"self":[{"href":"https:\/\/jardinexotiqueroscoff.com\/de\/wp-json\/wp\/v2\/product\/61676","targetHints":{"allow":["GET"]}}],"collection":[{"href":"https:\/\/jardinexotiqueroscoff.com\/de\/wp-json\/wp\/v2\/product"}],"about":[{"href":"https:\/\/jardinexotiqueroscoff.com\/de\/wp-json\/wp\/v2\/types\/product"}],"wp:featuredmedia":[{"embeddable":true,"href":"https:\/\/jardinexotiqueroscoff.com\/de\/wp-json\/wp\/v2\/media\/60488"}],"wp:attachment":[{"href":"https:\/\/jardinexotiqueroscoff.com\/de\/wp-json\/wp\/v2\/media?parent=61676"}],"wp:term":[{"taxonomy":"product_brand","embeddable":true,"href":"https:\/\/jardinexotiqueroscoff.com\/de\/wp-json\/wp\/v2\/product_brand?post=61676"},{"taxonomy":"product_cat","embeddable":true,"href":"https:\/\/jardinexotiqueroscoff.com\/de\/wp-json\/wp\/v2\/product_cat?post=61676"},{"taxonomy":"product_tag","embeddable":true,"href":"https:\/\/jardinexotiqueroscoff.com\/de\/wp-json\/wp\/v2\/product_tag?post=61676"}],"curies":[{"name":"wp","href":"https:\/\/api.w.org\/{rel}","templated":true}]}}