{"id":61674,"date":"2020-02-24T14:43:19","date_gmt":"2020-02-24T14:43:19","guid":{"rendered":"https:\/\/jardinexotiqueroscoff.com\/produit\/canarina-canariensis\/"},"modified":"2025-11-24T13:32:57","modified_gmt":"2025-11-24T13:32:57","slug":"canarina-canariensis","status":"publish","type":"product","link":"https:\/\/jardinexotiqueroscoff.com\/de\/produit\/canarina-canariensis\/","title":{"rendered":"Canarina canariensis"},"content":{"rendered":"<div id=\"dslc-theme-content\"><div id=\"dslc-theme-content-inner\"><div class=\"wpb-content-wrapper\"><p>[vc_row][vc_column][vc_column_text]Zusammenfassung: Canarina canariensis ist eine Pflanze aus der Familie der Campanulaceae.<br \/>\n<!--more--><\/p>\n<p>Botanischer Name: Canarina canariensis (L.) Vatke<\/p>\n<p>Familie: Campanulaceae<\/p>\n<p>Herkunft: Kanarische Inseln<\/p>\n<p>Gew\u00f6hnlicher Name: canarina<\/p>\n<p>Winterh\u00e4rte: nicht rustikal, um 0\u00b0C (Zone 10)<\/p>\n<p><strong>Beschreibung<\/strong><\/p>\n<p>Canarina canariensis ist eine Kletterpflanze, die nur im Winter w\u00e4hrend der Winterregenzeit w\u00e4chst und im Sommer w\u00e4hrend der Trockenzeit eine Ruhepause einlegt. Sie w\u00e4chst in H\u00f6henlagen zwischen 300 und 1000 m in Lorbeerw\u00e4ldern oder an Waldr\u00e4ndern. In der Ruhezeit lebt er in Form einer Knolle. Die Knolle ist bis -5\u00b0C best\u00e4ndig, das Laub jedoch nicht. Wir kultivieren sie im Gew\u00e4chshaus, wo sie ab Herbst und den ganzen Winter \u00fcber bl\u00fcht. Im Freien, in unserer Zone 10, kultivieren wir sie im Unterholz und sie bl\u00fcht erst im fr\u00fchen Fr\u00fchjahr. Das Laub verschwindet jedoch im sp\u00e4ten Fr\u00fchjahr. Die nach unten gerichteten Bl\u00fcten bilden gro\u00dfe orangefarbene Glocken.[\/vc_column_text][\/vc_column][\/vc_row]<\/p>\n<\/div><\/div><\/div>","protected":false},"excerpt":{"rendered":"<p>[vc_row][vc_column][vc_column_text]Zusammenfassung: Canarina canariensis ist eine Pflanze aus der Familie der Campanulaceae.<\/p>\n","protected":false},"featured_media":60508,"template":"","meta":[],"product_brand":[],"product_cat":[699,700,702,560,703],"product_tag":[597,537,705],"class_list":{"0":"post-61674","1":"product","2":"type-product","3":"status-publish","4":"has-post-thumbnail","6":"product_cat-campanulaceae-de","7":"product_cat-canarina-de","8":"product_cat-canarina-de-2","9":"product_cat-kanarische-inseln","10":"product_cat-tuberkulose","11":"product_tag-kletterpflanze","12":"product_tag-mehrjahrig","13":"product_tag-tuberkulose","15":"first","16":"instock","17":"featured","18":"shipping-taxable","19":"product-type-simple"},"_links":{"self":[{"href":"https:\/\/jardinexotiqueroscoff.com\/de\/wp-json\/wp\/v2\/product\/61674","targetHints":{"allow":["GET"]}}],"collection":[{"href":"https:\/\/jardinexotiqueroscoff.com\/de\/wp-json\/wp\/v2\/product"}],"about":[{"href":"https:\/\/jardinexotiqueroscoff.com\/de\/wp-json\/wp\/v2\/types\/product"}],"wp:featuredmedia":[{"embeddable":true,"href":"https:\/\/jardinexotiqueroscoff.com\/de\/wp-json\/wp\/v2\/media\/60508"}],"wp:attachment":[{"href":"https:\/\/jardinexotiqueroscoff.com\/de\/wp-json\/wp\/v2\/media?parent=61674"}],"wp:term":[{"taxonomy":"product_brand","embeddable":true,"href":"https:\/\/jardinexotiqueroscoff.com\/de\/wp-json\/wp\/v2\/product_brand?post=61674"},{"taxonomy":"product_cat","embeddable":true,"href":"https:\/\/jardinexotiqueroscoff.com\/de\/wp-json\/wp\/v2\/product_cat?post=61674"},{"taxonomy":"product_tag","embeddable":true,"href":"https:\/\/jardinexotiqueroscoff.com\/de\/wp-json\/wp\/v2\/product_tag?post=61674"}],"curies":[{"name":"wp","href":"https:\/\/api.w.org\/{rel}","templated":true}]}}