{"id":61673,"date":"2020-02-24T13:42:26","date_gmt":"2020-02-24T13:42:26","guid":{"rendered":"https:\/\/jardinexotiqueroscoff.com\/produit\/dierama-argyreum\/"},"modified":"2025-11-24T13:32:56","modified_gmt":"2025-11-24T13:32:56","slug":"dierama-argyreum","status":"publish","type":"product","link":"https:\/\/jardinexotiqueroscoff.com\/de\/produit\/dierama-argyreum\/","title":{"rendered":"Dierama argyreum"},"content":{"rendered":"<div id=\"dslc-theme-content\"><div id=\"dslc-theme-content-inner\"><div class=\"wpb-content-wrapper\"><p>[vc_row][vc_column][vc_column_text]Zusammenfassung: Dierama argyreum ist eine Zwiebelpflanze aus der Familie der Iridaceae.<br \/>\n<!--more--><\/p>\n<p>Botanischer Name: Dierama argyreum L.Bolus<\/p>\n<p>Familie: Iridaceae<\/p>\n<p>Herkunft: S\u00fcdafrika<\/p>\n<p>Gebr\u00e4uchlicher Name: Dierama, Angelrute der Engel<\/p>\n<p>Winterh\u00e4rte: ca. -7\u00b0C (Zone 9)<\/p>\n<p>Dierama argyreum ist eine sommerbl\u00fchende Zwiebelpflanze. Die Bl\u00fcte ist wei\u00df. Die halbimmergr\u00fcnen Bl\u00e4tter erreichen eine H\u00f6he von 30-40 cm. Die Bl\u00fctenstiele sind 60 bis 90 cm lang. Die glockenf\u00f6rmigen Bl\u00fcten fallen nach unten und bewegen sich im Wind.[\/vc_column_text][\/vc_column][\/vc_row]<\/p>\n<\/div><\/div><\/div>","protected":false},"excerpt":{"rendered":"<p>[vc_row][vc_column][vc_column_text]Zusammenfassung: Dierama argyreum ist eine Zwiebelpflanze aus der Familie der Iridaceae.<\/p>\n","protected":false},"featured_media":60492,"template":"","meta":[],"product_brand":[],"product_cat":[693,695,697,501,437,491],"product_tag":[495],"class_list":{"0":"post-61673","1":"product","2":"type-product","3":"status-publish","4":"has-post-thumbnail","6":"product_cat-dierama-de","7":"product_cat-angelrute-der-engel","8":"product_cat-dierama-de-2","9":"product_cat-iridaceae-de","10":"product_cat-sudafrika","11":"product_cat-zwiebel","12":"product_tag-zwiebel","14":"first","15":"instock","16":"featured","17":"shipping-taxable","18":"product-type-simple"},"_links":{"self":[{"href":"https:\/\/jardinexotiqueroscoff.com\/de\/wp-json\/wp\/v2\/product\/61673","targetHints":{"allow":["GET"]}}],"collection":[{"href":"https:\/\/jardinexotiqueroscoff.com\/de\/wp-json\/wp\/v2\/product"}],"about":[{"href":"https:\/\/jardinexotiqueroscoff.com\/de\/wp-json\/wp\/v2\/types\/product"}],"wp:featuredmedia":[{"embeddable":true,"href":"https:\/\/jardinexotiqueroscoff.com\/de\/wp-json\/wp\/v2\/media\/60492"}],"wp:attachment":[{"href":"https:\/\/jardinexotiqueroscoff.com\/de\/wp-json\/wp\/v2\/media?parent=61673"}],"wp:term":[{"taxonomy":"product_brand","embeddable":true,"href":"https:\/\/jardinexotiqueroscoff.com\/de\/wp-json\/wp\/v2\/product_brand?post=61673"},{"taxonomy":"product_cat","embeddable":true,"href":"https:\/\/jardinexotiqueroscoff.com\/de\/wp-json\/wp\/v2\/product_cat?post=61673"},{"taxonomy":"product_tag","embeddable":true,"href":"https:\/\/jardinexotiqueroscoff.com\/de\/wp-json\/wp\/v2\/product_tag?post=61673"}],"curies":[{"name":"wp","href":"https:\/\/api.w.org\/{rel}","templated":true}]}}