{"id":61668,"date":"2020-02-28T14:58:54","date_gmt":"2020-02-28T14:58:54","guid":{"rendered":"https:\/\/jardinexotiqueroscoff.com\/produit\/elegia-capensis\/"},"modified":"2025-11-24T13:32:45","modified_gmt":"2025-11-24T13:32:45","slug":"elegia-capensis","status":"publish","type":"product","link":"https:\/\/jardinexotiqueroscoff.com\/de\/produit\/elegia-capensis\/","title":{"rendered":"Elegia capensis"},"content":{"rendered":"<div id=\"dslc-theme-content\"><div id=\"dslc-theme-content-inner\"><div class=\"wpb-content-wrapper\"><p>[vc_row][vc_column][vc_column_text]Zusammenfassung: Elegia capensis ist eine Pflanze aus der Familie der Restionaceae.<br \/>\n<!--more--><\/p>\n<p>Botanischer Name: Elegia capensis (Burm.f.) Schelpe<\/p>\n<p>Familie: Restionaceae<\/p>\n<p>Herkunft: S\u00fcdafrika<\/p>\n<p>Gew\u00f6hnliche Bezeichnung: restio, \u00e9l\u00e9gia<\/p>\n<p>Winterh\u00e4rte: -12\u00b0C<\/p>\n<p>Sammlung CCVS<\/p>\n<p><strong>Beschreibung<\/strong><\/p>\n<p>Elegia capensis ist eine gro\u00dfe krautige Pflanze, die unter guten Bedingungen bis zu 3 m hoch werden kann. Sie \u00e4hnelt einem Bambus (nicht nachziehend) oder einem Schachtelhalm, ist aber eine Restio. Um sie gut zu kultivieren, ben\u00f6tigt sie Wasser, z.B. einen Teich, einen Bach, ein Becken oder eine Regenrinne oder Bew\u00e4sserung. Unter diesen Bedingungen kann die Pflanze eine H\u00f6he von 2,50 m und eine Fl\u00fcgelspannweite von 3 bis 4 m erreichen.[\/vc_column_text][\/vc_column][\/vc_row]<\/p>\n<\/div><\/div><\/div>","protected":false},"excerpt":{"rendered":"<p>[vc_row][vc_column][vc_column_text]Zusammenfassung: Elegia capensis ist eine Pflanze aus der Familie der Restionaceae.<\/p>\n","protected":false},"featured_media":60558,"template":"","meta":[],"product_brand":[],"product_cat":[689,688,687,437],"product_tag":[690,439],"class_list":{"0":"post-61668","1":"product","2":"type-product","3":"status-publish","4":"has-post-thumbnail","6":"product_cat-elegia-de","7":"product_cat-restio-de","8":"product_cat-restionaceae-de","9":"product_cat-sudafrika","10":"product_tag-restio-de","11":"product_tag-sammlung-ccvs","13":"first","14":"instock","15":"featured","16":"shipping-taxable","17":"product-type-simple"},"_links":{"self":[{"href":"https:\/\/jardinexotiqueroscoff.com\/de\/wp-json\/wp\/v2\/product\/61668","targetHints":{"allow":["GET"]}}],"collection":[{"href":"https:\/\/jardinexotiqueroscoff.com\/de\/wp-json\/wp\/v2\/product"}],"about":[{"href":"https:\/\/jardinexotiqueroscoff.com\/de\/wp-json\/wp\/v2\/types\/product"}],"wp:featuredmedia":[{"embeddable":true,"href":"https:\/\/jardinexotiqueroscoff.com\/de\/wp-json\/wp\/v2\/media\/60558"}],"wp:attachment":[{"href":"https:\/\/jardinexotiqueroscoff.com\/de\/wp-json\/wp\/v2\/media?parent=61668"}],"wp:term":[{"taxonomy":"product_brand","embeddable":true,"href":"https:\/\/jardinexotiqueroscoff.com\/de\/wp-json\/wp\/v2\/product_brand?post=61668"},{"taxonomy":"product_cat","embeddable":true,"href":"https:\/\/jardinexotiqueroscoff.com\/de\/wp-json\/wp\/v2\/product_cat?post=61668"},{"taxonomy":"product_tag","embeddable":true,"href":"https:\/\/jardinexotiqueroscoff.com\/de\/wp-json\/wp\/v2\/product_tag?post=61668"}],"curies":[{"name":"wp","href":"https:\/\/api.w.org\/{rel}","templated":true}]}}