{"id":61663,"date":"2020-02-28T15:18:54","date_gmt":"2020-02-28T15:18:54","guid":{"rendered":"https:\/\/jardinexotiqueroscoff.com\/produit\/crassula-ovata\/"},"modified":"2025-11-24T13:32:31","modified_gmt":"2025-11-24T13:32:31","slug":"crassula-ovata","status":"publish","type":"product","link":"https:\/\/jardinexotiqueroscoff.com\/de\/produit\/crassula-ovata\/","title":{"rendered":"Crassula ovata"},"content":{"rendered":"<div id=\"dslc-theme-content\"><div id=\"dslc-theme-content-inner\"><div class=\"wpb-content-wrapper\"><p>[vc_row][vc_column][vc_column_text]Zusammenfassung: Crassula ovata ist eine Pflanze aus der Familie der Crassulaceae.<br \/>\n<!--more--><\/p>\n<p>Botanischer Name: Crassula ovata (Miller) Druce<\/p>\n<p>Synonyme: Crassula argentea, Crassula portulacea, Crassula nitida, Crassula obliqua, Crassula lutea, Crassula articulata<\/p>\n<p>Familie: Crassulaceae<\/p>\n<p>Herkunft: S\u00fcdafrika<\/p>\n<p>Gemeiner Name: Crassula, Jadebaum<\/p>\n<p>Winterh\u00e4rte: 0\u00b0C (im Winter im Gew\u00e4chshaus oder im Haus kultivieren)<\/p>\n<p>Sammlung CCVS<\/p>\n<p>Red List: LC (Weniger betroffen)<\/p>\n<p><strong>Beschreibung<\/strong><\/p>\n<p>Crassula ovata ist ein Strauch mit Stamm und sukkulenten Bl\u00e4ttern, der eine H\u00f6he von 1 bis 3 Metern erreichen kann. Es ist eine Pflanze mit einem sehr gro\u00dfen Habitat, so dass es eine gro\u00dfe Vielfalt und viele Kultivare gibt. Wir kultivieren zwei Exemplare im Garten, eines im Freilandgew\u00e4chshaus und das andere in der N\u00e4he des Felsens in einem Gebiet, in dem es kaum Frost gibt. Sie l\u00e4sst sich im Winter sehr gut in einem Topf am Fenster kultivieren und muss in dieser Zeit nicht gegossen werden. Die wei\u00dfen bis rosafarbenen Bl\u00fcten bl\u00fchen im Winter, wenn die Pflanzen gro\u00df genug sind.[\/vc_column_text][\/vc_column][\/vc_row]<\/p>\n<\/div><\/div><\/div>","protected":false},"excerpt":{"rendered":"<p>[vc_row][vc_column][vc_column_text]Zusammenfassung: Crassula ovata ist eine Pflanze aus der Familie der Crassulaceae.<\/p>\n","protected":false},"featured_media":60566,"template":"","meta":[],"product_brand":[],"product_cat":[437,549,548,550],"product_tag":[518,439,438,451],"class_list":{"0":"post-61663","1":"product","2":"type-product","3":"status-publish","4":"has-post-thumbnail","6":"product_cat-sudafrika","7":"product_cat-crassula-de","8":"product_cat-crassulaceae-de","9":"product_cat-krassula","10":"product_tag-rote-liste","11":"product_tag-sammlung-ccvs","12":"product_tag-strauch","13":"product_tag-sukkulente","15":"first","16":"instock","17":"featured","18":"shipping-taxable","19":"product-type-simple"},"_links":{"self":[{"href":"https:\/\/jardinexotiqueroscoff.com\/de\/wp-json\/wp\/v2\/product\/61663","targetHints":{"allow":["GET"]}}],"collection":[{"href":"https:\/\/jardinexotiqueroscoff.com\/de\/wp-json\/wp\/v2\/product"}],"about":[{"href":"https:\/\/jardinexotiqueroscoff.com\/de\/wp-json\/wp\/v2\/types\/product"}],"wp:featuredmedia":[{"embeddable":true,"href":"https:\/\/jardinexotiqueroscoff.com\/de\/wp-json\/wp\/v2\/media\/60566"}],"wp:attachment":[{"href":"https:\/\/jardinexotiqueroscoff.com\/de\/wp-json\/wp\/v2\/media?parent=61663"}],"wp:term":[{"taxonomy":"product_brand","embeddable":true,"href":"https:\/\/jardinexotiqueroscoff.com\/de\/wp-json\/wp\/v2\/product_brand?post=61663"},{"taxonomy":"product_cat","embeddable":true,"href":"https:\/\/jardinexotiqueroscoff.com\/de\/wp-json\/wp\/v2\/product_cat?post=61663"},{"taxonomy":"product_tag","embeddable":true,"href":"https:\/\/jardinexotiqueroscoff.com\/de\/wp-json\/wp\/v2\/product_tag?post=61663"}],"curies":[{"name":"wp","href":"https:\/\/api.w.org\/{rel}","templated":true}]}}