{"id":61502,"date":"2015-12-14T13:52:24","date_gmt":"2015-12-14T13:52:24","guid":{"rendered":"https:\/\/jardinexotiqueroscoff.com\/produit\/fascicularia-bicolor\/"},"modified":"2025-11-24T13:37:08","modified_gmt":"2025-11-24T13:37:08","slug":"fascicularia-bicolor","status":"publish","type":"product","link":"https:\/\/jardinexotiqueroscoff.com\/de\/produit\/fascicularia-bicolor\/","title":{"rendered":"Fascicularia bicolor"},"content":{"rendered":"<div id=\"dslc-theme-content\"><div id=\"dslc-theme-content-inner\"><div class=\"wpb-content-wrapper\"><p>[vc_row][vc_column][vc_column_text]Zusammenfassung: Fascicularia bicolor ist eine Pflanze aus der Familie der Bromeliaceae, die in Chile beheimatet ist.<\/p>\n<p><!--more--><\/p>\n<p>Botanischer Name: Fascicularia bicolor (Ruiz &amp; Pav.) Mez<\/p>\n<p>Synonym: Fascicularia pitcairniifolia (B.Verl.) Mez<\/p>\n<p>Synonym: Hechtia pitcairniifolia B.Verl.<\/p>\n<p>Familie: Bromeliaceae<\/p>\n<p>Herkunft: Chile<\/p>\n<p>Gew\u00f6hnlicher Name: Fascicularia<\/p>\n<p>Winterh\u00e4rte: ca. -10\u00b0C \u00fcber einen kurzen Zeitraum und in sehr durchl\u00e4ssigen B\u00f6den gepflanzt.<\/p>\n<p>Fascicularia bicolor ist eine epiphytische Landpflanze aus Chile, die zur Familie der Ananasgew\u00e4chse (Bromeliaceae) geh\u00f6rt. Sie w\u00e4chst auf felsigen Fl\u00e4chen in den Bergen. Sie w\u00e4chst langsam und bildet innerhalb von etwa 20 Jahren einen B\u00fcschel von einigen Metern Breite. Das Laub ist immergr\u00fcn. Die Bl\u00e4tter sind von Stacheln ges\u00e4umt. Die Bl\u00fctezeit ist im Herbst in der Bretagne: Die Bl\u00e4tter f\u00e4rben sich vor der Bl\u00fcte rot und die dreibl\u00e4ttrigen Bl\u00fcten sind hellblau.<\/p>\n<p>[\/vc_column_text][\/vc_column][\/vc_row]<\/p>\n<\/div><\/div><\/div>","protected":false},"excerpt":{"rendered":"<p>[vc_row][vc_column][vc_column_text]Zusammenfassung: Fascicularia bicolor ist eine Pflanze aus der Familie der Bromeliaceae, die in Chile beheimatet ist.<\/p>\n","protected":false},"featured_media":59944,"template":"","meta":[],"product_brand":[],"product_cat":[535,545,640,670,534],"product_tag":[],"class_list":{"0":"post-61502","1":"product","2":"type-product","3":"status-publish","4":"has-post-thumbnail","6":"product_cat-bromeliaceae-de","7":"product_cat-chile-de","8":"product_cat-epiphyt","9":"product_cat-fascicularia-de","10":"product_cat-irdischer-epiphyt","12":"first","13":"instock","14":"featured","15":"shipping-taxable","16":"product-type-simple"},"_links":{"self":[{"href":"https:\/\/jardinexotiqueroscoff.com\/de\/wp-json\/wp\/v2\/product\/61502","targetHints":{"allow":["GET"]}}],"collection":[{"href":"https:\/\/jardinexotiqueroscoff.com\/de\/wp-json\/wp\/v2\/product"}],"about":[{"href":"https:\/\/jardinexotiqueroscoff.com\/de\/wp-json\/wp\/v2\/types\/product"}],"wp:featuredmedia":[{"embeddable":true,"href":"https:\/\/jardinexotiqueroscoff.com\/de\/wp-json\/wp\/v2\/media\/59944"}],"wp:attachment":[{"href":"https:\/\/jardinexotiqueroscoff.com\/de\/wp-json\/wp\/v2\/media?parent=61502"}],"wp:term":[{"taxonomy":"product_brand","embeddable":true,"href":"https:\/\/jardinexotiqueroscoff.com\/de\/wp-json\/wp\/v2\/product_brand?post=61502"},{"taxonomy":"product_cat","embeddable":true,"href":"https:\/\/jardinexotiqueroscoff.com\/de\/wp-json\/wp\/v2\/product_cat?post=61502"},{"taxonomy":"product_tag","embeddable":true,"href":"https:\/\/jardinexotiqueroscoff.com\/de\/wp-json\/wp\/v2\/product_tag?post=61502"}],"curies":[{"name":"wp","href":"https:\/\/api.w.org\/{rel}","templated":true}]}}