{"id":61499,"date":"2019-06-25T13:57:35","date_gmt":"2019-06-25T13:57:35","guid":{"rendered":"https:\/\/jardinexotiqueroscoff.com\/produit\/aloe-cooperi\/"},"modified":"2025-11-24T13:38:58","modified_gmt":"2025-11-24T13:38:58","slug":"aloe-cooperi","status":"publish","type":"product","link":"https:\/\/jardinexotiqueroscoff.com\/de\/produit\/aloe-cooperi\/","title":{"rendered":"Aloe cooperi"},"content":{"rendered":"<div id=\"dslc-theme-content\"><div id=\"dslc-theme-content-inner\"><div class=\"wpb-content-wrapper\"><p>[vc_row][vc_column][vc_column_text]Aloe cooperi ist eine s\u00fcdafrikanische Sukkulente, die in trockenen, feuchten oder felsigen Gebieten in Natal, Swasiland und Mpumalanga, insbesondere im Zulu-Land, w\u00e4chst.<\/p>\n<p>Botanischer Name: Aloe cooperi Baker<\/p>\n<p>Familie: Aloaceae, Xanthorrhoeaceae, Asphodelaceae<\/p>\n<p>Herkunft: S\u00fcdafrika<\/p>\n<p>Gebr\u00e4uchlicher Name: Cooper's Aloe, Grass Aloe, Krautaloe<\/p>\n<p>Winterh\u00e4rte: Zone 8 in S\u00fcdafrika, Zone 9 in Frankreich (ca. -7\u00b0C)<\/p>\n<p>Aloe cooperi ist eine Grass Aloe oder krautige Aloe mit sommergr\u00fcnem Laub in der Bretagne. Es trocknet und sch\u00fctzt die Pflanze w\u00e4hrend des Winters und diese getrockneten Bl\u00e4tter sollten nicht vor dem Ende des Frostes entfernt werden. Der Stiel ist etwa 15 cm hoch. Der Bl\u00fctenstand ist h\u00f6her. Die Bl\u00fctezeit ist im Sommer oder Herbst. Die Zulu k\u00f6nnen diese Pflanze als Gem\u00fcse (junge Triebe und Bl\u00fcten) verwenden. Diese Art wird von V\u00f6geln best\u00e4ubt.[\/vc_column_text][\/vc_column][\/vc_row]<\/p>\n<\/div><\/div><\/div>","protected":false},"excerpt":{"rendered":"<p>Kurzbeschreibung<\/p>\n","protected":false},"featured_media":60050,"template":"","meta":[],"product_brand":[],"product_cat":[446,447,449,492,676,437,448],"product_tag":[451],"class_list":{"0":"post-61499","1":"product","2":"type-product","3":"status-publish","4":"has-post-thumbnail","6":"product_cat-aloaceae-de","7":"product_cat-aloe-de","8":"product_cat-aloe-vera","9":"product_cat-asphodelaceae-de","10":"product_cat-grass-aloe-de","11":"product_cat-sudafrika","12":"product_cat-xanthorrhoeaceae-de","13":"product_tag-sukkulente","15":"first","16":"instock","17":"featured","18":"shipping-taxable","19":"product-type-simple"},"_links":{"self":[{"href":"https:\/\/jardinexotiqueroscoff.com\/de\/wp-json\/wp\/v2\/product\/61499","targetHints":{"allow":["GET"]}}],"collection":[{"href":"https:\/\/jardinexotiqueroscoff.com\/de\/wp-json\/wp\/v2\/product"}],"about":[{"href":"https:\/\/jardinexotiqueroscoff.com\/de\/wp-json\/wp\/v2\/types\/product"}],"wp:featuredmedia":[{"embeddable":true,"href":"https:\/\/jardinexotiqueroscoff.com\/de\/wp-json\/wp\/v2\/media\/60050"}],"wp:attachment":[{"href":"https:\/\/jardinexotiqueroscoff.com\/de\/wp-json\/wp\/v2\/media?parent=61499"}],"wp:term":[{"taxonomy":"product_brand","embeddable":true,"href":"https:\/\/jardinexotiqueroscoff.com\/de\/wp-json\/wp\/v2\/product_brand?post=61499"},{"taxonomy":"product_cat","embeddable":true,"href":"https:\/\/jardinexotiqueroscoff.com\/de\/wp-json\/wp\/v2\/product_cat?post=61499"},{"taxonomy":"product_tag","embeddable":true,"href":"https:\/\/jardinexotiqueroscoff.com\/de\/wp-json\/wp\/v2\/product_tag?post=61499"}],"curies":[{"name":"wp","href":"https:\/\/api.w.org\/{rel}","templated":true}]}}