{"id":61498,"date":"2019-06-25T13:57:24","date_gmt":"2019-06-25T13:57:24","guid":{"rendered":"https:\/\/jardinexotiqueroscoff.com\/produit\/leucospermum-praecox\/"},"modified":"2025-11-24T13:37:07","modified_gmt":"2025-11-24T13:37:07","slug":"leucospermum-praecox","status":"publish","type":"product","link":"https:\/\/jardinexotiqueroscoff.com\/de\/produit\/leucospermum-praecox\/","title":{"rendered":"Leucospermum praecox"},"content":{"rendered":"<div id=\"dslc-theme-content\"><div id=\"dslc-theme-content-inner\"><div class=\"wpb-content-wrapper\"><p>[vc_row][vc_column][vc_column_text]Zusammenfassung: Leucospermum praecox ist eine Pflanze aus der Familie der Proteaceae.<br \/>\n<!--more--><\/p>\n<p>Botanischer Name: Leucospermum praecox Rourke<\/p>\n<p>Familie: Proteaceae<\/p>\n<p>Herkunft: S\u00fcdafrika<\/p>\n<p>Allgemeine Bezeichnung: Nadelkissen<\/p>\n<p>Winterh\u00e4rte: -4\u00b0C<\/p>\n<p>IUCN Red List: Vu (gef\u00e4hrdet)<\/p>\n<p><strong>Beschreibung<\/strong><\/p>\n<p>Leucospermum praecox ist ein Strauch aus der Familie der Proteaceae, der 2-3 m hoch und ebenso breit werden kann. Die Bl\u00fcten erscheinen im sp\u00e4ten Fr\u00fchjahr. Er ist in seinem Lebensraum durch die Landwirtschaft bedroht. Er w\u00e4chst in den Riversdale Plains zwischen der Meeresk\u00fcste und 250 m H\u00f6he. Der fleischige Teil der Samen wird von Ameisen gefressen, die die Samen in ihren Ameisenhaufen bringen, wo sie vor Br\u00e4nden gesch\u00fctzt werden, w\u00e4hrend die Pflanze stirbt.[\/vc_column_text][\/vc_column][\/vc_row]<\/p>\n<\/div><\/div><\/div>","protected":false},"excerpt":{"rendered":"<p>[vc_row][vc_column][vc_column_text]Zusammenfassung: Leucospermum praecox ist eine Pflanze aus der Familie der Proteaceae.<\/p>\n","protected":false},"featured_media":60840,"template":"","meta":[],"product_brand":[],"product_cat":[515,516,435,437],"product_tag":[517,518,438],"class_list":{"0":"post-61498","1":"product","2":"type-product","3":"status-publish","4":"has-post-thumbnail","6":"product_cat-leucospermum-de","7":"product_cat-nadelkissen","8":"product_cat-proteaceae-de","9":"product_cat-sudafrika","10":"product_tag-proteacea","11":"product_tag-rote-liste","12":"product_tag-strauch","14":"first","15":"instock","16":"featured","17":"shipping-taxable","18":"product-type-simple"},"_links":{"self":[{"href":"https:\/\/jardinexotiqueroscoff.com\/de\/wp-json\/wp\/v2\/product\/61498","targetHints":{"allow":["GET"]}}],"collection":[{"href":"https:\/\/jardinexotiqueroscoff.com\/de\/wp-json\/wp\/v2\/product"}],"about":[{"href":"https:\/\/jardinexotiqueroscoff.com\/de\/wp-json\/wp\/v2\/types\/product"}],"wp:featuredmedia":[{"embeddable":true,"href":"https:\/\/jardinexotiqueroscoff.com\/de\/wp-json\/wp\/v2\/media\/60840"}],"wp:attachment":[{"href":"https:\/\/jardinexotiqueroscoff.com\/de\/wp-json\/wp\/v2\/media?parent=61498"}],"wp:term":[{"taxonomy":"product_brand","embeddable":true,"href":"https:\/\/jardinexotiqueroscoff.com\/de\/wp-json\/wp\/v2\/product_brand?post=61498"},{"taxonomy":"product_cat","embeddable":true,"href":"https:\/\/jardinexotiqueroscoff.com\/de\/wp-json\/wp\/v2\/product_cat?post=61498"},{"taxonomy":"product_tag","embeddable":true,"href":"https:\/\/jardinexotiqueroscoff.com\/de\/wp-json\/wp\/v2\/product_tag?post=61498"}],"curies":[{"name":"wp","href":"https:\/\/api.w.org\/{rel}","templated":true}]}}